{"id":181,"date":"2017-03-09T13:19:48","date_gmt":"2017-03-09T13:19:48","guid":{"rendered":"http:\/\/help.unhcr.org\/greece\/where-to-seek-help\/other-services\/"},"modified":"2026-03-16T15:24:44","modified_gmt":"2026-03-16T15:24:44","slug":"other-services","status":"publish","type":"page","link":"https:\/\/help.unhcr.org\/greece\/fr\/where-to-seek-help\/other-services\/","title":{"rendered":"Ressources d&rsquo;information"},"content":{"rendered":"\n<p class=\"has-text-align-center has-white-color has-text-color has-background has-link-color has-medium-font-size wp-elements-751ec4d66630fbdee8893a49ce6192de\" style=\"background-color:#0072bc\"><span lang=\"FR\"><strong>Refugee.info<\/strong><\/span><\/p>\n\n\n\n<p>Sur le site Refugee.Info, vous pouvez trouver des informations sur des sujets tels que le processus d&rsquo;asile, les droits l\u00e9gaux, les soins de sant\u00e9, l&rsquo;\u00e9ducation, le travail et bien d&rsquo;autres, y compris les services disponibles en Gr\u00e8ce par des organisations qui offrent assistance et soutien. L&rsquo;objectif est de combler le manque d&rsquo;information qui existe souvent pour les r\u00e9fugi\u00e9s, de fournir un soutien, d&rsquo;aider les gens \u00e0 acc\u00e9der aux services et \u00e0 exercer leurs droits.<\/p>\n\n\n\n<p>Sur le site Refugee.Info, vous pouvez trouver:<\/p>\n\n\n\n<p>Des informations en anglais, arabe, ourdou, fran\u00e7ais, farsi, somali et ukrainien.<\/p>\n\n\n\n<p>Des informations qui sont pr\u00e9cises, \u00e0 jour, pertinentes et utiles<\/p>\n\n\n\n<p>Visitez le site web Refugee.Info \u00e0 l&rsquo;adresse suivante: <a href=\"https:\/\/greece.refugee.info\/\">https:\/\/greece.refugee.info\/<\/a> <\/p>\n\n\n\n<p>Comment utiliser le site<\/p>\n\n\n\n<p><strong>Informations<\/strong>: Cliquez sur &laquo;&nbsp;INFORMATION&nbsp;&raquo; dans le menu pour voir une liste compl\u00e8te des sujets.<\/p>\n\n\n\n<p><strong>Services<\/strong>: Cliquez sur le mot &laquo;&nbsp;SERVICES&nbsp;&raquo; pour voir toutes les cat\u00e9gories de services publics et ONG dans votre r\u00e9gion en Gr\u00e8ce.<\/p>\n\n\n\n<p><strong>Envoyez un message sur <\/strong><a href=\"https:\/\/www.facebook.com\/refugee.info\/\"><strong>Messenger<\/strong><\/a><strong> ou <\/strong><a href=\"https:\/\/www.whatsapp.com\/channel\/0029VaOA5d6It5rxJI9UTS24\"><strong>WhatsApp<\/strong><\/a><\/p>\n\n\n\n<p><strong>Suivez-nous sur <\/strong><a href=\"https:\/\/www.facebook.com\/refugee.info\/\"><strong>Facebook<\/strong><\/a><strong> et abonnez-vous \u00e0 nos cha\u00eenes sur <\/strong><a href=\"https:\/\/t.me\/refugee_info_eng\"><strong>Telegram<\/strong><\/a><strong> et <\/strong><a href=\"https:\/\/www.whatsapp.com\/channel\/0029VaOA5d6It5rxJI9UTS24\"><strong>WhatsApp<\/strong><\/a><\/p>\n\n\n\n<p>Si vous souhaitez parler \u00e0 l&rsquo;un des membres de l&rsquo;\u00e9quipe, envoyez votre texte par Facebook Messenger dans l&rsquo;une des langues ci-dessus.<\/p>\n\n\n\n<p>Veuillez noter que l&rsquo;\u00e9quipe de Refugee.Info respecte et maintient la s\u00e9curit\u00e9 et la confidentialit\u00e9 des informations que vous partagerez.<\/p>\n\n\n\n<hr class=\"wp-block-separator has-alpha-channel-opacity\"\/>\n\n\n\n<p class=\"has-text-align-center has-white-color has-text-color has-background has-link-color wp-elements-60d64b5d36644de6b32b6c8cc123041d\" style=\"background-color:#0072bc\"><strong>Guides pour les demandeurs d&rsquo;asile et les r\u00e9fugi\u00e9s<\/strong><\/p>\n\n\n\n<p>Ces deux guides r\u00e9pertorient les prestataires de services pour les demandeurs d&rsquo;asile et les r\u00e9fugi\u00e9s s\u00e9journant respectivement \u00e0 Ath\u00e8nes et \u00e0 Thessalonique, et sont produits par Refugee.Info en partenariat avec le HCR. Les organisations r\u00e9pertori\u00e9es dans ces guides offrent une assistance gratuite. Les services comprennent des soins m\u00e9dicaux, des conseils sociaux, de soutien psychologique, des services de soins et d&rsquo;hygi\u00e8ne, d\u2019aide juridique, des repas, d\u2019abri, d\u2019aide mat\u00e9rielle, d\u2019\u00e9ducation, des services pour les personnes vivant avec le \u0397\u0399V\/SIDA, ainsi que des services pour les personnes discrimin\u00e9es en raison de leur identit\u00e9 de genre\/expression et\/ou pr\u00e9f\u00e9rence sexuelle.<\/p>\n\n\n\n<p>Les guides incluent \u00e9galement informations sur les autorit\u00e9s ind\u00e9pendantes o\u00f9 vous pouvez demander de l&rsquo;aide en cas de violation de vos droits par les services publics, des entit\u00e9s priv\u00e9es, des personnes physiques ou morales.<\/p>\n\n\n\n<p class=\"has-text-align-center has-white-color has-text-color has-background has-link-color wp-elements-9160c254e3dfc7851fc59a6820087c52\" style=\"background-color:#0072bc\"><strong>Guide d&rsquo;Ath\u00e8nes<\/strong><\/p>\n\n\n\n<p>Le guide d&rsquo;Ath\u00e8nes peut \u00eatre trouv\u00e9 ici: <a href=\"https:\/\/help.unhcr.org\/greece\/wp-content\/uploads\/sites\/6\/2024\/01\/2024-City-Guide-Athens.pdf\">2024 City Guide &#8211; Athens<\/a><\/p>\n\n\n\n<p class=\"has-text-align-center has-white-color has-text-color has-background has-link-color wp-elements-8c0e49600183871f70cb8c22f480fa53\" style=\"background-color:#0072bc\"><strong>Guide de Thessalonique<\/strong><\/p>\n\n\n\n<p>Le guide de Thessalonique peut \u00eatre trouv\u00e9 ici: <a href=\"https:\/\/help.unhcr.org\/greece\/wp-content\/uploads\/sites\/6\/2024\/01\/2024-City-Guide-Thessaloniki.pdf\">2024 City Guide &#8211; Thessaloniki<\/a><\/p>\n\n\n\n<p class=\"has-text-align-center has-white-color has-text-color has-background has-link-color wp-elements-f8489acd5a98c72b5ad411242948c8cd\" style=\"background-color:#0072bc\"><strong>Dictionnaire<\/strong><\/p>\n\n\n\n<p>Ce dictionnaire a \u00e9t\u00e9 r\u00e9alis\u00e9 pour vous. Il est destin\u00e9 \u00e0 aider les r\u00e9fugi\u00e9s et les migrants qui se trouvent en Gr\u00e8ce. Veuillez le porter avec vous. Vous pouvez l\u2019utiliser pour faciliter votre communication avec les personnes grecques qui sont en contact avec vous, afin de demander des informations g\u00e9n\u00e9rales, ainsi que des informations sur des questions li\u00e9es aux conditions de vie, \u00e0 l\u2019alimentation, \u00e0 la sant\u00e9 et \u00e0 la protection. Des chapitres sp\u00e9ciaux sont consacr\u00e9s aux femmes et aux enfants non accompagn\u00e9s.<\/p>\n\n\n\n<p>La pr\u00e9sente \u00e9dition du mini dictionnaire introduit un nouveau vocabulaire relatif aux services publics, \u00e0 l\u2019\u00e9ducation, au mode de vie et \u00e0 la culture en Gr\u00e8ce, qui facilitera votre acc\u00e8s aux services et votre int\u00e9gration dans l\u2019environnement social.<\/p>\n\n\n\n<p>(PDF files):&nbsp;<a href=\"https:\/\/help.unhcr.org\/greece\/wp-content\/uploads\/sites\/6\/2022\/12\/Arabic_Ben_3rd_Edition_2022_Web-2.pdf\">Arabic \/ Greek<\/a>&nbsp; |&nbsp;&nbsp;<a href=\"https:\/\/help.unhcr.org\/greece\/wp-content\/uploads\/sites\/6\/2025\/06\/Farsi_Ben_3rd_Edition_2022_Web-1.pdf\">Farsi \/ Greek<\/a>&nbsp; |&nbsp;&nbsp;<a href=\"https:\/\/help.unhcr.org\/greece\/wp-content\/uploads\/sites\/6\/2022\/12\/French_Ben_3rd_Edition_2022_Web.pdf\">French \/ Greek<\/a>&nbsp; |&nbsp;&nbsp;<a href=\"https:\/\/help.unhcr.org\/greece\/wp-content\/uploads\/sites\/6\/2022\/12\/Kurmanji_Ben_3rd_Edition_2022_Web.pdf\">Kurmanji \/ Greek<\/a>&nbsp; |&nbsp;&nbsp;<a href=\"https:\/\/help.unhcr.org\/greece\/wp-content\/uploads\/sites\/6\/2022\/12\/Sorani_Ben_3rd_Edition_2022_Web.pdf\">Sorani \/ Greek<\/a>&nbsp; |&nbsp;&nbsp;<a href=\"https:\/\/help.unhcr.org\/greece\/wp-content\/uploads\/sites\/6\/2022\/12\/Turkish_Ben_3rd_Edition_2022_Web-1.pdf\" target=\"_blank\" rel=\"noreferrer noopener\">Turkish \/ Greek&nbsp;<\/a>&nbsp;|&nbsp;&nbsp;<a href=\"https:\/\/help.unhcr.org\/greece\/wp-content\/uploads\/sites\/6\/2022\/12\/Urdu_Ben_3rd_Edition_2022_Web.pdf\">Urdu \/ Greek<\/a>&nbsp;<a href=\"https:\/\/help.unhcr.org\/greece\/wp-content\/uploads\/sites\/6\/2022\/12\/Ukranian_Ben_3rd_Edition_2022_Web.pdf\" target=\"_blank\" rel=\"noreferrer noopener\">Ukrainian \/ Greek<\/a><\/p>\n\n\n\n<p><em>Cette section \u00abautres services\u00bb du site Web du \u00ab&nbsp;partenaire HELP&nbsp;\u00bb peut contenir des liens et des r\u00e9f\u00e9rences \u00e0 des sites Web tiers. Les sites li\u00e9s ne sont pas sous le contr\u00f4le du HCR, et le HCR n&rsquo;est pas responsable du contenu des sites li\u00e9s. Le HCR fournit ces liens uniquement \u00e0 des fins de recherche et de fourniture d&rsquo;informations, et l&rsquo;inclusion d&rsquo;un lien ou d&rsquo;une r\u00e9f\u00e9rence n&rsquo;implique pas l&rsquo;approbation du site li\u00e9 par le HCR.<\/em><\/p>\n\n\n\n<p><\/p>\n","protected":false},"excerpt":{"rendered":"<p>Refugee.info Sur le site Refugee.Info, vous pouvez trouver des informations sur des sujets tels que le processus d&rsquo;asile, les droits l\u00e9gaux, les soins de sant\u00e9, l&rsquo;\u00e9ducation, le travail et bien d&rsquo;autres, y compris les services disponibles en Gr\u00e8ce par des organisations qui offrent assistance et soutien. L&rsquo;objectif est de combler le manque d&rsquo;information qui existe [&hellip;]<\/p>\n","protected":false},"author":1,"featured_media":0,"parent":125,"menu_order":9,"comment_status":"closed","ping_status":"closed","template":"","meta":{"_acf_changed":false,"footnotes":""},"class_list":["post-181","page","type-page","status-publish","hentry"],"acf":[],"_links":{"self":[{"href":"https:\/\/help.unhcr.org\/greece\/fr\/wp-json\/wp\/v2\/pages\/181","targetHints":{"allow":["GET"]}}],"collection":[{"href":"https:\/\/help.unhcr.org\/greece\/fr\/wp-json\/wp\/v2\/pages"}],"about":[{"href":"https:\/\/help.unhcr.org\/greece\/fr\/wp-json\/wp\/v2\/types\/page"}],"author":[{"embeddable":true,"href":"https:\/\/help.unhcr.org\/greece\/fr\/wp-json\/wp\/v2\/users\/1"}],"replies":[{"embeddable":true,"href":"https:\/\/help.unhcr.org\/greece\/fr\/wp-json\/wp\/v2\/comments?post=181"}],"version-history":[{"count":44,"href":"https:\/\/help.unhcr.org\/greece\/fr\/wp-json\/wp\/v2\/pages\/181\/revisions"}],"predecessor-version":[{"id":30514,"href":"https:\/\/help.unhcr.org\/greece\/fr\/wp-json\/wp\/v2\/pages\/181\/revisions\/30514"}],"up":[{"embeddable":true,"href":"https:\/\/help.unhcr.org\/greece\/fr\/wp-json\/wp\/v2\/pages\/125"}],"wp:attachment":[{"href":"https:\/\/help.unhcr.org\/greece\/fr\/wp-json\/wp\/v2\/media?parent=181"}],"curies":[{"name":"wp","href":"https:\/\/api.w.org\/{rel}","templated":true}]}}