{"id":1771,"date":"2020-03-27T13:19:52","date_gmt":"2020-03-27T13:19:52","guid":{"rendered":"http:\/\/help.unhcr.org\/greece\/?page_id=1771"},"modified":"2020-04-26T08:26:49","modified_gmt":"2020-04-26T08:26:49","slug":"thessalonique","status":"publish","type":"page","link":"https:\/\/help.unhcr.org\/greece\/fr\/a-propos-du-coronavirus\/thessalonique\/","title":{"rendered":"Thessalonique"},"content":{"rendered":"\n<h2 class=\"wp-block-heading\"><strong>Mise \u00e0 jour de\nThessalonique sur la prestation de services \u00e0 la suite de l\u2019\u00e9pid\u00e9mie du\nCORONAVIRUS<\/strong><\/h2>\n\n\n\n<p> <\/p>\n\n\n\n<p class=\"has-text-color has-background has-medium-font-size has-very-light-gray-color has-vivid-cyan-blue-background-color\"><strong>Services Municipaux<\/strong><\/p>\n\n\n\n<p>Toutes les personnes qui\nsouhaitent communiquer avec les services municipaux, merci de contacter les\nnum\u00e9ros suivants. Vous recevrez du soutien par t\u00e9l\u00e9phone. &nbsp;Un rendez-vous pourrait vous \u00eatre offert \u00e0\ntitre exceptionnel. Vous \u00eates pri\u00e9 de ne pas proc\u00e9der directement aux locaux\nmunicipaux. <\/p>\n\n\n\n<p>Les services mentionn\u00e9s\nci-dessous sont accessibles du lundi au vendredi entre 08.00-14.00 et fonctionnent\navec un personnel minimum. <\/p>\n\n\n\n<p>\u2022Centre\nd\u2019int\u00e9gration des migrants (KEM) tel : 231331-8647, 231331-8623<\/p>\n\n\n\n<p>\u2022Centre de jour\npour les sans-abris tel : +30 2310 527938<\/p>\n\n\n\n<p>\u2022Refuge pour\nsans-abris tel : +30 2310 528811<\/p>\n\n\n\n<p>*Veuillez noter que le refuge\npour sans-abri a suspendu les nouvelles admissions<\/p>\n\n\n\n<p class=\"has-text-color has-background has-medium-font-size has-very-light-gray-color has-vivid-cyan-blue-background-color\"><strong>H\u00f4pitaux en Gr\u00e8ce du Nord<\/strong><\/p>\n\n\n\n<p>Tous les h\u00f4pitaux en\nGr\u00e8ce fonctionnent actuellement sur appel (\u03b5\u03c6\u03b7\u03bc\u03b5\u03c1\u03af\u03b1) et, par cons\u00e9quent, tous les rendez-vous r\u00e9guliers pris\navant l\u2019\u00e9pid\u00e9mie du COVID-19 sont annul\u00e9s. Les personnes avec des probl\u00e8mes de\nsant\u00e9 urgents doivent se rendre \u00e0 la salle d\u2019urgence de l\u2019h\u00f4pital de garde le\nplus proche. Les personnes pr\u00e9sentant des sympt\u00f4mes du COVID-19 (fi\u00e8vre, toux\nou essoufflement) doivent appeler la ligne d\u2019assistance de l\u2019Organisation\nnationale de la sant\u00e9 publique (EODY) : 210-521-2054<\/p>\n\n\n\n<p class=\"has-text-color has-background has-medium-font-size has-very-light-gray-color has-vivid-cyan-blue-background-color\"><strong>F\u00e9d\u00e9ration Internationale\nde la Croix Rouge (FICR\/IFRC)<\/strong><\/p>\n\n\n\n<p>Conform\u00e9ment aux mesures\nde pr\u00e9vention de la pand\u00e9mie du Coronovirus, le Centre Multifonctionnel de la\nCroix Rouge (MFC) de Thessalonique NE PERMET PAS l\u2019acc\u00e8s des personnes \u00e0\nl\u2019int\u00e9rieur de leurs locaux. Toutes les demandes de renseignements concernant\nl\u2019assistance mon\u00e9taire doivent \u00eatre trait\u00e9es par l\u2019interm\u00e9diaire de la ligne\nd\u2019assistance +30 210 330 0170, du lundi au vendredi de 9 h \u00e0 15 h (voir\nl\u2019affiche ci-jointe).<\/p>\n\n\n\n<p>Si vous avez besoin de\ncommuniquer avec le HCR ou le Service Social de la F\u00e9d\u00e9ration Internationale de\nla Croix Rouge, veuillez communiquer avec le MFC, du lundi au vendredi, de 9 h\n\u00e0 15 h, afin de prendre rendez-vous. Vous pouvez \u00e9galement contacter le MFC au\n+30 2310 270 914, +30 2310 270 496 ou par WhatsApp \u2013 Viber : 6971 736 250. La\npersonne responsable du IFRC ou du HCR vous donnera rendez-vous pour un\nentretien \u00e0 la date la plus rapproch\u00e9e.<\/p>\n\n\n\n<p class=\"has-text-color has-background has-medium-font-size has-very-light-gray-color has-vivid-cyan-blue-background-color\"><strong>Service de Rue \u00e0\nThessaloniki&nbsp;: Arsis pour les enfants sans abri non accompagn\u00e9s<\/strong><\/p>\n\n\n\n<p>Toute personne de moins de 18 ans qui n\u2019est pas accompagn\u00e9e de sa m\u00e8re ou de son p\u00e8re et qui est actuellement sans abri dans la r\u00e9gion de Thessalonique, peut contacter le service de rue Arsis pour les enfants non accompagn\u00e9s <strong>au +30 6908070490<\/strong>, tous les jours entre 10.00 et 18.00, ou par courriel <a href=\"mailto:Arsis.streetwork@gmail.com\">Arsis.streetwork@gmail.com<\/a><\/p>\n\n\n\n<p class=\"has-text-color has-background has-medium-font-size has-very-light-gray-color has-vivid-cyan-blue-background-color\"><strong> Information sur les services gratuits \u00e0 Thessalonique pendant la pand\u00e9mie du CORONAVIRUS. <\/strong><\/p>\n\n\n\n<p>Ce lien sera mis \u00e0 jour r\u00e9guli\u00e8rement.<br> <a href=\"http:\/\/shorturl.at\/gjw34\">shorturl.at\/gjw34<\/a> <\/p>\n\n\n\n<p class=\"has-text-color has-background has-medium-font-size has-very-light-gray-color has-vivid-cyan-blue-background-color\"><strong>DIOTIMA-Thessalonique<\/strong><\/p>\n\n\n\n<p>Services de\nsoutien en mati\u00e8re de violence sexuelle et sexiste<\/p>\n\n\n\n<p>Dans le cadre des\nmesures visant \u00e0 pr\u00e9venir et \u00e0 limiter la propagation de COVID-19 en Gr\u00e8ce, le\nCentre Diotima a adapt\u00e9 son fonctionnement au nouveau contexte, en permettant \u00e0\nson personnel de travailler \u00e0 distance.<\/p>\n\n\n\n<p>Ainsi, Diotima\ncontinue \u00e0 fournir des services d&rsquo;aide psychosociale et juridique \u00e0 distance\naux r\u00e9fugi\u00e9s survivants de la violence sexiste.<\/p>\n\n\n\n<p><strong>t\u00e9l\u00e9phone<\/strong> : 2310534445 (09.00-17.00)<\/p>\n\n\n\n<p><strong>whatsApp<\/strong> : 6975872416<\/p>\n\n\n\n<p><strong>Courriel<\/strong> : urban.thessaloniki.diotima@gmail.com <\/p>\n\n\n\n<p><strong>Langues disponibles<\/strong> : Arabe, farsi, turc <\/p>\n","protected":false},"excerpt":{"rendered":"<p>Mise \u00e0 jour de Thessalonique sur la prestation de services \u00e0 la suite de l\u2019\u00e9pid\u00e9mie du CORONAVIRUS Services Municipaux Toutes les personnes qui souhaitent communiquer avec les services municipaux, merci de contacter les num\u00e9ros suivants. Vous recevrez du soutien par t\u00e9l\u00e9phone. &nbsp;Un rendez-vous pourrait vous \u00eatre offert \u00e0 titre exceptionnel. Vous \u00eates pri\u00e9 de ne [&hellip;]<\/p>\n","protected":false},"author":26,"featured_media":0,"parent":1657,"menu_order":0,"comment_status":"closed","ping_status":"closed","template":"","meta":{"_acf_changed":false,"footnotes":""},"class_list":["post-1771","page","type-page","status-publish","hentry"],"acf":[],"_links":{"self":[{"href":"https:\/\/help.unhcr.org\/greece\/fr\/wp-json\/wp\/v2\/pages\/1771","targetHints":{"allow":["GET"]}}],"collection":[{"href":"https:\/\/help.unhcr.org\/greece\/fr\/wp-json\/wp\/v2\/pages"}],"about":[{"href":"https:\/\/help.unhcr.org\/greece\/fr\/wp-json\/wp\/v2\/types\/page"}],"author":[{"embeddable":true,"href":"https:\/\/help.unhcr.org\/greece\/fr\/wp-json\/wp\/v2\/users\/26"}],"replies":[{"embeddable":true,"href":"https:\/\/help.unhcr.org\/greece\/fr\/wp-json\/wp\/v2\/comments?post=1771"}],"version-history":[{"count":4,"href":"https:\/\/help.unhcr.org\/greece\/fr\/wp-json\/wp\/v2\/pages\/1771\/revisions"}],"predecessor-version":[{"id":2607,"href":"https:\/\/help.unhcr.org\/greece\/fr\/wp-json\/wp\/v2\/pages\/1771\/revisions\/2607"}],"up":[{"embeddable":true,"href":"https:\/\/help.unhcr.org\/greece\/fr\/wp-json\/wp\/v2\/pages\/1657"}],"wp:attachment":[{"href":"https:\/\/help.unhcr.org\/greece\/fr\/wp-json\/wp\/v2\/media?parent=1771"}],"curies":[{"name":"wp","href":"https:\/\/api.w.org\/{rel}","templated":true}]}}