{"id":17078,"date":"2023-06-20T10:21:29","date_gmt":"2023-06-20T10:21:29","guid":{"rendered":"https:\/\/help.unhcr.org\/greece\/?page_id=17078"},"modified":"2023-06-20T10:21:29","modified_gmt":"2023-06-20T10:21:29","slug":"chios","status":"publish","type":"page","link":"https:\/\/help.unhcr.org\/greece\/fr\/where-to-seek-help\/assistance-juridique-gratuite\/chios\/","title":{"rendered":"Chios"},"content":{"rendered":"\n<p>Si vous avez besoin d\u2019aide l\u00e9gale, vous pouvez consulter n\u2019importe laquelle des ONG ci-dessous qui offrent des conseils juridiques gratuits \u00e0 <strong>CHIOS<\/strong><\/p>\n\n\n\n<p>Il est recommand\u00e9 de t\u00e9l\u00e9phoner d\u2019abord pour v\u00e9rifier la disponibilit\u00e9 des services d\u2019appui et les horaires de fonctionnement<\/p>\n\n\n\n<p>\u00a0\u00a0\u00a0\u00a0\u00a0\u00a0\u00a0\u00a0\u00a0\u00a0\u00a0\u00a0 1. \u039c\u0395\u03a4\u0391drasi assistance l\u00e9gale: O\u00f9: \u00e0 KED de Chios (VIAL) chaque Mardi et Jeudi aux heures 12:00-14:00 (Conseil Juridique et repr\u00e9sentation pour les proc\u00e9dures d\u2019asile (premier degr\u00e9, recours, regroupement familial etc.) T\u00e9l: +30 6986074125<\/p>\n\n\n\n<hr class=\"wp-block-separator has-alpha-channel-opacity\" \/>\n\n\n\n<p>2. Equal Rights Beyond Borders. O\u00f9\u00a0? &#8211; Avenue Mitropolitou Polycarpou No 1 -Conseil juridique et repr\u00e9sentation pour les proc\u00e9dures d\u2019asile (premier degr\u00e9, recours, regroupement familial etc.) &#8211; Quand? Lundi- Vendredi| 9:00 -17:00, Comment\u00a0? &#8211; Pour prendre un rendez-vous envoyez un message sur WhatsApp ou appelez au:  +30 694 470 7738 (fran\u00e7ais)  +30 694 553 1748 (toutes les langues except\u00e9 le fran\u00e7ais)<\/p>\n\n\n\n<hr class=\"wp-block-separator has-alpha-channel-opacity\" \/>\n\n\n\n<p>3. A.S.S.I.s.T. O\u00f9&nbsp;? &#8211; Avenue Aplotarias No 44 (3<sup>\u00e8me<\/sup> \u00e9tage) &#8211; Conseil juridique et repr\u00e9sentation pour les proc\u00e9dures d\u2019asile (premier degr\u00e9, recours, demande ult\u00e9rieure d\u2019asile, regroupement familial etc.) Quand&nbsp;?\u00ac Lundi \u2013 Vendredi | 9:00 &#8211; 17:00 &#8211; Pour prendre unrendez-vous, envoyez un SMS sur WhatsApp ou un message audio sur WhatsApp en arabe, farsi, anglais, fran\u00e7ais, lingala, somali ou grec au: +30 694 8100477<\/p>\n\n\n\n<p>Si vous \u00eates demandeur d\u2019asile (demandeur de protection internationale) et vous avez d\u00e9j\u00e0 termin\u00e9 la proc\u00e9dure concernant le d\u00e9p\u00f4t de votre demande pour la protection internationale et que vous poss\u00e9dez &laquo;&nbsp;une carte de demandeur de la protection internationale &nbsp;&raquo; valide ou &nbsp;&raquo; carte de demandeur d\u2019asile &laquo;&nbsp;, vous avez alors le droit \u00e0 un emploi r\u00e9mun\u00e9r\u00e9 ou \u00e0 l\u2019offre des services ou bien au travail, six (6) mois apr\u00e8s la date du d\u00e9p\u00f4t de la demande de protection internationale.<\/p>\n","protected":false},"excerpt":{"rendered":"<p>Si vous avez besoin d\u2019aide l\u00e9gale, vous pouvez consulter n\u2019importe laquelle des ONG ci-dessous qui offrent des conseils juridiques gratuits \u00e0 CHIOS Il est recommand\u00e9 de t\u00e9l\u00e9phoner d\u2019abord pour v\u00e9rifier la disponibilit\u00e9 des services d\u2019appui et les horaires de fonctionnement \u00a0\u00a0\u00a0\u00a0\u00a0\u00a0\u00a0\u00a0\u00a0\u00a0\u00a0\u00a0 1. \u039c\u0395\u03a4\u0391drasi assistance l\u00e9gale: O\u00f9: \u00e0 KED de Chios (VIAL) chaque Mardi et Jeudi [&hellip;]<\/p>\n","protected":false},"author":296,"featured_media":0,"parent":17064,"menu_order":3,"comment_status":"closed","ping_status":"closed","template":"","meta":{"_acf_changed":false,"footnotes":""},"class_list":["post-17078","page","type-page","status-publish","hentry"],"acf":[],"_links":{"self":[{"href":"https:\/\/help.unhcr.org\/greece\/fr\/wp-json\/wp\/v2\/pages\/17078","targetHints":{"allow":["GET"]}}],"collection":[{"href":"https:\/\/help.unhcr.org\/greece\/fr\/wp-json\/wp\/v2\/pages"}],"about":[{"href":"https:\/\/help.unhcr.org\/greece\/fr\/wp-json\/wp\/v2\/types\/page"}],"author":[{"embeddable":true,"href":"https:\/\/help.unhcr.org\/greece\/fr\/wp-json\/wp\/v2\/users\/296"}],"replies":[{"embeddable":true,"href":"https:\/\/help.unhcr.org\/greece\/fr\/wp-json\/wp\/v2\/comments?post=17078"}],"version-history":[{"count":2,"href":"https:\/\/help.unhcr.org\/greece\/fr\/wp-json\/wp\/v2\/pages\/17078\/revisions"}],"predecessor-version":[{"id":17080,"href":"https:\/\/help.unhcr.org\/greece\/fr\/wp-json\/wp\/v2\/pages\/17078\/revisions\/17080"}],"up":[{"embeddable":true,"href":"https:\/\/help.unhcr.org\/greece\/fr\/wp-json\/wp\/v2\/pages\/17064"}],"wp:attachment":[{"href":"https:\/\/help.unhcr.org\/greece\/fr\/wp-json\/wp\/v2\/media?parent=17078"}],"curies":[{"name":"wp","href":"https:\/\/api.w.org\/{rel}","templated":true}]}}