{"id":17075,"date":"2023-06-20T10:18:53","date_gmt":"2023-06-20T10:18:53","guid":{"rendered":"https:\/\/help.unhcr.org\/greece\/?page_id=17075"},"modified":"2023-06-20T10:18:54","modified_gmt":"2023-06-20T10:18:54","slug":"athenes","status":"publish","type":"page","link":"https:\/\/help.unhcr.org\/greece\/fr\/where-to-seek-help\/assistance-juridique-gratuite\/athenes\/","title":{"rendered":"Ath\u00e8nes"},"content":{"rendered":"\n<p>Si vous avez besoin d\u2019une aide juridique, vous pouvez consulter n\u2019importe laquelle des ONG ci-dessous qui offrent des conseils l\u00e9gaux gratuits \u00e0 <strong>ATH\u00c8NES<\/strong><\/p>\n\n\n\n<p>Il est recommand\u00e9 de t\u00e9l\u00e9phoner d\u2019abord afin de v\u00e9rifier la disponibilit\u00e9 des services d\u2019appui ainsi que les heures de travail<\/p>\n\n\n\n<p>1. <strong><em>Solidarity Now &#8211; <\/em><\/strong><strong><em>Centre de Solidarit\u00e9 d\u2019Ath\u00e8nes <\/em><\/strong><strong><em>(ASC)<\/em><\/strong><\/p>\n\n\n\n<p><em>Adresse : Av. Domokou No 2 \u2013 Email :\u00a0<\/em><a href=\"mailto:athens@solidaritynow.org\">athens@solidaritynow.org<\/a><em>\u00a0\u2013 T\u00e9l. : +302108220883<\/em><\/p>\n\n\n\n<hr class=\"wp-block-separator has-alpha-channel-opacity\" \/>\n\n\n\n<p>2.&nbsp;<strong><em>Caritas Hellas <\/em><\/strong><strong><em>\u2013 <\/em><\/strong><strong><em>Caritas Social Spot<\/em><\/strong><\/p>\n\n\n\n<p><em>Adresse : Av. Ren\u00e9 Pyo No 2\u0391 \u2013 Email :\u00a0<\/em><a href=\"mailto:neoskosmoscenter@caritas.gr\">neoskosmoscenter@caritas.gr<\/a><em>\u00a0\u2013 T\u00e9l : +302130909940<\/em><\/p>\n\n\n\n<hr class=\"wp-block-separator has-alpha-channel-opacity\" \/>\n\n\n\n<p>3.&nbsp;<strong><em>PRAKSIS &#8211; <\/em><\/strong><strong><em>Service juridique<\/em><\/strong><\/p>\n\n\n\n<p><em>Adresse : Av. Sarpidonos No 24 \u2013 Email :\u00a0<\/em><a href=\"mailto:info@praksis.gr\">info@praksis.gr<\/a><em>\u00a0\u2013 T\u00e9l : +302108213704<\/em><\/p>\n\n\n\n<hr class=\"wp-block-separator has-alpha-channel-opacity\" \/>\n\n\n\n<p>4.&nbsp;<strong><em>Conseil Grec pour les R\u00e9fugi\u00e9s (GCR<\/em><\/strong><strong><em>)<\/em><\/strong><\/p>\n\n\n\n<p><em>Adresse<\/em><em> : GCR <\/em><em>Av. Solomou No 25<\/em><em>, <\/em><em>T\u00e9l<\/em><em>. : +306948065771<\/em><\/p>\n\n\n\n<p><em>+306936543493 <\/em><em>Arabe <\/em><em><\/em><\/p>\n\n\n\n<p><em>+306907035832 <\/em><em>Farsi\/Dari <\/em><em><\/em><\/p>\n\n\n\n<p><em>+306936627930 <\/em><em>Fran\u00e7ais <\/em><em>&nbsp;&nbsp;&nbsp;&nbsp;<\/em><\/p>\n\n\n\n<p><em>+306948065771<\/em><em> Lingala <\/em><em><\/em><\/p>\n\n\n\n<p><em>+306907035845<\/em><em> <\/em><em>Kurmandji\/Sorani <\/em><em><\/em><\/p>\n\n\n\n<p><em>+306936543491 <\/em><em>Turc<\/em><em><\/em><\/p>\n","protected":false},"excerpt":{"rendered":"<p>Si vous avez besoin d\u2019une aide juridique, vous pouvez consulter n\u2019importe laquelle des ONG ci-dessous qui offrent des conseils l\u00e9gaux gratuits \u00e0 ATH\u00c8NES Il est recommand\u00e9 de t\u00e9l\u00e9phoner d\u2019abord afin de v\u00e9rifier la disponibilit\u00e9 des services d\u2019appui ainsi que les heures de travail 1. Solidarity Now &#8211; Centre de Solidarit\u00e9 d\u2019Ath\u00e8nes (ASC) Adresse : Av. [&hellip;]<\/p>\n","protected":false},"author":296,"featured_media":0,"parent":17064,"menu_order":2,"comment_status":"closed","ping_status":"closed","template":"","meta":{"_acf_changed":false,"footnotes":""},"class_list":["post-17075","page","type-page","status-publish","hentry"],"acf":[],"_links":{"self":[{"href":"https:\/\/help.unhcr.org\/greece\/fr\/wp-json\/wp\/v2\/pages\/17075","targetHints":{"allow":["GET"]}}],"collection":[{"href":"https:\/\/help.unhcr.org\/greece\/fr\/wp-json\/wp\/v2\/pages"}],"about":[{"href":"https:\/\/help.unhcr.org\/greece\/fr\/wp-json\/wp\/v2\/types\/page"}],"author":[{"embeddable":true,"href":"https:\/\/help.unhcr.org\/greece\/fr\/wp-json\/wp\/v2\/users\/296"}],"replies":[{"embeddable":true,"href":"https:\/\/help.unhcr.org\/greece\/fr\/wp-json\/wp\/v2\/comments?post=17075"}],"version-history":[{"count":2,"href":"https:\/\/help.unhcr.org\/greece\/fr\/wp-json\/wp\/v2\/pages\/17075\/revisions"}],"predecessor-version":[{"id":17077,"href":"https:\/\/help.unhcr.org\/greece\/fr\/wp-json\/wp\/v2\/pages\/17075\/revisions\/17077"}],"up":[{"embeddable":true,"href":"https:\/\/help.unhcr.org\/greece\/fr\/wp-json\/wp\/v2\/pages\/17064"}],"wp:attachment":[{"href":"https:\/\/help.unhcr.org\/greece\/fr\/wp-json\/wp\/v2\/media?parent=17075"}],"curies":[{"name":"wp","href":"https:\/\/api.w.org\/{rel}","templated":true}]}}