{"id":17059,"date":"2023-06-20T10:13:36","date_gmt":"2023-06-20T10:13:36","guid":{"rendered":"https:\/\/help.unhcr.org\/greece\/?page_id=17059"},"modified":"2025-07-02T11:48:10","modified_gmt":"2025-07-02T11:48:10","slug":"athenes","status":"publish","type":"page","link":"https:\/\/help.unhcr.org\/greece\/fr\/where-to-seek-help\/assistance-medicale\/athenes\/","title":{"rendered":"Ath\u00e8nes"},"content":{"rendered":"\n<p class=\"has-background\" style=\"background-color:#fcf366\"><strong>Pour prendre un rendez-vous dans un h\u00f4pital, veuillez appeler le 1535 ou <a href=\"https:\/\/www.1535.gr\/1535\/view\/index.html#gr\/home\">visitez le site web du 1535<\/a>\u00a0o\u00f9 vous avez la possibilit\u00e9 de prendre un rendez-vous en ligne le matin ou l&rsquo;apr\u00e8s-midi avec les h\u00f4pitaux sous contrat avec le service.<\/strong><\/p>\n\n\n\n<p>En outre, vous pouvez contacter les organizations ci-dessous qui offrent une assistance m\u00e9dicale gratuite \u00e0 Ath\u00e8nes:<\/p>\n\n\n\n<p><strong><em>M\u00e9decins Sans Fronti\u00e8res (MSF)<\/em><\/strong><\/p>\n\n\n\n<p><strong><em>Services:&nbsp;<\/em><\/strong><em>Dispensaire \u00e0 Ath\u00e8nes avec la politique&nbsp;\u00ab&nbsp;de la porte ouverte \u00bb&nbsp;&nbsp;et des rendez-vous pr\u00e9\u00e9tablis. Assistance m\u00e9dicale dans les sp\u00e9cialit\u00e9s suivantes: pathologie g\u00e9n\u00e9rale, gyn\u00e9cologie, obst\u00e9trique et maladies transmissibles.&nbsp;S\u00e9ances de psychoth\u00e9rapie,&nbsp;des soins psychiatriques et fourniture en m\u00e9dicaments si c\u2019est n\u00e9cessaire. Facilitation pour les recommandations et connection des incidents avec les institutions appropri\u00e9es du Syst\u00e8me National de Sant\u00e9.<\/em><\/p>\n\n\n\n<p><strong><em>Coordonn\u00e9es&nbsp;:&nbsp;<\/em><\/strong><em>6956609760 (arabe) \u2013 6956609762 (farsi) \u2013 6956936455 (fran\u00e7ais)&nbsp;ou&nbsp;21 0520 0500<\/em><\/p>\n\n\n\n<p><strong><em>Email:<\/em><\/strong> <a href=\"mailto:info@msf.gr\">info@msf.gr<\/a><\/p>\n\n\n\n<p><strong><em>Langues:&nbsp;<\/em><\/strong><em>grec, anglais, arabe, fran\u00e7ais, lingala, farsi, ourdou, bengali.<\/em><\/p>\n\n\n\n<p><strong><em>Adresse:<\/em><\/strong><em>&nbsp;Av. Solonos No&nbsp;140,&nbsp;Omonia,&nbsp;\u0391th\u00e8nes,&nbsp;B.P.&nbsp;10677<\/em><\/p>\n\n\n\n<p><strong><em>Horaire de travail:&nbsp;<\/em><\/strong><em>lundi\u2013&nbsp;jeudi&nbsp;9h&nbsp;\u2013&nbsp;14h,&nbsp;vendredi&nbsp;9h&nbsp;\u2013&nbsp;12h<\/em><\/p>\n\n\n\n<p><strong><em>Page web:\u00a0<\/em><\/strong><em>Pour plus d\u2019informations, rendez-vous sur la <a href=\"https:\/\/www.facebook.com\/msf.greece\/\">page Facebook de MSF<\/a><\/em><\/p>\n\n\n\n<hr class=\"wp-block-separator has-alpha-channel-opacity\"\/>\n\n\n\n<p><strong><em>M\u00e9decins du Monde&nbsp;(MDM)<\/em><\/strong><\/p>\n\n\n\n<p><strong><em>Services&nbsp;:&nbsp;<\/em><\/strong><em>Dispensaire \u00e0 Ath\u00e8nes avec la politique&nbsp;\u00ab&nbsp;de la porte ouverte\u00ab&nbsp;&nbsp;et des rendez-vous pr\u00e9\u00e9tablis.&nbsp;L\u2019organisation offre une assistance m\u00e9dicale dans les sp\u00e9cialit\u00e9s suivantes&nbsp;:&nbsp;Pathologie G\u00e9n\u00e9rale,&nbsp;P\u00e9diatrie,&nbsp;Orthop\u00e9die,&nbsp;Neurologie,&nbsp;Cardiologie, Gyn\u00e9cologie&nbsp;(soins de sant\u00e9 pour les femmes enceintes et les jeunes m\u00e8res),&nbsp;Dentisterie et Ophtalmologie.&nbsp;Elle informe les patients sur la pr\u00e9vention des maladies (y compris les conseils ainsi que la sensibilisation au VIH).&nbsp;S\u00e9ances de psychoth\u00e9rapie,&nbsp;des soins psychiatriques et fourniture en m\u00e9dicaments si c\u2019est n\u00e9cessaire.&nbsp;Facilitation pour les recommandations et connection des incidents avec les institutions appropri\u00e9es du Syst\u00e8me National de Sant\u00e9.<\/em><\/p>\n\n\n\n<p><strong><em>Coordonn\u00e9es:<\/em><\/strong><em>&nbsp;21 0321 3150 (HelpDesk &amp;&nbsp;informations) \u2013 2103213485 (rendez-vous avec les docteurs)<\/em><\/p>\n\n\n\n<p><strong><em>Email<\/em><\/strong><em>:&nbsp;<\/em><a href=\"mailto:polyclinic@mdmgreece.gr\">polyclinic@mdmgreece.gr<\/a><\/p>\n\n\n\n<p><strong><em>Langues:<\/em><\/strong><em>&nbsp;grec, anglais, fran\u00e7ais, farsi\/dari et arabe.<\/em><\/p>\n\n\n\n<p><strong><em>Adresse:&nbsp;<\/em><\/strong><em>Av. Sapfous&nbsp;No&nbsp;12,&nbsp;Omonia,&nbsp;Ath\u00e8nes,&nbsp;B.P.&nbsp;10553<\/em><\/p>\n\n\n\n<p><strong><em>Horaire de travail:&nbsp;<\/em><\/strong><em>lundi&nbsp;\u2013&nbsp;vendredi 9h&nbsp;\u2013&nbsp;17h<\/em><\/p>\n\n\n\n<p><strong><em>Page web:<\/em><\/strong><em>\u00a0Pour plus d\u2019informations, <a href=\"https:\/\/www.mdmgreece.gr\/en\/what-we-do\/actions\/\">visitez le site web de MDM<\/a><\/em><\/p>\n\n\n\n<hr class=\"wp-block-separator has-alpha-channel-opacity\"\/>\n\n\n\n<p><strong><em>Medical Volunteers International<\/em><\/strong><\/p>\n\n\n\n<p><strong><em>Services&nbsp;:&nbsp;<\/em><\/strong><em>Soins de Sant\u00e9 Primaire et aide pour l\u2019acc\u00e8s au syst\u00e8me public grec de sant\u00e9 et aux services d\u2019urgence en obtenant des rendez-vous et avec une recommandation aupr\u00e8s des services m\u00e9dicaux sp\u00e9cialis\u00e9s.<\/em><\/p>\n\n\n\n<p><strong><em>Coordonn\u00e9es:<\/em><\/strong><em>&nbsp;Seulement par message sur WhatsApp&nbsp;au&nbsp;+306947486324 du Lundi au Vendredi<\/em><\/p>\n\n\n\n<p><strong><em>Langues:&nbsp;<\/em><\/strong><em>anglais, fran\u00e7ais, arabe et farsi.<\/em><\/p>\n\n\n\n<p><strong><em>Horaire de travail:&nbsp;<\/em><\/strong><em>lundi&nbsp;\u2013&nbsp;vendredi&nbsp;9h&nbsp;\u2013&nbsp;17h<\/em><\/p>\n\n\n\n<p><strong><em>Page web:<\/em><\/strong><em>\u00a0Pour plus d\u2019informations, visitez le <a href=\"https:\/\/medical-volunteers.org\/where-we-work\/#athens\">site web de <em>Medical Volunteers Internationa<\/em><strong><em>l<\/em><\/strong><\/a><\/em><\/p>\n\n\n\n<hr class=\"wp-block-separator has-alpha-channel-opacity\"\/>\n\n\n\n<p><strong><em>Global Brigades<\/em><\/strong><\/p>\n\n\n\n<p><strong><em>Services:&nbsp;<\/em><\/strong><em>Dispensaire au centre d\u2019Ath\u00e8nes qui offre une assistance m\u00e9dicale dans les sp\u00e9cialit\u00e9s suivantes&nbsp;:&nbsp;P\u00e9diatrie&nbsp;(examens g\u00e9n\u00e9raux pour les enfants,&nbsp;vaccination,&nbsp;orientations,&nbsp;prescription des m\u00e9dicaments),&nbsp;Gyn\u00e9cologie&nbsp;(contr\u00f4le gyn\u00e9cologique annuel,&nbsp;test PAP,&nbsp;suivi de grossesse)&nbsp;et Ophtalmologie&nbsp;(examen des yeux pour enfants et adultes,&nbsp;optom\u00e9trie,&nbsp;lunettes gratuites).<\/em><\/p>\n\n\n\n<p><strong><em>Coordonn\u00e9es:<\/em><\/strong><em>&nbsp;Envoyez un message normal SMS ou sur&nbsp;WhatsApp\/Viber&nbsp;au&nbsp;6988561427 (grec, anglais, fran\u00e7ais) \u2013 6940704111 (farsi), 6943880905 (ukrainien, russe)<\/em><\/p>\n\n\n\n<p><strong><em>Email:&nbsp;<\/em><\/strong><a href=\"mailto:greece@globalbrigades.org\">greece@globalbrigades.org<\/a><\/p>\n\n\n\n<p><strong><em>Langues:&nbsp;<\/em><\/strong><em>grec, anglais, fran\u00e7ais, arabe, et farsi.<\/em><\/p>\n\n\n\n<p><strong><em>Adresse:<\/em><\/strong><em>&nbsp;Place Kara\u00efskaki, Metaxourgeio , Ath\u00e8nes, B.P. 10437<\/em><\/p>\n\n\n\n<p><strong><em>Horaire de travail:<\/em><\/strong><em>&nbsp;lundi&nbsp;\u2013&nbsp;vendredi 9h&nbsp;\u2013&nbsp;17h<\/em><\/p>\n\n\n\n<p><strong><em>Page web:<\/em><\/strong><em>\u00a0Pour plus d\u2019informations, visitez le <a href=\"https:\/\/www.globalbrigades.org\/countries\/greece\/\">site web de Global Brigades<\/a><\/em><\/p>\n\n\n\n<hr class=\"wp-block-separator has-alpha-channel-opacity\"\/>\n\n\n\n<p><strong><em>PRAKSIS<\/em><\/strong><\/p>\n\n\n\n<p><strong><em>Services:&nbsp;<\/em><\/strong><em>Un centre communautaire et une pharmacie sociale au centre d\u2019Ath\u00e8nes qui propose une assistance m\u00e9dicale dans les sp\u00e9cialit\u00e9s suivantes&nbsp;:&nbsp;Pathologie G\u00e9n\u00e9rale,&nbsp;Gyn\u00e9cologie et Dentisterie.&nbsp;Prescription gratuite des m\u00e9dicaments. S\u00e9ances de psychoth\u00e9rapie,&nbsp;des soins psychiatriques et fourniture en m\u00e9dicaments si c\u2019est n\u00e9cessaire.&nbsp;Ex\u00e9cution d\u2019un test de d\u00e9pistage rapide du VIH,&nbsp;de l\u2019h\u00e9patite B et C.&nbsp;Facilitation pour les recommandations et connection des incidents avec les services comp\u00e9tents du Syst\u00e8me National de Sant\u00e9.<\/em><\/p>\n\n\n\n<p><strong><em>Coordonn\u00e9es:&nbsp;<\/em><\/strong><em>2108213704 (Centre Communautaire)<\/em><\/p>\n\n\n\n<p><strong><em>Email:<\/em><\/strong><a href=\"mailto:info@praksis.gr\"> <\/a><a href=\"mailto:info@praksis.gr\">info@praksis.gr<\/a><\/p>\n\n\n\n<p><strong><em>Langues:<\/em><\/strong><em>&nbsp;grec,&nbsp;anglais,&nbsp;arabe&nbsp;(mardi,&nbsp;jeudi et mercredi)&nbsp;et farsi&nbsp;(chaque jour)<\/em><\/p>\n\n\n\n<p><strong><em>Adresse:&nbsp;<\/em><\/strong><em>Av. Sarpidonos&nbsp;No&nbsp;24,&nbsp;Kolonos,&nbsp;Ath\u00e8nes,&nbsp;B.P.&nbsp;10442<\/em><\/p>\n\n\n\n<p><strong><em>Horaire de travail:<\/em><\/strong><em>&nbsp;lundi&nbsp;\u2013&nbsp;vendredi&nbsp;9h&nbsp;\u2013&nbsp;17h<\/em><\/p>\n\n\n\n<p><strong><em>Page web:<\/em><\/strong><em>\u00a0Pour plus d\u2019informations, <\/em><a href=\"https:\/\/praksis.gr\/community-centre\/\"><em>visitez le site<\/em> web de PRAKSIS<\/a><\/p>\n\n\n\n<hr class=\"wp-block-separator has-alpha-channel-opacity\"\/>\n\n\n\n<p><strong><em>La Pharmacie Sociale<\/em><\/strong><\/p>\n\n\n\n<p><em>La Pharmacie Sociale offre des m\u00e9dicaments,&nbsp;des produits parapharmaceutiques,&nbsp;du mat\u00e9riel m\u00e9dical,&nbsp;des moyens auxiliaires&nbsp;et autres mat\u00e9riels sanitaires,&nbsp;tout en offrant simultan\u00e9ment un soutien psychosocial, un conseil \u00e0 l\u2019emploi ainsi que du soutien avec d\u2019autres services du bien-\u00eatre social de la mairie et\/ou d\u2019autres structures pour la lutte contre la pauvret\u00e9.<\/em><\/p>\n\n\n\n<p><em>Ont le droit de d\u00e9poser une demande aupr\u00e8s de la pharmacie sociale de la mairie d\u2019Ath\u00e8nes, ceux qui vivent dans les limites de la Commune d\u2019Ath\u00e8nes et dont le revenu familial annuel ne d\u00e9passe pas le seuil de pauvret\u00e9&nbsp;(tel que d\u00e9fini chaque ann\u00e9e par l\u2019Autorit\u00e9 Statistique Grecque) et\/ou ne sont pas assur\u00e9s ou assur\u00e9s aupr\u00e8s du d\u00e9partement du Service Social appropri\u00e9.<\/em><\/p>\n\n\n\n<p><em>Si vous en avez le droit,&nbsp;vous pouvez d\u00e9poser une demande afin de recevoir de l\u2019aide aupr\u00e8s de la Pharmacie Sociale en pr\u00e9sentant les documents suivants&nbsp;:<\/em><\/p>\n\n\n\n<p><em>\u2013\u00a0Une demande\u00a0(qui est remplie par le Service Social de KYADA)<\/em><\/p>\n\n\n\n<p><em>\u2013&nbsp;Une pi\u00e8ce d\u2019identit\u00e9<\/em><\/p>\n\n\n\n<p><em>\u2013&nbsp;Une d\u00e9claration d\u2019imp\u00f4ts r\u00e9cente<\/em><\/p>\n\n\n\n<p><em>\u2013&nbsp;Document de voyage et permis de s\u00e9jour pour tous les membres de la famille&nbsp;(s\u2019ils ne sont pas des citoyens Grecs)<\/em><\/p>\n\n\n\n<p><em>\u2013&nbsp;Certificat de situation familiale&nbsp;(datant de moins de 6 mois&nbsp;).&nbsp;Si le pays d\u2019origine ne d\u00e9livre pas de certificat de situation familiale,&nbsp;un acte de naissance est exig\u00e9 pour chacun des membres de la famille.<\/em><\/p>\n\n\n\n<p><em>\u2013&nbsp;Carte de ch\u00f4mage&nbsp;(s\u2019il y en a)<\/em><\/p>\n\n\n\n<p><em>\u2013&nbsp;Un contrat de bail,&nbsp;si vous louez une maison ou une preuve de r\u00e9sidence permanente ou&nbsp;les factures d\u2019\u00e9lectricit\u00e9 (\u0394\u0395\u0397),&nbsp;de t\u00e9l\u00e9phone (\u039f\u03a4\u0395),&nbsp;d\u2019eau (\u0395\u03a5\u0394\u0391\u03a0).&nbsp;Si la personne est h\u00e9berg\u00e9e,&nbsp;la d\u00e9claration&nbsp;\u03951&nbsp;et une facture DEKO&nbsp;(courant, t\u00e9l\u00e9phone, eau,&nbsp;\u0394\u0395\u0397,&nbsp;\u039f\u03a4\u0395,&nbsp;\u0395\u03a5\u0394\u0391\u03a0)&nbsp;de la personne qui h\u00e9berge.<\/em><\/p>\n\n\n\n<p><em>Les demandes peuvent \u00eatre d\u00e9pos\u00e9es tout au long de l\u2019ann\u00e9e sur l\u2019avenue Pireos No 35&nbsp;(horaire de fonctionnement&nbsp;: les jours ouvrables de 9h \u00e0 15h).&nbsp;Tous les documents doivent \u00eatre d\u00e9pos\u00e9s en photocopies. Le service r\u00e9examine tous les cas chaque ann\u00e9e avec comme objectif l\u2019examen de leur situation socio-\u00e9conomique et par cons\u00e9quent de leur \u00e9ligibilit\u00e9.<\/em><\/p>\n\n\n\n<p><em>Pour plus d\u2019informations,\u00a0visitez l<\/em>e <a href=\"https:\/\/kyada-athens.gr\/social_farmacy\/\">site web de la Pharmacie sociale<\/a>.<\/p>\n\n\n\n<hr class=\"wp-block-separator has-alpha-channel-opacity\"\/>\n\n\n\n<p><strong><em>Centre multifonctionnel de la Croix-Rouge hell\u00e9nique<\/em><\/strong><\/p>\n\n\n\n<p><em>Si vous avez besoin d&rsquo;une interpr\u00e9tation \u00e0 distance dans les \u00e9tablissements de sant\u00e9 publique, vous pouvez contacter le Centre multifonctionnel de la Croix-Rouge hell\u00e9nique qui fournit une interpr\u00e9tation \u00e0 distance en 16 langues sur place et sur rendez-vous.<\/em><\/p>\n\n\n\n<p><strong><em>Coordonn\u00e9es:<\/em><\/strong><em> +210 51 40440 (ligne fixe)<\/em><\/p>\n\n\n\n<p><strong><em>Coordonn\u00e9es:<\/em><\/strong><em> +30 693 4724893 (WhatsApp)<\/em><\/p>\n\n\n\n<p><strong><em>Horaire de travail:<\/em><\/strong><em>&nbsp;lundi&nbsp;\u2013&nbsp;vendredi&nbsp;8.30h&nbsp;\u2013&nbsp;20h<\/em><\/p>\n","protected":false},"excerpt":{"rendered":"<p>Pour prendre un rendez-vous dans un h\u00f4pital, veuillez appeler le 1535 ou visitez le site web du 1535\u00a0o\u00f9 vous avez la possibilit\u00e9 de prendre un rendez-vous en ligne le matin ou l&rsquo;apr\u00e8s-midi avec les h\u00f4pitaux sous contrat avec le service. En outre, vous pouvez contacter les organizations ci-dessous qui offrent une assistance m\u00e9dicale gratuite \u00e0 [&hellip;]<\/p>\n","protected":false},"author":296,"featured_media":0,"parent":17057,"menu_order":1,"comment_status":"closed","ping_status":"closed","template":"page-templates\/listing_page.php","meta":{"_acf_changed":false,"footnotes":""},"class_list":["post-17059","page","type-page","status-publish","hentry"],"acf":[],"_links":{"self":[{"href":"https:\/\/help.unhcr.org\/greece\/fr\/wp-json\/wp\/v2\/pages\/17059","targetHints":{"allow":["GET"]}}],"collection":[{"href":"https:\/\/help.unhcr.org\/greece\/fr\/wp-json\/wp\/v2\/pages"}],"about":[{"href":"https:\/\/help.unhcr.org\/greece\/fr\/wp-json\/wp\/v2\/types\/page"}],"author":[{"embeddable":true,"href":"https:\/\/help.unhcr.org\/greece\/fr\/wp-json\/wp\/v2\/users\/296"}],"replies":[{"embeddable":true,"href":"https:\/\/help.unhcr.org\/greece\/fr\/wp-json\/wp\/v2\/comments?post=17059"}],"version-history":[{"count":7,"href":"https:\/\/help.unhcr.org\/greece\/fr\/wp-json\/wp\/v2\/pages\/17059\/revisions"}],"predecessor-version":[{"id":30455,"href":"https:\/\/help.unhcr.org\/greece\/fr\/wp-json\/wp\/v2\/pages\/17059\/revisions\/30455"}],"up":[{"embeddable":true,"href":"https:\/\/help.unhcr.org\/greece\/fr\/wp-json\/wp\/v2\/pages\/17057"}],"wp:attachment":[{"href":"https:\/\/help.unhcr.org\/greece\/fr\/wp-json\/wp\/v2\/media?parent=17059"}],"curies":[{"name":"wp","href":"https:\/\/api.w.org\/{rel}","templated":true}]}}