{"id":16909,"date":"2023-06-12T09:25:15","date_gmt":"2023-06-12T09:25:15","guid":{"rendered":"https:\/\/help.unhcr.org\/greece\/?page_id=16909"},"modified":"2024-07-09T11:51:14","modified_gmt":"2024-07-09T11:51:14","slug":"promouvoir-la-resilience-des-enfants-refugies-a-risque-2","status":"publish","type":"page","link":"https:\/\/help.unhcr.org\/greece\/fr\/enfants-et-jeunes\/promouvoir-la-resilience-des-enfants-refugies-a-risque-2\/","title":{"rendered":"Promouvoir la r\u00e9silience des enfants r\u00e9fugi\u00e9s \u00e0 risque"},"content":{"rendered":"\n<div data-wp-interactive=\"core\/file\" class=\"wp-block-file\"><object data-wp-bind--hidden=\"!state.hasPdfPreview\" hidden class=\"wp-block-file__embed\" data=\"https:\/\/help.unhcr.org\/greece\/wp-content\/uploads\/sites\/6\/2023\/06\/Info-Leaflet-to-refugees_Praksis_French_v2_final.pdf\" type=\"application\/pdf\" style=\"width:100%;height:600px\" aria-label=\"Embed of Info-Leaflet-to-refugees_Praksis_French_v2_final.\"><\/object><a id=\"wp-block-file--media-a9e7f52e-e76b-4436-9e89-f246505187d4\" href=\"https:\/\/help.unhcr.org\/greece\/wp-content\/uploads\/sites\/6\/2023\/06\/Info-Leaflet-to-refugees_Praksis_French_v2_final.pdf\">Info-Leaflet-to-refugees_Praksis_French_v2_final<\/a><a href=\"https:\/\/help.unhcr.org\/greece\/wp-content\/uploads\/sites\/6\/2023\/06\/Info-Leaflet-to-refugees_Praksis_French_v2_final.pdf\" class=\"wp-block-file__button wp-element-button\" download aria-describedby=\"wp-block-file--media-a9e7f52e-e76b-4436-9e89-f246505187d4\">Download<\/a><\/div>\n","protected":false},"excerpt":{"rendered":"","protected":false},"author":296,"featured_media":0,"parent":12276,"menu_order":5,"comment_status":"closed","ping_status":"closed","template":"","meta":{"_acf_changed":false,"footnotes":""},"class_list":["post-16909","page","type-page","status-publish","hentry"],"acf":[],"_links":{"self":[{"href":"https:\/\/help.unhcr.org\/greece\/fr\/wp-json\/wp\/v2\/pages\/16909","targetHints":{"allow":["GET"]}}],"collection":[{"href":"https:\/\/help.unhcr.org\/greece\/fr\/wp-json\/wp\/v2\/pages"}],"about":[{"href":"https:\/\/help.unhcr.org\/greece\/fr\/wp-json\/wp\/v2\/types\/page"}],"author":[{"embeddable":true,"href":"https:\/\/help.unhcr.org\/greece\/fr\/wp-json\/wp\/v2\/users\/296"}],"replies":[{"embeddable":true,"href":"https:\/\/help.unhcr.org\/greece\/fr\/wp-json\/wp\/v2\/comments?post=16909"}],"version-history":[{"count":4,"href":"https:\/\/help.unhcr.org\/greece\/fr\/wp-json\/wp\/v2\/pages\/16909\/revisions"}],"predecessor-version":[{"id":22147,"href":"https:\/\/help.unhcr.org\/greece\/fr\/wp-json\/wp\/v2\/pages\/16909\/revisions\/22147"}],"up":[{"embeddable":true,"href":"https:\/\/help.unhcr.org\/greece\/fr\/wp-json\/wp\/v2\/pages\/12276"}],"wp:attachment":[{"href":"https:\/\/help.unhcr.org\/greece\/fr\/wp-json\/wp\/v2\/media?parent=16909"}],"curies":[{"name":"wp","href":"https:\/\/api.w.org\/{rel}","templated":true}]}}