{"id":149,"date":"2017-03-09T13:19:04","date_gmt":"2017-03-09T13:19:04","guid":{"rendered":"http:\/\/help.unhcr.org\/greece\/where-to-seek-help\/emergency-services\/"},"modified":"2026-03-16T15:22:25","modified_gmt":"2026-03-16T15:22:25","slug":"emergency-services","status":"publish","type":"page","link":"https:\/\/help.unhcr.org\/greece\/fr\/where-to-seek-help\/emergency-services\/","title":{"rendered":"Les services d&rsquo;urgence"},"content":{"rendered":"\n<figure class=\"wp-block-image size-large\"><img loading=\"lazy\" decoding=\"async\" width=\"1024\" height=\"474\" src=\"https:\/\/help.unhcr.org\/greece\/wp-content\/uploads\/sites\/6\/2022\/06\/emergency-2-1024x474.png\" alt=\"\" class=\"wp-image-6573\" srcset=\"https:\/\/help.unhcr.org\/greece\/wp-content\/uploads\/sites\/6\/2022\/06\/emergency-2-1024x474.png 1024w, https:\/\/help.unhcr.org\/greece\/wp-content\/uploads\/sites\/6\/2022\/06\/emergency-2-300x139.png 300w, https:\/\/help.unhcr.org\/greece\/wp-content\/uploads\/sites\/6\/2022\/06\/emergency-2-768x356.png 768w, https:\/\/help.unhcr.org\/greece\/wp-content\/uploads\/sites\/6\/2022\/06\/emergency-2.png 1080w\" sizes=\"auto, (max-width: 1024px) 100vw, 1024px\" \/><\/figure>\n\n\n\n<h2 class=\"wp-block-heading\">\ud83d\udcdeNum\u00e9ros d&rsquo;urgence<\/h2>\n\n\n\n<p><br>Service d&rsquo;urgence europ\u00e9en&nbsp;: 112<\/p>\n\n\n\n<p>Police&nbsp;: 100<br>Pompiers&nbsp;: 199<br>Service d&rsquo;urgence ambulancier&nbsp;: 166<br>Garde c\u00f4ti\u00e8re&nbsp;: 108<\/p>\n\n\n\n<h2 class=\"wp-block-heading\">Informations et lignes d&rsquo;assistance<\/h2>\n\n\n\n<p><br><strong>Ligne d&rsquo;assistance aux victimes de la traite des \u00eatres humains<\/strong><\/p>\n\n\n\n<p>Num\u00e9ro de t\u00e9l\u00e9phone : 1109 (24\/7)<\/p>\n\n\n\n<p>Langues : lorsque vous appelez, vous entendez un message diffus\u00e9 en grec puis en anglais. Des op\u00e9rateurs sont disponibles pour vous parler dans plusieurs autres langues, mais vous devez d&rsquo;abord appuyer sur 2 pour parler \u00e0 un sp\u00e9cialiste des appels en direct.<\/p>\n\n\n\n<hr class=\"wp-block-separator has-alpha-channel-opacity\"\/>\n\n\n\n<p>Ligne d&rsquo;assistance SOS Violences faites aux femmes<\/p>\n\n\n\n<p>Num\u00e9ro de t\u00e9l\u00e9phone : 15900<\/p>\n\n\n\n<p>Langues : anglais, grec<\/p>\n\n\n\n<hr class=\"wp-block-separator has-alpha-channel-opacity\"\/>\n\n\n\n<h2 class=\"wp-block-heading\">Protection de l&rsquo;enfance<\/h2>\n\n\n\n<p><br><strong>M\u00e9canisme national de r\u00e9ponse d&rsquo;urgence (NERM)<\/strong><\/p>\n\n\n\n<p>Services : Soutien aux enfants sans abri non accompagn\u00e9s ou aux enfants vivant dans des conditions pr\u00e9caires<\/p>\n\n\n\n<p>Langues : anglais, farsi, arabe, fran\u00e7ais, punjabi et autres langues sur demande<\/p>\n\n\n\n<p>Horaires : du lundi au vendredi : de 8h00 \u00e0 22h00, le samedi : de 11h00 \u00e0 19h00<\/p>\n\n\n\n<p>Contact :<\/p>\n\n\n\n<p>Ligne d&rsquo;assistance : 15107<\/p>\n\n\n\n<p>Mobile\/WhatsApp\/Viber : +30 6942773030<\/p>\n\n\n\n<p>La ligne d&rsquo;assistance et les unit\u00e9s mobiles sur le terrain :<\/p>\n\n\n\n<p>Veiller \u00e0 ce que les enfants ne soient jamais expos\u00e9s aux dangers d&rsquo;abus ou d&rsquo;exploitation dans la rue.<br>Aider \u00e0 trouver et \u00e0 prot\u00e9ger les mineurs non accompagn\u00e9s qui sont sans abri ou dans d&rsquo;autres conditions de vie pr\u00e9caires.<br>Fournir un h\u00e9bergement d&rsquo;urgence.<br>Faciliter l&rsquo;enregistrement imm\u00e9diat aupr\u00e8s des autorit\u00e9s locales.<br>Fournir un soutien psychologique, juridique et m\u00e9dical et une interpr\u00e9tation.<br>Effectuer l&rsquo;\u00e9valuation de l&rsquo;int\u00e9r\u00eat sup\u00e9rieur.<\/p>\n\n\n\n<hr class=\"wp-block-separator has-alpha-channel-opacity\"\/>\n\n\n\n<p><strong>Le sourire de l&rsquo;enfant<\/strong><\/p>\n\n\n\n<p>Services : Pr\u00e9vention et r\u00e9ponse \u00e0 la violence contre les enfants<\/p>\n\n\n\n<p>Langues : Plusieurs langues sur demande<\/p>\n\n\n\n<p>Contact :<\/p>\n\n\n\n<p>Lignes d&rsquo;assistance t\u00e9l\u00e9phonique 24h\/24 et 7j\/7 :<\/p>\n\n\n\n<p>Ligne d&rsquo;assistance t\u00e9l\u00e9phonique nationale SOS pour les enfants : 1056<\/p>\n\n\n\n<p>Ligne d&rsquo;assistance t\u00e9l\u00e9phonique europ\u00e9enne pour les enfants : 116111<\/p>\n\n\n\n<p>Ligne d&rsquo;assistance t\u00e9l\u00e9phonique europ\u00e9enne pour les enfants disparus : 116000<\/p>\n\n\n\n<hr class=\"wp-block-separator has-alpha-channel-opacity\"\/>\n\n\n\n<h2 class=\"wp-block-heading\">Soutien psychosocial<\/h2>\n\n\n\n<p><br><strong>BABEL<\/strong><\/p>\n\n\n\n<p>Services : Soutien psychiatrique et psychologique<\/p>\n\n\n\n<p>Langues : anglais, fran\u00e7ais, lingala, farsi, arabe, kurmanji<\/p>\n\n\n\n<p>Adresse : Ioanni Drosopoulou 72, 112 57, Ath\u00e8nes<\/p>\n\n\n\n<p>Horaires : du lundi au vendredi, de 10h00 \u00e0 16h00<\/p>\n\n\n\n<p>Contact :<\/p>\n\n\n\n<p>T\u00e9l\u00e9phone : +30 2108616280, +30 2108616266<\/p>\n\n\n\n<p>E-mail : babel@syn-eirmos.gr<\/p>\n\n\n\n<p>________________________________________________________________________________________________________________<\/p>\n\n\n\n<p><strong>EPAPSY<\/strong><\/p>\n\n\n\n<p>Services : soutien psychosocial<\/p>\n\n\n\n<p>Langues : arabe, fran\u00e7ais, lingala, farsi et somali<\/p>\n\n\n\n<p>Horaires : du lundi au vendredi, de 11h00 \u00e0 19h00 pour l&rsquo;arabe, le fran\u00e7ais, le lingala, le farsi \/ de 9h00 \u00e0 17h00 pour le somali<\/p>\n\n\n\n<p>Contact :<\/p>\n\n\n\n<p>Ligne d&rsquo;assistance\/WhatsApp : farsi (+30 6935614120), arabe, fran\u00e7ais, lingala et anglais (+30 6936514113), somali (+30 6936514117)<\/p>\n\n\n\n<p>E-mail : refugeementalhealth@epapsy.gr<\/p>\n\n\n\n<hr class=\"wp-block-separator has-alpha-channel-opacity\"\/>\n\n\n\n<p><strong>Risque de suicide (Klimaka)<\/strong><\/p>\n\n\n\n<p>Num\u00e9ro de t\u00e9l\u00e9phone : 1018<\/p>\n\n\n\n<p>Langues : anglais, grec<\/p>\n\n\n\n<hr class=\"wp-block-separator has-alpha-channel-opacity\"\/>\n\n\n\n<h2 class=\"wp-block-heading\">LGBTQI+<\/h2>\n\n\n\n<p><br><strong>Ligne d&rsquo;assistance Emantes<\/strong><\/p>\n\n\n\n<p>Services : soutien pour Personnes LGBTQI+<\/p>\n\n\n\n<p>Langues : grec, anglais, arabe, fran\u00e7ais, farsi et autres sur demande<\/p>\n\n\n\n<p>Contact :<\/p>\n\n\n\n<p>T\u00e9l\u00e9phone\/WhatsApp : +30 6971693446<br>E-mail : emantes@gmail.com<\/p>\n\n\n\n<hr class=\"wp-block-separator has-alpha-channel-opacity\"\/>\n\n\n\n<p><strong>Safe Place Greece<\/strong><\/p>\n\n\n\n<p>Services : Soutien aux personnes LGBTQI+<\/p>\n\n\n\n<p>Langues : anglais, grec, arabe, fran\u00e7ais, farsi et espagnol<\/p>\n\n\n\n<p>Horaires : du lundi au vendredi de 10h00 \u00e0 18h00<\/p>\n\n\n\n<p>Contact :<\/p>\n\n\n\n<p>Mobile\/WhatsApp : +30 6986752325<\/p>\n\n\n\n<p>E-mail : info@safeplaceinternational.org<\/p>\n","protected":false},"excerpt":{"rendered":"<p>\ud83d\udcdeNum\u00e9ros d&rsquo;urgence Service d&rsquo;urgence europ\u00e9en&nbsp;: 112 Police&nbsp;: 100Pompiers&nbsp;: 199Service d&rsquo;urgence ambulancier&nbsp;: 166Garde c\u00f4ti\u00e8re&nbsp;: 108 Informations et lignes d&rsquo;assistance Ligne d&rsquo;assistance aux victimes de la traite des \u00eatres humains Num\u00e9ro de t\u00e9l\u00e9phone : 1109 (24\/7) Langues : lorsque vous appelez, vous entendez un message diffus\u00e9 en grec puis en anglais. Des op\u00e9rateurs sont disponibles pour vous [&hellip;]<\/p>\n","protected":false},"author":1,"featured_media":0,"parent":125,"menu_order":1,"comment_status":"closed","ping_status":"closed","template":"","meta":{"_acf_changed":false,"footnotes":""},"class_list":["post-149","page","type-page","status-publish","hentry"],"acf":[],"_links":{"self":[{"href":"https:\/\/help.unhcr.org\/greece\/fr\/wp-json\/wp\/v2\/pages\/149","targetHints":{"allow":["GET"]}}],"collection":[{"href":"https:\/\/help.unhcr.org\/greece\/fr\/wp-json\/wp\/v2\/pages"}],"about":[{"href":"https:\/\/help.unhcr.org\/greece\/fr\/wp-json\/wp\/v2\/types\/page"}],"author":[{"embeddable":true,"href":"https:\/\/help.unhcr.org\/greece\/fr\/wp-json\/wp\/v2\/users\/1"}],"replies":[{"embeddable":true,"href":"https:\/\/help.unhcr.org\/greece\/fr\/wp-json\/wp\/v2\/comments?post=149"}],"version-history":[{"count":11,"href":"https:\/\/help.unhcr.org\/greece\/fr\/wp-json\/wp\/v2\/pages\/149\/revisions"}],"predecessor-version":[{"id":30512,"href":"https:\/\/help.unhcr.org\/greece\/fr\/wp-json\/wp\/v2\/pages\/149\/revisions\/30512"}],"up":[{"embeddable":true,"href":"https:\/\/help.unhcr.org\/greece\/fr\/wp-json\/wp\/v2\/pages\/125"}],"wp:attachment":[{"href":"https:\/\/help.unhcr.org\/greece\/fr\/wp-json\/wp\/v2\/media?parent=149"}],"curies":[{"name":"wp","href":"https:\/\/api.w.org\/{rel}","templated":true}]}}