{"id":12252,"date":"2022-09-26T08:46:21","date_gmt":"2022-09-26T08:46:21","guid":{"rendered":"https:\/\/help.unhcr.org\/greece\/education-kids\/"},"modified":"2024-07-09T11:48:39","modified_gmt":"2024-07-09T11:48:39","slug":"education-kids","status":"publish","type":"page","link":"https:\/\/help.unhcr.org\/greece\/fr\/enfants-et-jeunes\/education-kids\/","title":{"rendered":"\u00c9ducation"},"content":{"rendered":"\n<p>Veuillez trouver des informations sur l&rsquo;acc\u00e8s \u00e0 l&rsquo;\u00e9ducation en Gr\u00e8ce<\/p>\n\n\n\n<div data-wp-interactive=\"core\/file\" class=\"wp-block-file\"><object data-wp-bind--hidden=\"!state.hasPdfPreview\" hidden class=\"wp-block-file__embed\" data=\"https:\/\/help.unhcr.org\/greece\/wp-content\/uploads\/sites\/6\/2023\/03\/Manual-of-Kindergarten-Enrolment-for-Parents-by-MoE-1.pdf\" type=\"application\/pdf\" style=\"width:100%;height:600px\" aria-label=\"Embed of Embed of Manual-of-Kindergarten-Enrolment-for-Parents-by-MoE-1..\"><\/object><a id=\"wp-block-file--media-5270fcb6-7ba3-4033-b39e-840456586e18\" href=\"https:\/\/help.unhcr.org\/greece\/wp-content\/uploads\/sites\/6\/2023\/03\/Manual-of-Kindergarten-Enrolment-for-Parents-by-MoE-1.pdf\">Manual-of-Kindergarten-Enrolment-for-Parents-by-MoE-1<\/a><a href=\"https:\/\/help.unhcr.org\/greece\/wp-content\/uploads\/sites\/6\/2023\/03\/Manual-of-Kindergarten-Enrolment-for-Parents-by-MoE-1.pdf\" class=\"wp-block-file__button\" download aria-describedby=\"wp-block-file--media-5270fcb6-7ba3-4033-b39e-840456586e18\">Download<\/a><\/div>\n\n\n\n<hr class=\"wp-block-separator has-alpha-channel-opacity\" \/>\n\n\n\n<div data-wp-interactive=\"core\/file\" class=\"wp-block-file\"><object data-wp-bind--hidden=\"!state.hasPdfPreview\" hidden class=\"wp-block-file__embed\" data=\"https:\/\/help.unhcr.org\/greece\/wp-content\/uploads\/sites\/6\/2022\/10\/Education-Presentation_-Oct.-2022.pdf\" type=\"application\/pdf\" style=\"width:100%;height:600px\" aria-label=\"Embed of Embed of Education-Presentation_-Oct.-2022..\"><\/object><a id=\"wp-block-file--media-084a6793-b326-44d4-8fb2-d321e514bfbd\" href=\"https:\/\/help.unhcr.org\/greece\/wp-content\/uploads\/sites\/6\/2022\/10\/Education-Presentation_-Oct.-2022.pdf\">Education-Presentation_-Oct.-2022<\/a><a href=\"https:\/\/help.unhcr.org\/greece\/wp-content\/uploads\/sites\/6\/2022\/10\/Education-Presentation_-Oct.-2022.pdf\" class=\"wp-block-file__button\" download aria-describedby=\"wp-block-file--media-084a6793-b326-44d4-8fb2-d321e514bfbd\">Download<\/a><\/div>\n\n\n\n<hr class=\"wp-block-separator has-css-opacity\" \/>\n\n\n\n<figure class=\"wp-block-image size-large is-resized\"><img loading=\"lazy\" decoding=\"async\" src=\"https:\/\/help.unhcr.org\/greece\/wp-content\/uploads\/sites\/6\/2022\/09\/307444670_5504136939646408_6176698989713911240_n-1-724x1024.png\" alt=\"\" class=\"wp-image-9154\" width=\"452\" height=\"639\" srcset=\"https:\/\/help.unhcr.org\/greece\/wp-content\/uploads\/sites\/6\/2022\/09\/307444670_5504136939646408_6176698989713911240_n-1-724x1024.png 724w, https:\/\/help.unhcr.org\/greece\/wp-content\/uploads\/sites\/6\/2022\/09\/307444670_5504136939646408_6176698989713911240_n-1-212x300.png 212w, https:\/\/help.unhcr.org\/greece\/wp-content\/uploads\/sites\/6\/2022\/09\/307444670_5504136939646408_6176698989713911240_n-1-768x1086.png 768w, https:\/\/help.unhcr.org\/greece\/wp-content\/uploads\/sites\/6\/2022\/09\/307444670_5504136939646408_6176698989713911240_n-1-1086x1536.png 1086w, https:\/\/help.unhcr.org\/greece\/wp-content\/uploads\/sites\/6\/2022\/09\/307444670_5504136939646408_6176698989713911240_n-1.png 1448w\" sizes=\"auto, (max-width: 452px) 100vw, 452px\" \/><figcaption>Language courses for kids <\/figcaption><\/figure>\n","protected":false},"excerpt":{"rendered":"<p>Veuillez trouver des informations sur l&rsquo;acc\u00e8s \u00e0 l&rsquo;\u00e9ducation en Gr\u00e8ce<\/p>\n","protected":false},"author":296,"featured_media":0,"parent":12276,"menu_order":0,"comment_status":"closed","ping_status":"closed","template":"","meta":{"_acf_changed":false,"footnotes":""},"class_list":["post-12252","page","type-page","status-publish","hentry"],"acf":[],"_links":{"self":[{"href":"https:\/\/help.unhcr.org\/greece\/fr\/wp-json\/wp\/v2\/pages\/12252","targetHints":{"allow":["GET"]}}],"collection":[{"href":"https:\/\/help.unhcr.org\/greece\/fr\/wp-json\/wp\/v2\/pages"}],"about":[{"href":"https:\/\/help.unhcr.org\/greece\/fr\/wp-json\/wp\/v2\/types\/page"}],"author":[{"embeddable":true,"href":"https:\/\/help.unhcr.org\/greece\/fr\/wp-json\/wp\/v2\/users\/296"}],"replies":[{"embeddable":true,"href":"https:\/\/help.unhcr.org\/greece\/fr\/wp-json\/wp\/v2\/comments?post=12252"}],"version-history":[{"count":3,"href":"https:\/\/help.unhcr.org\/greece\/fr\/wp-json\/wp\/v2\/pages\/12252\/revisions"}],"predecessor-version":[{"id":22144,"href":"https:\/\/help.unhcr.org\/greece\/fr\/wp-json\/wp\/v2\/pages\/12252\/revisions\/22144"}],"up":[{"embeddable":true,"href":"https:\/\/help.unhcr.org\/greece\/fr\/wp-json\/wp\/v2\/pages\/12276"}],"wp:attachment":[{"href":"https:\/\/help.unhcr.org\/greece\/fr\/wp-json\/wp\/v2\/media?parent=12252"}],"curies":[{"name":"wp","href":"https:\/\/api.w.org\/{rel}","templated":true}]}}