{"id":11871,"date":"2023-01-16T09:55:10","date_gmt":"2023-01-16T09:55:10","guid":{"rendered":"https:\/\/help.unhcr.org\/greece\/?page_id=11871"},"modified":"2023-01-16T09:55:12","modified_gmt":"2023-01-16T09:55:12","slug":"rapport-de-fraude-par-des-non-membres-du-personnel-du-hcr-des-partenaires-du-hcr","status":"publish","type":"page","link":"https:\/\/help.unhcr.org\/greece\/fr\/rapport-de-fraude-par-des-non-membres-du-personnel-du-hcr-des-partenaires-du-hcr\/","title":{"rendered":"Rapport de fraude par des non-membres du personnel du HCR\/des partenaires du HCR"},"content":{"rendered":"\n<p class=\"has-white-color has-vivid-cyan-blue-background-color has-text-color has-background\"><strong>Veuillez noter que TOUS les services fournis par le HCR sont GRATUITS.<\/strong><\/p>\n\n\n\n<p><strong>Qu&rsquo;est-ce que la fraude ?<\/strong><\/p>\n\n\n\n<p>Le HCR d\u00e9finit la fraude comme tout acte ou omission qui, sciemment ou intentionnellement, induit ou tente d&rsquo;induire en erreur un tiers afin d&rsquo;obtenir un avantage.<\/p>\n\n\n\n<p>Tous les services et activit\u00e9s du HCR sont gratuits ! En aucun cas, il ne vous sera demand\u00e9 de payer pour les services fournis aux r\u00e9fugi\u00e9s par le HCR ou par ses partenaires. Ne croyez pas ceux qui vous disent qu&rsquo;ils peuvent vous aider avec l&rsquo;enregistrement, la relocalisation ou d&rsquo;autres services si vous payez. Ces offres peuvent vous \u00eatre faites en personne ou par le biais des m\u00e9dias sociaux, notamment Facebook, WhatsApp, Viber, Telegram, etc.<\/p>\n\n\n\n<p>Si on vous demande de l&rsquo;argent ou toute autre forme de faveur en \u00e9change des services du HCR, veuillez le signaler imm\u00e9diatement au HCR et\/ou au poste de police le plus proche.<\/p>\n\n\n\n<p><strong>Comment puis-je signaler une fraude commise par des personnes n&rsquo;appartenant pas au personnel du HCR ou des partenaires du HCR ?<\/strong><\/p>\n\n\n\n<ul class=\"wp-block-list\"><li>Parlez-en \u00e0 un membre du personnel du HCR dans votre localit\u00e9, si cela est possible,<\/li><li>Signalez-le \u00e0 la police,<\/li><li>Signalez-le au HCR en Gr\u00e8ce \u00e0 l&rsquo;adresse <a href=\"mailto:greatbo@unhcr.org\">greatbo@unhcr.org<\/a><\/li><\/ul>\n\n\n\n<p>Pour des informations pr\u00e9cises concernant l\u2019\u0153uvre et les services du HCR, veuillez consulter le site officiel du HCR en Gr\u00e8ce <a href=\"https:\/\/help.unhcr.org\/greece\/\">HELP <\/a>.<\/p>\n\n\n\n<p>.<\/p>\n","protected":false},"excerpt":{"rendered":"<p>Veuillez noter que TOUS les services fournis par le HCR sont GRATUITS. Qu&rsquo;est-ce que la fraude ? Le HCR d\u00e9finit la fraude comme tout acte ou omission qui, sciemment ou intentionnellement, induit ou tente d&rsquo;induire en erreur un tiers afin d&rsquo;obtenir un avantage. Tous les services et activit\u00e9s du HCR sont gratuits ! En aucun [&hellip;]<\/p>\n","protected":false},"author":296,"featured_media":0,"parent":0,"menu_order":0,"comment_status":"closed","ping_status":"closed","template":"","meta":{"_acf_changed":false,"footnotes":""},"class_list":["post-11871","page","type-page","status-publish","hentry"],"acf":[],"_links":{"self":[{"href":"https:\/\/help.unhcr.org\/greece\/fr\/wp-json\/wp\/v2\/pages\/11871","targetHints":{"allow":["GET"]}}],"collection":[{"href":"https:\/\/help.unhcr.org\/greece\/fr\/wp-json\/wp\/v2\/pages"}],"about":[{"href":"https:\/\/help.unhcr.org\/greece\/fr\/wp-json\/wp\/v2\/types\/page"}],"author":[{"embeddable":true,"href":"https:\/\/help.unhcr.org\/greece\/fr\/wp-json\/wp\/v2\/users\/296"}],"replies":[{"embeddable":true,"href":"https:\/\/help.unhcr.org\/greece\/fr\/wp-json\/wp\/v2\/comments?post=11871"}],"version-history":[{"count":1,"href":"https:\/\/help.unhcr.org\/greece\/fr\/wp-json\/wp\/v2\/pages\/11871\/revisions"}],"predecessor-version":[{"id":11881,"href":"https:\/\/help.unhcr.org\/greece\/fr\/wp-json\/wp\/v2\/pages\/11871\/revisions\/11881"}],"wp:attachment":[{"href":"https:\/\/help.unhcr.org\/greece\/fr\/wp-json\/wp\/v2\/media?parent=11871"}],"curies":[{"name":"wp","href":"https:\/\/api.w.org\/{rel}","templated":true}]}}