{"id":1138,"date":"2018-07-03T06:52:59","date_gmt":"2018-07-03T06:52:59","guid":{"rendered":"http:\/\/help.unhcr.org\/greece\/?page_id=1138"},"modified":"2026-03-12T09:02:09","modified_gmt":"2026-03-12T09:02:09","slug":"contact-us-french","status":"publish","type":"page","link":"https:\/\/help.unhcr.org\/greece\/fr\/about-help-in-greece\/contact-us-french\/","title":{"rendered":"Nous contacter"},"content":{"rendered":"\n<figure class=\"wp-block-image size-large\"><img loading=\"lazy\" decoding=\"async\" width=\"1024\" height=\"474\" src=\"https:\/\/help.unhcr.org\/greece\/wp-content\/uploads\/sites\/6\/2022\/06\/contact-1-1024x474.png\" alt=\"\" class=\"wp-image-6616\" srcset=\"https:\/\/help.unhcr.org\/greece\/wp-content\/uploads\/sites\/6\/2022\/06\/contact-1-1024x474.png 1024w, https:\/\/help.unhcr.org\/greece\/wp-content\/uploads\/sites\/6\/2022\/06\/contact-1-300x139.png 300w, https:\/\/help.unhcr.org\/greece\/wp-content\/uploads\/sites\/6\/2022\/06\/contact-1-768x356.png 768w, https:\/\/help.unhcr.org\/greece\/wp-content\/uploads\/sites\/6\/2022\/06\/contact-1.png 1080w\" sizes=\"auto, (max-width: 1024px) 100vw, 1024px\" \/><\/figure>\n\n\n\n<p><\/p>\n\n\n\n<p class=\"has-text-align-center has-white-color has-text-color has-background has-medium-font-size\" style=\"background-color:#0072bc\"><strong>Comment contacter le service d&rsquo;assistance \u00e0 la protection du HCR en Gr\u00e8ce<\/strong><\/p>\n\n\n\n<p><strong>T\u00e9l\u00e9phone <\/strong>:<\/p>\n\n\n\n<ol class=\"wp-block-list\">\n<li>Pour l&rsquo;arabe et l&rsquo;anglais : <strong>+30 2162007884<\/strong><\/li>\n\n\n\n<li>Pour l&rsquo;arabe, le sorani, l&rsquo;anglais et le grec : <strong>+30 2162007985<\/strong><\/li>\n\n\n\n<li>Pour le farsi, le dari et l&rsquo;anglais : <strong>+30 2162007986<\/strong><\/li>\n\n\n\n<li>Pour le fran\u00e7ais, le russe, l&rsquo;anglais et le grec : <strong>+30 2162007882<\/strong><\/li>\n<\/ol>\n\n\n\n<p>Si vous \u00eates sur l&rsquo;\u00eele de Lesvos, veuillez contacter notre service d&rsquo;assistance t\u00e9l\u00e9phonique de 8h30 \u00e0 17h00 : <strong>+30 694 329 3449<\/strong>.<\/p>\n\n\n\n<p>Si vous \u00eates sur l&rsquo;\u00eele de Chios, veuillez contacter le num\u00e9ro suivant : lun &#8211; ven, 9h00 \u2013 16h00 &#8211; Service d&rsquo;assistance \u00e0 la protection : <strong>+30 694 819 7311<\/strong> (veuillez nous contacter par WhatsApp : texte ou message vocal).<\/p>\n\n\n\n<p>Si vous \u00eates sur l&rsquo;\u00eele de Samos : <strong>+30 695 100 2248<\/strong> (veuillez nous contacter par WhatsApp : texte ou message vocal).<\/p>\n\n\n\n<p>Si vous \u00eates \u00e0 Kos ou sur l&rsquo;\u00eele de Leros, veuillez nous contacter \u00e0 ce num\u00e9ro : <strong>+30 694 458 5694 <\/strong>(WhatsApp et r\u00e9gulier).<\/p>\n\n\n\n<p><strong>Email:<\/strong> <a href=\"mailto:greathelpdesk@unhcr.org\">greathelpdesk@unhcr.org<\/a><\/p>\n\n\n\n<p>Il est parfois possible que le HCR demande des donn\u00e9es personnelles, telles que le nom complet, la localisation et les informations de contact, afin de fournir des informations ou des conseils pertinents.<\/p>\n\n\n\n<p>Vos informations personnelles sont confidentielles et ne seront pas divulgu\u00e9es \u00e0 des tiers sans votre consentement <em>pr\u00e9alable<\/em>, \u00e0 l\u2019exception des ONG partenaires du HCR, qui peuvent, en cas de besoin, fournir une protection ou une assistance.<\/p>\n\n\n\n<p>Le HCR ne divulguera en aucun cas vos donn\u00e9es personnelles aux autorit\u00e9s de votre pays d\u2019origine.<\/p>\n\n\n\n<p><strong>Si vous ne r\u00e9sidez pas en Gr\u00e8ce, ou si votre question ne porte pas sur les proc\u00e9dures et les services disponibles en Gr\u00e8ce, nous ne pourrons y r\u00e9pondre. Dans ce cas, veuillez visiter le site Web HELP ou le site Web du HCR dans le pays o\u00f9 vous r\u00e9sidez actuellement.<\/strong><\/p>\n\n\n\n<p><strong>S\u2019il existe d\u00e9j\u00e0 sur HELP des informations r\u00e9pondant \u00e0 votre question, il est possible que nous ne r\u00e9pondions pas \u00e0 votre question, mais que nous vous r\u00e9f\u00e9rions \u00e0 la partie du site en question.<\/strong><\/p>\n\n\n\n<p class=\"has-text-align-center has-white-color has-text-color has-background has-link-color wp-elements-aee5c3e30c74546da17901fe7862bc5a\" style=\"background-color:#0072bc\"><strong>Formulaire de contact<\/strong><\/p>\n\n\n\n<div class=\"wp-block-contact-form-7-contact-form-selector\">\n<div class=\"wpcf7 no-js\" id=\"wpcf7-f1137-o1\" lang=\"en-US\" dir=\"ltr\" data-wpcf7-id=\"1137\">\n<div class=\"screen-reader-response\"><p role=\"status\" aria-live=\"polite\" aria-atomic=\"true\"><\/p> <ul><\/ul><\/div>\n<form action=\"\/greece\/fr\/wp-json\/wp\/v2\/pages\/1138#wpcf7-f1137-o1\" method=\"post\" class=\"wpcf7-form init\" aria-label=\"Contact form\" novalidate=\"novalidate\" data-status=\"init\">\n<fieldset class=\"hidden-fields-container\"><input type=\"hidden\" name=\"_wpcf7\" value=\"1137\" \/><input type=\"hidden\" name=\"_wpcf7_version\" value=\"6.1.4\" \/><input type=\"hidden\" name=\"_wpcf7_locale\" value=\"en_US\" \/><input type=\"hidden\" name=\"_wpcf7_unit_tag\" value=\"wpcf7-f1137-o1\" \/><input type=\"hidden\" name=\"_wpcf7_container_post\" value=\"0\" \/><input type=\"hidden\" name=\"_wpcf7_posted_data_hash\" value=\"\" \/><input type=\"hidden\" name=\"_wpcf7_recaptcha_response\" value=\"\" \/>\n<\/fieldset>\n<div class=\"row\">\n\t<div class=\"col-md-6 col-sm-12\">\n\t\t<p><label for=\"contact-name\">Pr\u00e9nom (facultatif) <\/label><br \/>\n<span class=\"wpcf7-form-control-wrap\" data-name=\"contact-name\"><input size=\"40\" maxlength=\"400\" class=\"wpcf7-form-control wpcf7-text\" id=\"contact-name\" aria-invalid=\"false\" value=\"\" type=\"text\" name=\"contact-name\" \/><\/span>\n\t\t<\/p>\n\t<\/div>\n\t<div class=\"col-md-6 col-sm-12\">\n\t\t<p><label for=\"contact-last-name\">Nom (facultatif) <\/label><br \/>\n<span class=\"wpcf7-form-control-wrap\" data-name=\"contact-last-name\"><input size=\"40\" maxlength=\"400\" class=\"wpcf7-form-control wpcf7-text\" id=\"contact-last-name\" aria-invalid=\"false\" value=\"\" type=\"text\" name=\"contact-last-name\" \/><\/span>\n\t\t<\/p>\n\t<\/div>\n<\/div>\n<div class=\"row\">\n\t<div class=\"col-md-6 col-sm-12\">\n\t\t<p><label for=\"contact-city\">Ville \/ Province<\/label><br \/>\n<span class=\"wpcf7-form-control-wrap\" data-name=\"contact-city\"><input size=\"40\" maxlength=\"400\" class=\"wpcf7-form-control wpcf7-text\" id=\"contact-city\" aria-invalid=\"false\" value=\"\" type=\"text\" name=\"contact-city\" \/><\/span>\n\t\t<\/p>\n\t<\/div>\n\t<div class=\"col-md-6 col-sm-12\">\n\t\t<p><label for=\"contact-telephone\">T\u00e9l\u00e9phone standard \/ Portable<\/label><br \/>\n<span class=\"wpcf7-form-control-wrap\" data-name=\"contact-telephone\"><input size=\"40\" maxlength=\"400\" class=\"wpcf7-form-control wpcf7-text\" id=\"contact-telephone\" aria-invalid=\"false\" value=\"\" type=\"text\" name=\"contact-telephone\" \/><\/span>\n\t\t<\/p>\n\t<\/div>\n<\/div>\n<div class=\"row\">\n\t<div class=\"col-md-12 col-sm-12\">\n\t\t<p><label for=\"contact-email\">Adresse \u00e9lectronique<\/label><br \/>\n<span class=\"wpcf7-form-control-wrap\" data-name=\"contact-email\"><input size=\"40\" maxlength=\"400\" class=\"wpcf7-form-control wpcf7-email wpcf7-validates-as-required wpcf7-text wpcf7-validates-as-email\" id=\"contact-email\" aria-required=\"true\" aria-invalid=\"false\" value=\"\" type=\"email\" name=\"contact-email\" \/><\/span>\n\t\t<\/p>\n\t<\/div>\n<\/div>\n<div class=\"row\">\n\t<div class=\"col-md-12 col-sm-12\">\n\t\t<p><label for=\"contact-question\">Question\/ Commentaire<\/label>\n\t\t<\/p>\n\t\t<div id=\"messagetext\">\n\t\t\t<div id=\"messagetextcontent\">\n\t\t\t\t<p><span class=\"wpcf7-form-control-wrap\" data-name=\"contact-question\"><textarea cols=\"40\" rows=\"10\" maxlength=\"2000\" class=\"wpcf7-form-control wpcf7-textarea\" id=\"contact-question\" aria-invalid=\"false\" name=\"contact-question\"><\/textarea><\/span>\n\t\t\t\t<\/p>\n\t\t\t<\/div>\n\t\t<\/div>\n\t<\/div>\n<\/div>\n<div class=\"row\" style=\"width: 95%;margin-bottom: 1em\">\n\t<div class=\"col-md-6 col-sm-12\">\n\t\t<p><input class=\"wpcf7-form-control wpcf7-submit has-spinner hp-btn hp-btn-ok\" id=\"submit\" type=\"submit\" value=\"Envoyer\" \/>\n\t\t<\/p>\n\t<\/div>\n<\/div><div class=\"wpcf7-response-output\" aria-hidden=\"true\"><\/div>\n<\/form>\n<\/div>\n<\/div>\n","protected":false},"excerpt":{"rendered":"<p>Comment contacter le service d&rsquo;assistance \u00e0 la protection du HCR en Gr\u00e8ce T\u00e9l\u00e9phone : Si vous \u00eates sur l&rsquo;\u00eele de Lesvos, veuillez contacter notre service d&rsquo;assistance t\u00e9l\u00e9phonique de 8h30 \u00e0 17h00 : +30 694 329 3449. Si vous \u00eates sur l&rsquo;\u00eele de Chios, veuillez contacter le num\u00e9ro suivant : lun &#8211; ven, 9h00 \u2013 16h00 [&hellip;]<\/p>\n","protected":false},"author":1,"featured_media":0,"parent":113,"menu_order":8,"comment_status":"closed","ping_status":"closed","template":"","meta":{"_acf_changed":false,"footnotes":""},"class_list":["post-1138","page","type-page","status-publish","hentry"],"acf":[],"_links":{"self":[{"href":"https:\/\/help.unhcr.org\/greece\/fr\/wp-json\/wp\/v2\/pages\/1138","targetHints":{"allow":["GET"]}}],"collection":[{"href":"https:\/\/help.unhcr.org\/greece\/fr\/wp-json\/wp\/v2\/pages"}],"about":[{"href":"https:\/\/help.unhcr.org\/greece\/fr\/wp-json\/wp\/v2\/types\/page"}],"author":[{"embeddable":true,"href":"https:\/\/help.unhcr.org\/greece\/fr\/wp-json\/wp\/v2\/users\/1"}],"replies":[{"embeddable":true,"href":"https:\/\/help.unhcr.org\/greece\/fr\/wp-json\/wp\/v2\/comments?post=1138"}],"version-history":[{"count":13,"href":"https:\/\/help.unhcr.org\/greece\/fr\/wp-json\/wp\/v2\/pages\/1138\/revisions"}],"predecessor-version":[{"id":30505,"href":"https:\/\/help.unhcr.org\/greece\/fr\/wp-json\/wp\/v2\/pages\/1138\/revisions\/30505"}],"up":[{"embeddable":true,"href":"https:\/\/help.unhcr.org\/greece\/fr\/wp-json\/wp\/v2\/pages\/113"}],"wp:attachment":[{"href":"https:\/\/help.unhcr.org\/greece\/fr\/wp-json\/wp\/v2\/media?parent=1138"}],"curies":[{"name":"wp","href":"https:\/\/api.w.org\/{rel}","templated":true}]}}