{"id":3127,"date":"2020-08-07T08:12:09","date_gmt":"2020-08-07T08:12:09","guid":{"rendered":"http:\/\/help.unhcr.org\/greece\/?page_id=3127"},"modified":"2022-03-11T10:35:10","modified_gmt":"2022-03-11T10:35:10","slug":"media-ar","status":"publish","type":"page","link":"https:\/\/help.unhcr.org\/greece\/ar\/%d8%a7%d9%84%d8%ad%d9%8a%d8%a7%d8%a9-%d9%81%d9%8a-%d8%a7%d9%84%d9%8a%d9%88%d9%86%d8%a7%d9%86\/media-ar\/","title":{"rendered":"\u0648\u0633\u0627\u0626\u0644 \u0627\u0644\u0625\u0639\u0644\u0627\u0645"},"content":{"rendered":"<p><!--StartFragment--><\/p>\n\n<p><!--StartFragment--><\/p>\n\n<p><!--StartFragment--><\/p>\n\n<p><!--StartFragment--><\/p>\n\n<p><!--EndFragment--><\/p>\n<p><!--EndFragment--><\/p>\n<p><!--EndFragment--><\/p>\n<p><!--EndFragment--><\/p>\n\n\n<p class=\"has-very-light-gray-color has-vivid-cyan-blue-background-color has-text-color has-background has-medium-font-size\"><strong>Refugees speaking to Refugees<\/strong><\/p>\n\n\n\n<p class=\"has-medium-font-size\"><strong>Refugees speaking to Refugees: Motkhtar Rezai shares his story &#8211; DARI<\/strong><\/p>\n\n\n\n<p>The UN Refugee Agency, UNHCR launched in December 2021 a series&nbsp;of open discussion groups for refugees in Greece focusing on successes and challenges in the integration process.<\/p>\n\n\n\n<p>The first such session was held on 15 December in Thessaloniki, with guest speaker Mokhtar Rezai from Afghanistan.<\/p>\n\n\n\n<p>Mokhtar arrived alone in Greece in 2001 as a 15-year-old and received his refugee status some nine years later. He has attended Greek school and was the first Afghan national who sat and succeeded in the nationwide university entrance exams. Since then, he has become President of the Afghan community in Greece, the Vice-President of the Greek Refugee Forum, and the father of three daughters<strong>.&nbsp;<\/strong>He also writes about his experience as a refugee with a view to inform, inspire and bring change.<\/p>\n\n\n\n<p><strong>Dari<\/strong>:<\/p>\n\n\n\n<p>\u0645\u062e\u062a\u0627\u0631&nbsp;\u2013&nbsp;\u0648\u06cc\u062f\u06cc\u0648\u06cc \u06cc\u0648\u0646\u0627\u0646\u06cc<\/p>\n\n\n\n<p>\u0645\u0648\u0636\u0648\u0639: \u067e\u0646\u0627\u0647\u0646\u062f\u0647\u200c\u0647\u0627 \u0628\u0627 \u067e\u0646\u0627\u0647\u0646\u062f\u0647\u200c\u0647\u0627 \u0635\u062d\u0628\u062a \u0645\u06cc\u200c\u06a9\u0646\u0646\u062f: \u0645\u062e\u062a\u0627\u0631 \u0631\u0636\u0627\u06cc\u06cc \u062f\u0627\u0633\u062a\u0627\u0646\u0634 \u0631\u0627 \u0628\u0647 \u0627\u0634\u062a\u0631\u0627\u06a9 \u0645\u06cc\u200c\u06af\u0630\u0627\u0631\u062f<\/p>\n\n\n\n<p>\u0645\u062a\u0646: \u0622\u0698\u0627\u0646\u0633 \u067e\u0646\u0627\u0647\u0646\u062f\u06af\u0627\u0646 \u0633\u0627\u0632\u0645\u0627\u0646 \u0645\u0644\u0644\u060cUNHCR&nbsp;\u06a9\u0645\u06cc\u0633\u0627\u0631\u06cc\u0627\u06cc&nbsp;\u0639\u0627\u0644\u06cc&nbsp;\u0633\u0627\u0632\u0645\u0627\u0646 \u0645\u0644\u0644 \u0645\u062a\u062d\u062f \u062f\u0631 \u0627\u0645\u0648\u0631 \u067e\u0646\u0627\u0647\u0646\u062f\u06af\u0627\u0646&nbsp;\u060c \u06cc\u06a9 \u0633\u0631\u06cc \u0627\u0632 \u06af\u0631\u0648\u0647\u200c\u0647\u0627\u06cc \u0628\u062d\u062b\u200c \u0622\u0632\u0627\u062f&nbsp;\u0628\u0627 \u062a\u0645\u0631\u06a9\u0632 \u0628\u0631 \u0645\u0648\u0641\u0642\u06cc\u062a\u200c\u0647\u0627 \u0648 \u0686\u0627\u0644\u0634\u200c\u0647\u0627 \u062f\u0631 \u0631\u0648\u0646\u062f \u0627\u062f\u063a\u0627\u0645\u060c&nbsp;\u0628\u0631\u0627\u06cc \u067e\u0646\u0627\u0647\u0646\u062f\u06af\u0627\u0646 \u062f\u0631 \u06cc\u0648\u0646\u0627\u0646&nbsp;\u0631\u0627 \u062f\u0631&nbsp;\u0645\u0627\u0647&nbsp;\u062f\u0633\u0627\u0645\u0628\u0631 \u06f2\u06f0\u06f2\u06f1 \u0631\u0627\u0647 \u0627\u0646\u062f\u0627\u0632\u06cc \u06a9\u0631\u062f.&nbsp;\u0686\u0646\u06cc\u0646 \u0646\u0634\u0633\u062a\u06cc \u062f\u0631 \u0631\u0648\u0632 \u06f1\u06f5 \u062f\u0633\u0627\u0645\u0628\u0631 \u062f\u0631 \u062a\u0633\u0627\u0644\u0648\u0646\u06cc\u06a9\u06cc \u0628\u0627 \u0633\u062e\u0646\u06af\u0648\u06cc \u0645\u0647\u0645\u0627\u0646 \u0622\u0642\u0627\u06cc \u0645\u062e\u062a\u0627\u0631 \u0631\u0636\u0627\u06cc\u06cc \u0627\u0632 \u0627\u0641\u063a\u0627\u0646\u0633\u062a\u0627\u0646\u060c \u0628\u0631\u06af\u0632\u0627\u0631 \u06af\u0631\u062f\u06cc\u062f.<\/p>\n\n\n\n<p>\u0645\u062e\u062a\u0627\u0631 \u062f\u0631 \u0633\u0627\u0644 \u06f2\u06f0\u06f0\u06f1 \u0648 \u062f\u0631 \u0633\u0646 \u06f1\u06f5 \u0633\u0627\u0644\u06af\u06cc \u0628\u0647 \u062a\u0646\u0647\u0627\u06cc\u06cc \u0648\u0627\u0631\u062f \u06cc\u0648\u0646\u0627\u0646 \u0634\u062f \u0648 \u0648\u0636\u0639\u06cc\u062a \u067e\u0646\u0627\u0647\u0646\u062f\u06af\u06cc\u200c\u0627\u0634 \u0631\u0627 \u06f9 \u0633\u0627\u0644 \u0628\u0639\u062f \u062f\u0631\u06cc\u0627\u0641\u062a \u06a9\u0631\u062f.&nbsp;\u0648\u06cc \u062f\u0631 \u0645\u062f\u0631\u0633\u0647 \u06cc\u0648\u0646\u0627\u0646\u06cc \u0634\u0631\u06a9\u062a \u0646\u0645\u0648\u062f\u0647 \u0648 \u0627\u0648\u0644\u06cc\u0646 \u062a\u0628\u0639\u0647 \u0627\u0641\u063a\u0627\u0646 \u0628\u0648\u062f \u06a9\u0647 \u062f\u0631 \u0627\u0645\u062a\u062d\u0627\u0646\u200c\u0647\u0627\u06cc \u0648\u0631\u0648\u062f\u06cc \u0633\u0631\u0627\u0633\u0631\u06cc \u062f\u0627\u0646\u0634\u06af\u0627\u0647 \u0634\u0631\u06a9\u062a&nbsp;\u0646\u0645\u0648\u062f\u0647&nbsp;\u0648 \u0645\u0648\u0641\u0642 \u06af\u0631\u062f\u06cc\u062f. \u0627\u0632 \u0622\u0646&nbsp;\u0628\u0647 \u0628\u0639\u062f\u060c \u0648\u06cc \u0631\u0626\u06cc\u0633 \u062c\u0627\u0645\u0639\u0647 \u0627\u0641\u063a\u0627\u0646\u200c\u0647\u0627\u06cc \u06cc\u0648\u0646\u0627\u0646\u060c \u0646\u0627\u06cc\u0628 \u0631\u0626\u06cc\u0633&nbsp;\u0627\u0646\u062c\u0645\u0646\u067e\u0646\u0627\u0647\u0646\u062f\u06af\u0627\u0646&nbsp;\u06cc\u0648\u0646\u0627\u0646 \u0648 \u067e\u062f\u0631 \u06f3 \u062f\u062e\u062a\u0631&nbsp;\u0634\u062f\u0647&nbsp;\u0627\u0633\u062a. \u0648\u06cc \u0647\u0645\u0686\u0646\u06cc\u0646 \u062f\u0631\u0628\u0627\u0631\u0647\u0654 \u062a\u062c\u0631\u0628\u0647\u200c\u0627\u0634 \u0628\u0647 \u0639\u0646\u0648\u0627\u0646 \u06cc\u06a9 \u067e\u0646\u0627\u0647\u0646\u062f\u0647\u200c \u0628\u0627 \u06cc\u06a9 \u0686\u0634\u0645\u200c\u0627\u0646\u062f\u0627\u0632 \u0628\u0631\u0627\u06cc \u0622\u06af\u0627\u0647\u06cc\u200c\u0631\u0633\u0627\u0646\u06cc\u060c \u0627\u0644\u0647\u0627\u0645\u200c \u0628\u062e\u0634\u06cc\u062f\u0646 \u0648&nbsp;\u062a\u063a\u06cc\u06cc\u0631 \u0628\u0647 \u0645\u06cc\u0627\u0646 \u0622\u0648\u0631\u062f\u0646 \u0645\u06cc\u200c\u0646\u0648\u06cc\u0633\u062f.<\/p>\n\n\n\n<figure class=\"wp-block-embed is-type-video is-provider-youtube wp-block-embed-youtube wp-embed-aspect-16-9 wp-has-aspect-ratio\"><div class=\"wp-block-embed__wrapper\">\n<iframe loading=\"lazy\" title=\"Refugees speaking to Refugees: Motkhtar Rezai shares his story - DARI\" width=\"640\" height=\"360\" src=\"https:\/\/www.youtube.com\/embed\/qf15ixD28FQ?feature=oembed\" frameborder=\"0\" allow=\"accelerometer; autoplay; clipboard-write; encrypted-media; gyroscope; picture-in-picture; web-share\" referrerpolicy=\"strict-origin-when-cross-origin\" allowfullscreen><\/iframe>\n<\/div><figcaption>Refugees speaking to Refugees: Motkhtar Rezai shares his story &#8211; DARI<\/figcaption><\/figure>\n\n\n\n<hr class=\"wp-block-separator\" \/>\n\n\n\n<p class=\"has-medium-font-size\"><strong>Les r\u00e9fugi\u00e9s parlent aux r\u00e9fugi\u00e9s: Julien raconte son histoire &#8211; FRENCH<\/strong><\/p>\n\n\n\n<p>Le&nbsp;Haut Commissariat&nbsp;des Nations Unies pour les r\u00e9fugi\u00e9s a d\u00e9but\u00e9 en d\u00e9cembre 2021 une s\u00e9rie de&nbsp;groupes&nbsp;de discussions&nbsp;ouvertes&nbsp;sur les r\u00e9fugi\u00e9s en Gr\u00e8ce, en mettant l&#8217;accent sur les succ\u00e8s et les difficult\u00e9s du processus d\u2019&nbsp;int\u00e9gration.&nbsp;<\/p>\n\n\n\n<p>La deuxi\u00e8me discussion de ce cycle&nbsp;avec comme th\u00e8me l&#8217;\u00e9tude dans une \u00e9cole et une&nbsp;Universit\u00e9 grecque s&#8217;est tenue le 16 d\u00e9cembre&nbsp;2021&nbsp;\u00e0 Ioannina, avec&nbsp;comme orateur&nbsp;Julien Makalu,&nbsp;un&nbsp;r\u00e9fugi\u00e9&nbsp;originaire&nbsp;de la R\u00e9publique&nbsp;D\u00e9mocratique du Congo&nbsp;qui vit en Gr\u00e8ce depuis 2011.&nbsp;<\/p>\n\n\n\n<p>Julien est&nbsp;venu seul en Gr\u00e8ce \u00e0 l&#8217;\u00e2ge de 16&nbsp;ans. Ayant&nbsp;la foi en la valeur de l&#8217;\u00e9ducation et avec&nbsp;comme&nbsp;conducteur sa d\u00e9termination,&nbsp;il a \u00e9tudi\u00e9 au lyc\u00e9e de&nbsp;Konitsa&nbsp;proche de la ville&nbsp;de Ioannina, il a obtenu son dipl\u00f4me de BAC&nbsp;en 2015&nbsp;avec mention grande distinction et un meilleur score qui lui a permit d\u2019\u00eatre admis premier \u00e0 l\u2019Universit\u00e9 de West&nbsp;Attica&nbsp;(Universit\u00e9&nbsp;\u201cDutikis&nbsp;Attikis\u201d), o\u00f9 il a marqu\u00e9&nbsp;comme&nbsp;l\u2019un des&nbsp;meilleurs&nbsp;\u00e9tudiants en Master Int\u00e9gr\u00e9&nbsp;du&nbsp;d\u00e9partement&nbsp;d&#8217;Ing\u00e9nierie \u00e9lectrique et \u00e9lectronique,&nbsp;avec comme sp\u00e9cialit\u00e9 ing\u00e9nieur des communication et r\u00e9seau.&nbsp;Il a&nbsp;re\u00e7u un brevet d\u2019excellence de la part de l\u2019administration du minist\u00e8re grec du travail,&nbsp;il a&nbsp;re\u00e7u&nbsp;le prix de &nbsp;&#8220;Role&nbsp;Model de l\u2019\u00e9ducation &#8221; de la part de la&nbsp;Commission europ\u00e9enne pour la r\u00e9gion&nbsp;d\u2019Ioannina, le prix qui lui a \u00e9t\u00e9 remis par le&nbsp;Fondation des bourses d&#8217;\u00c9tat hell\u00e9nique(IKA).&nbsp;En Gr\u00e8ce il a travaill\u00e9&nbsp;comme Agent de bureau dans plusieurs entreprises&nbsp;et&nbsp;depuis presque une ann\u00e9e&nbsp;il&nbsp;a finalement fond\u00e9&nbsp;sa propre entreprise pour le commerce international et les services administratifs.<\/p>\n\n\n\n<figure class=\"wp-block-embed is-type-video is-provider-youtube wp-block-embed-youtube wp-embed-aspect-4-3 wp-has-aspect-ratio\"><div class=\"wp-block-embed__wrapper\">\n<iframe loading=\"lazy\" title=\"Les r\u00e9fugi\u00e9s parlent aux r\u00e9fugi\u00e9s: Julien raconte son histoire\" width=\"640\" height=\"480\" src=\"https:\/\/www.youtube.com\/embed\/58h92X9yuAA?feature=oembed\" frameborder=\"0\" allow=\"accelerometer; autoplay; clipboard-write; encrypted-media; gyroscope; picture-in-picture; web-share\" referrerpolicy=\"strict-origin-when-cross-origin\" allowfullscreen><\/iframe>\n<\/div><figcaption><strong>Les r\u00e9fugi\u00e9s parlent aux r\u00e9fugi\u00e9s: Julien raconte son histoire &#8211; FRENCH<\/strong><\/figcaption><\/figure>\n","protected":false},"excerpt":{"rendered":"<p>Refugees speaking to Refugees Refugees speaking to Refugees: Motkhtar Rezai shares his story &#8211; DARI The UN Refugee Agency, UNHCR launched in December 2021 a series&nbsp;of open discussion groups for refugees in Greece focusing on successes and challenges in the integration process. The first such session was held on 15 December in Thessaloniki, with guest [&hellip;]<\/p>\n","protected":false},"author":26,"featured_media":0,"parent":801,"menu_order":9,"comment_status":"closed","ping_status":"closed","template":"","meta":{"_acf_changed":false,"footnotes":""},"class_list":["post-3127","page","type-page","status-publish","hentry"],"acf":[],"_links":{"self":[{"href":"https:\/\/help.unhcr.org\/greece\/ar\/wp-json\/wp\/v2\/pages\/3127","targetHints":{"allow":["GET"]}}],"collection":[{"href":"https:\/\/help.unhcr.org\/greece\/ar\/wp-json\/wp\/v2\/pages"}],"about":[{"href":"https:\/\/help.unhcr.org\/greece\/ar\/wp-json\/wp\/v2\/types\/page"}],"author":[{"embeddable":true,"href":"https:\/\/help.unhcr.org\/greece\/ar\/wp-json\/wp\/v2\/users\/26"}],"replies":[{"embeddable":true,"href":"https:\/\/help.unhcr.org\/greece\/ar\/wp-json\/wp\/v2\/comments?post=3127"}],"version-history":[{"count":3,"href":"https:\/\/help.unhcr.org\/greece\/ar\/wp-json\/wp\/v2\/pages\/3127\/revisions"}],"predecessor-version":[{"id":4233,"href":"https:\/\/help.unhcr.org\/greece\/ar\/wp-json\/wp\/v2\/pages\/3127\/revisions\/4233"}],"up":[{"embeddable":true,"href":"https:\/\/help.unhcr.org\/greece\/ar\/wp-json\/wp\/v2\/pages\/801"}],"wp:attachment":[{"href":"https:\/\/help.unhcr.org\/greece\/ar\/wp-json\/wp\/v2\/media?parent=3127"}],"curies":[{"name":"wp","href":"https:\/\/api.w.org\/{rel}","templated":true}]}}