{"id":493,"date":"2018-09-06T15:49:26","date_gmt":"2018-09-06T15:49:26","guid":{"rendered":"http:\/\/help.unhcr.org\/germany\/?page_id=493"},"modified":"2026-04-20T14:23:38","modified_gmt":"2026-04-20T14:23:38","slug":"retour-volontaire","status":"publish","type":"page","link":"https:\/\/help.unhcr.org\/germany\/fr\/retour-volontaire\/","title":{"rendered":"Retour volontaire"},"content":{"rendered":"<p>D&rsquo;un point de vue g\u00e9n\u00e9ral, un retour volontaire est possible \u00e0 tout moment. De nombreux r\u00e9fugi\u00e9s souhaiteraient rentrer dans leur pays d\u00e8s qu&rsquo;ils ne seront plus sous la menace de pers\u00e9cutions. D&rsquo;autres souhaitent rentrer dans leur pays d&rsquo;origine avant la fin de la proc\u00e9dure d&rsquo;examen de la demande d&rsquo;asile.<\/p>\n<p>Les personnes dont la demande d&rsquo;asile a \u00e9t\u00e9 d\u00e9finitivement rejet\u00e9e sont a<a href=\"https:\/\/help.unhcr.org\/germany\/fr\/asile-en-allemagne\/depart\/\">bsolument tenues de quitter le territoire<\/a>. Elles ont la possibilit\u00e9 de partir volontairement jusqu&rsquo;\u00e0 un certain moment. Ce n&rsquo;est que lorsqu&rsquo;une personne ne part pas volontairement qu&rsquo;elle est expuls\u00e9e sous la contrainte vers son pays d&rsquo;origine.<\/p>\n<p>En collaboration avec diff\u00e9rents partenaires, la R\u00e9publique f\u00e9d\u00e9rale d&rsquo;Allemagne soutient les personnes qui souhaitent rentrer volontairement dans leur pays d&rsquo;origine. Si celle-ci ne disposent pas des moyens financiers leur permettant de partir, elles peuvent demander une aide. Le programme d&rsquo;aide humanitaire REAG\/GARP prend en charge les co\u00fbts de transport, une aide au voyage, et accorde aux citoyens de pays particuliers une aide initiale. Ce programme est mis en \u0153uvre par l&rsquo;organisation internationale pour les migrations (OIM). Toutefois, on ne peut faire valoir aucune pr\u00e9tention \u00e0 \u00eatre pris en charge par ce programme.<\/p>\n<p>Pour de plus amples informations concernant les programmes de retour, rendez-vous sur <a href=\"https:\/\/www.bamf.de\/DE\/Themen\/Rueckkehr\/rueckkehr-node.html\">le site Internet de l&rsquo;Office f\u00e9d\u00e9ral.<\/a><\/p>\n<p>Si vous avez besoin d&rsquo;aide dans la planification de votre retour, vous pouvez vous adresser \u00e0 des conseillers sp\u00e9ciaux en retour. Pour consulter une liste des organismes de conseil, veuillez cliquer <a href=\"https:\/\/www.returningfromgermany.de\/en\/centres\/\">ici<\/a>.<\/p>\n<p>Il existe des programmes de retour sp\u00e9ciaux pour certains pays comme le Kosovo ou l&rsquo;Irak du Nord. Ces programmes doivent aider les rapatri\u00e9s \u00e0 s&rsquo;en sortir socialement et \u00e9conomiquement dans leur pays d&rsquo;origine.\u00a0 Pour de plus amples informations, rendez-vous \u00e9galement sur <a href=\"http:\/\/germany.iom.int\/\">le site Internet de l\u2019Organisation internationale pour les migrations<\/a> (OIM).<\/p>\n","protected":false},"excerpt":{"rendered":"<p>D&rsquo;un point de vue g\u00e9n\u00e9ral, un retour volontaire est possible \u00e0 tout moment. De nombreux r\u00e9fugi\u00e9s souhaiteraient rentrer dans leur pays d\u00e8s qu&rsquo;ils ne seront plus sous la menace de pers\u00e9cutions. D&rsquo;autres souhaitent rentrer dans leur pays d&rsquo;origine avant la fin de la proc\u00e9dure d&rsquo;examen de la demande d&rsquo;asile. Les personnes dont la demande d&rsquo;asile [&hellip;]<\/p>\n","protected":false},"author":1,"featured_media":0,"parent":0,"menu_order":7,"comment_status":"closed","ping_status":"closed","template":"","meta":{"_acf_changed":false,"footnotes":""},"class_list":["post-493","page","type-page","status-publish","hentry"],"acf":[],"_links":{"self":[{"href":"https:\/\/help.unhcr.org\/germany\/fr\/wp-json\/wp\/v2\/pages\/493","targetHints":{"allow":["GET"]}}],"collection":[{"href":"https:\/\/help.unhcr.org\/germany\/fr\/wp-json\/wp\/v2\/pages"}],"about":[{"href":"https:\/\/help.unhcr.org\/germany\/fr\/wp-json\/wp\/v2\/types\/page"}],"author":[{"embeddable":true,"href":"https:\/\/help.unhcr.org\/germany\/fr\/wp-json\/wp\/v2\/users\/1"}],"replies":[{"embeddable":true,"href":"https:\/\/help.unhcr.org\/germany\/fr\/wp-json\/wp\/v2\/comments?post=493"}],"version-history":[{"count":5,"href":"https:\/\/help.unhcr.org\/germany\/fr\/wp-json\/wp\/v2\/pages\/493\/revisions"}],"predecessor-version":[{"id":1169,"href":"https:\/\/help.unhcr.org\/germany\/fr\/wp-json\/wp\/v2\/pages\/493\/revisions\/1169"}],"wp:attachment":[{"href":"https:\/\/help.unhcr.org\/germany\/fr\/wp-json\/wp\/v2\/media?parent=493"}],"curies":[{"name":"wp","href":"https:\/\/api.w.org\/{rel}","templated":true}]}}