{"id":489,"date":"2018-09-06T15:41:17","date_gmt":"2018-09-06T15:41:17","guid":{"rendered":"http:\/\/help.unhcr.org\/germany\/?page_id=489"},"modified":"2018-09-06T15:47:46","modified_gmt":"2018-09-06T15:47:46","slug":"titres-de-sejour","status":"publish","type":"page","link":"https:\/\/help.unhcr.org\/germany\/fr\/titres-de-sejour\/","title":{"rendered":"Titres de s\u00e9jour"},"content":{"rendered":"<p>Diff\u00e9rents documents attestent de votre statut de r\u00e9sident\u00a0; vous devez vous en munir lors de vos voyages et de votre s\u00e9jour. Il est important que vous fassiez la distinction entre ces documents car ils sont li\u00e9s \u00e0 diff\u00e9rents droits et obligations.<\/p>\n","protected":false},"excerpt":{"rendered":"<p>Diff\u00e9rents documents attestent de votre statut de r\u00e9sident\u00a0; vous devez vous en munir lors de vos voyages et de votre s\u00e9jour. Il est important que vous fassiez la distinction entre ces documents car ils sont li\u00e9s \u00e0 diff\u00e9rents droits et obligations.<\/p>\n","protected":false},"author":1,"featured_media":0,"parent":0,"menu_order":5,"comment_status":"closed","ping_status":"closed","template":"page-templates\/sectioned.php","meta":{"_acf_changed":false,"footnotes":""},"class_list":["post-489","page","type-page","status-publish","hentry"],"acf":[],"_links":{"self":[{"href":"https:\/\/help.unhcr.org\/germany\/fr\/wp-json\/wp\/v2\/pages\/489","targetHints":{"allow":["GET"]}}],"collection":[{"href":"https:\/\/help.unhcr.org\/germany\/fr\/wp-json\/wp\/v2\/pages"}],"about":[{"href":"https:\/\/help.unhcr.org\/germany\/fr\/wp-json\/wp\/v2\/types\/page"}],"author":[{"embeddable":true,"href":"https:\/\/help.unhcr.org\/germany\/fr\/wp-json\/wp\/v2\/users\/1"}],"replies":[{"embeddable":true,"href":"https:\/\/help.unhcr.org\/germany\/fr\/wp-json\/wp\/v2\/comments?post=489"}],"version-history":[{"count":3,"href":"https:\/\/help.unhcr.org\/germany\/fr\/wp-json\/wp\/v2\/pages\/489\/revisions"}],"predecessor-version":[{"id":492,"href":"https:\/\/help.unhcr.org\/germany\/fr\/wp-json\/wp\/v2\/pages\/489\/revisions\/492"}],"wp:attachment":[{"href":"https:\/\/help.unhcr.org\/germany\/fr\/wp-json\/wp\/v2\/media?parent=489"}],"curies":[{"name":"wp","href":"https:\/\/api.w.org\/{rel}","templated":true}]}}