{"id":481,"date":"2018-09-06T15:12:46","date_gmt":"2018-09-06T15:12:46","guid":{"rendered":"http:\/\/help.unhcr.org\/germany\/?page_id=481"},"modified":"2018-09-06T15:12:46","modified_gmt":"2018-09-06T15:12:46","slug":"droits-et-obligations","status":"publish","type":"page","link":"https:\/\/help.unhcr.org\/germany\/fr\/droits-et-obligations\/","title":{"rendered":"Droits et obligations"},"content":{"rendered":"<p>Lors de la proc\u00e9dure de demande d&rsquo;asile et apr\u00e8s celle-ci, vous disposez de droits et \u00eates soumis(e) \u00e0 des obligations. Ceux-ci sont li\u00e9s \u00e0 votre statut de r\u00e9sident, et sont influenc\u00e9s par de nombreux facteurs de la vie quotidienne, qui vont de l&rsquo;h\u00e9bergement au travail. Chaque personne qui r\u00e9side en Allemagne est tenue de respecter les lois et r\u00e9glementations allemandes. Ceci s&rsquo;applique ind\u00e9pendamment de la nationalit\u00e9 de la personne en question.<\/p>\n","protected":false},"excerpt":{"rendered":"<p>Lors de la proc\u00e9dure de demande d&rsquo;asile et apr\u00e8s celle-ci, vous disposez de droits et \u00eates soumis(e) \u00e0 des obligations. Ceux-ci sont li\u00e9s \u00e0 votre statut de r\u00e9sident, et sont influenc\u00e9s par de nombreux facteurs de la vie quotidienne, qui vont de l&rsquo;h\u00e9bergement au travail. Chaque personne qui r\u00e9side en Allemagne est tenue de respecter [&hellip;]<\/p>\n","protected":false},"author":1,"featured_media":0,"parent":0,"menu_order":4,"comment_status":"closed","ping_status":"closed","template":"page-templates\/listing_page.php","meta":{"_acf_changed":false,"footnotes":""},"class_list":["post-481","page","type-page","status-publish","hentry"],"acf":[],"_links":{"self":[{"href":"https:\/\/help.unhcr.org\/germany\/fr\/wp-json\/wp\/v2\/pages\/481","targetHints":{"allow":["GET"]}}],"collection":[{"href":"https:\/\/help.unhcr.org\/germany\/fr\/wp-json\/wp\/v2\/pages"}],"about":[{"href":"https:\/\/help.unhcr.org\/germany\/fr\/wp-json\/wp\/v2\/types\/page"}],"author":[{"embeddable":true,"href":"https:\/\/help.unhcr.org\/germany\/fr\/wp-json\/wp\/v2\/users\/1"}],"replies":[{"embeddable":true,"href":"https:\/\/help.unhcr.org\/germany\/fr\/wp-json\/wp\/v2\/comments?post=481"}],"version-history":[{"count":1,"href":"https:\/\/help.unhcr.org\/germany\/fr\/wp-json\/wp\/v2\/pages\/481\/revisions"}],"predecessor-version":[{"id":482,"href":"https:\/\/help.unhcr.org\/germany\/fr\/wp-json\/wp\/v2\/pages\/481\/revisions\/482"}],"wp:attachment":[{"href":"https:\/\/help.unhcr.org\/germany\/fr\/wp-json\/wp\/v2\/media?parent=481"}],"curies":[{"name":"wp","href":"https:\/\/api.w.org\/{rel}","templated":true}]}}