{"id":479,"date":"2018-09-06T15:05:33","date_gmt":"2018-09-06T15:05:33","guid":{"rendered":"http:\/\/help.unhcr.org\/germany\/?page_id=479"},"modified":"2018-09-06T15:09:07","modified_gmt":"2018-09-06T15:09:07","slug":"programme-daccueil-humanitaire","status":"publish","type":"page","link":"https:\/\/help.unhcr.org\/germany\/fr\/enregistrement-en-allemagne\/programme-daccueil-humanitaire\/","title":{"rendered":"Programme d&rsquo;accueil humanitaire"},"content":{"rendered":"<p>Il arrive que des \u00c9tats mettent en place des programmes d&rsquo;accueil humanitaires pour des personnes issues de zones de conflits importants. Ils se d\u00e9clarent ainsi pr\u00eats \u00e0 accueillir un nombre pr\u00e9cis de personnes ayant droit \u00e0 une protection. Par le pass\u00e9, l&rsquo;Allemagne a toujours mis en place un programme d&rsquo;accueil. Depuis 2013, environ 20\u00a0000\u00a0personnes ont pu \u00e9migrer en provenance de Syrie par le biais de trois programmes d&rsquo;accueil f\u00e9d\u00e9raux. Toutefois, les programmes d&rsquo;accueil de la F\u00e9d\u00e9ration sont clos. Pour le moment, aucun nouveau programme n&rsquo;est pr\u00e9vu.<\/p>\n<p>La R\u00e9publique f\u00e9d\u00e9rale d&rsquo;Allemagne se compose de 16\u00a0L\u00e4nder. \u00c0 l&rsquo;exception de la Bavi\u00e8re, tous les L\u00e4nder ont mis en place leur propre programme d&rsquo;accueil ciblant des groupes particuliers, notamment les membres de la famille, qui n&rsquo;appartiennent pas uniquement au noyau familial (couple et ses enfants mineurs). Ces programmes des L\u00e4nder sont cependant d\u00e9j\u00e0 largement arriv\u00e9s \u00e0 \u00e9ch\u00e9ance.<\/p>\n","protected":false},"excerpt":{"rendered":"<p>Il arrive que des \u00c9tats mettent en place des programmes d&rsquo;accueil humanitaires pour des personnes issues de zones de conflits importants. Ils se d\u00e9clarent ainsi pr\u00eats \u00e0 accueillir un nombre pr\u00e9cis de personnes ayant droit \u00e0 une protection. Par le pass\u00e9, l&rsquo;Allemagne a toujours mis en place un programme d&rsquo;accueil. Depuis 2013, environ 20\u00a0000\u00a0personnes ont [&hellip;]<\/p>\n","protected":false},"author":1,"featured_media":0,"parent":472,"menu_order":2,"comment_status":"closed","ping_status":"closed","template":"","meta":{"_acf_changed":false,"footnotes":""},"class_list":["post-479","page","type-page","status-publish","hentry"],"acf":[],"_links":{"self":[{"href":"https:\/\/help.unhcr.org\/germany\/fr\/wp-json\/wp\/v2\/pages\/479","targetHints":{"allow":["GET"]}}],"collection":[{"href":"https:\/\/help.unhcr.org\/germany\/fr\/wp-json\/wp\/v2\/pages"}],"about":[{"href":"https:\/\/help.unhcr.org\/germany\/fr\/wp-json\/wp\/v2\/types\/page"}],"author":[{"embeddable":true,"href":"https:\/\/help.unhcr.org\/germany\/fr\/wp-json\/wp\/v2\/users\/1"}],"replies":[{"embeddable":true,"href":"https:\/\/help.unhcr.org\/germany\/fr\/wp-json\/wp\/v2\/comments?post=479"}],"version-history":[{"count":1,"href":"https:\/\/help.unhcr.org\/germany\/fr\/wp-json\/wp\/v2\/pages\/479\/revisions"}],"predecessor-version":[{"id":480,"href":"https:\/\/help.unhcr.org\/germany\/fr\/wp-json\/wp\/v2\/pages\/479\/revisions\/480"}],"up":[{"embeddable":true,"href":"https:\/\/help.unhcr.org\/germany\/fr\/wp-json\/wp\/v2\/pages\/472"}],"wp:attachment":[{"href":"https:\/\/help.unhcr.org\/germany\/fr\/wp-json\/wp\/v2\/media?parent=479"}],"curies":[{"name":"wp","href":"https:\/\/api.w.org\/{rel}","templated":true}]}}