{"id":477,"date":"2018-09-06T15:02:52","date_gmt":"2018-09-06T15:02:52","guid":{"rendered":"http:\/\/help.unhcr.org\/germany\/?page_id=477"},"modified":"2019-02-27T13:30:41","modified_gmt":"2019-02-27T13:30:41","slug":"reinstallation","status":"publish","type":"page","link":"https:\/\/help.unhcr.org\/germany\/fr\/enregistrement-en-allemagne\/reinstallation\/","title":{"rendered":"R\u00e9installation"},"content":{"rendered":"<p>Les programmes de r\u00e9installation permettent aux r\u00e9fugi\u00e9s d&rsquo;immigrer de fa\u00e7on l\u00e9gale et s\u00fbre. Les places disponibles sont toutefois peu nombreuses. Chaque ann\u00e9e, les candidats \u00e0 la r\u00e9installation sont beaucoup plus nombreux que le nombre de places existantes. On ne peut faire valoir aucune pr\u00e9tention \u00e0 \u00eatre pris en charge dans un programme de r\u00e9installation. Chaque pays d\u00e9finit lui-m\u00eame le nombre de places de r\u00e9installation qu&rsquo;il met \u00e0 disposition et les pays concern\u00e9s par cet accueil. En 2016 et en 2017, l&rsquo;Allemagne a accueilli 1\u00a0600\u00a0personnes au total par le biais du programme de r\u00e9installation.<\/p>\n<p>Il existe une proc\u00e9dure fixe pour d\u00e9terminer les personnes b\u00e9n\u00e9ficiant du programme de r\u00e9installation. Le HCR examine les cas selon des crit\u00e8res d\u00e9finis, et propose \u00e0 la R\u00e9publique f\u00e9d\u00e9rale d&rsquo;Allemagne d&rsquo;accueillir les personnes particuli\u00e8rement vuln\u00e9rables. Les autorit\u00e9s allemandes d\u00e9cident en dernier lieu des personnes pouvant immigrer dans le cadre du programme. Le bureau du HCR en Allemagne n&rsquo;est <strong>pas <\/strong>comp\u00e9tent pour choisir les personnes \u00e9ligibles \u00e0 la r\u00e9installation. Il n&rsquo;existe pas de proc\u00e9dure de r\u00e9installation pour aller d&rsquo;Allemagne vers un autre \u00c9tat, comme le Canada ou les \u00c9tats-Unis.<\/p>\n<p>Pour de plus amples informations, rendez-vous sur <a href=\"https:\/\/www.unhcr.org\/dach\/de\/was-wir-tun\/resettlement-und-humanitaere-aufnahme\">notre site Internet.<\/a><\/p>\n","protected":false},"excerpt":{"rendered":"<p>Les programmes de r\u00e9installation permettent aux r\u00e9fugi\u00e9s d&rsquo;immigrer de fa\u00e7on l\u00e9gale et s\u00fbre. Les places disponibles sont toutefois peu nombreuses. Chaque ann\u00e9e, les candidats \u00e0 la r\u00e9installation sont beaucoup plus nombreux que le nombre de places existantes. On ne peut faire valoir aucune pr\u00e9tention \u00e0 \u00eatre pris en charge dans un programme de r\u00e9installation. Chaque [&hellip;]<\/p>\n","protected":false},"author":1,"featured_media":0,"parent":472,"menu_order":1,"comment_status":"closed","ping_status":"closed","template":"","meta":{"_acf_changed":false,"footnotes":""},"class_list":["post-477","page","type-page","status-publish","hentry"],"acf":[],"_links":{"self":[{"href":"https:\/\/help.unhcr.org\/germany\/fr\/wp-json\/wp\/v2\/pages\/477","targetHints":{"allow":["GET"]}}],"collection":[{"href":"https:\/\/help.unhcr.org\/germany\/fr\/wp-json\/wp\/v2\/pages"}],"about":[{"href":"https:\/\/help.unhcr.org\/germany\/fr\/wp-json\/wp\/v2\/types\/page"}],"author":[{"embeddable":true,"href":"https:\/\/help.unhcr.org\/germany\/fr\/wp-json\/wp\/v2\/users\/1"}],"replies":[{"embeddable":true,"href":"https:\/\/help.unhcr.org\/germany\/fr\/wp-json\/wp\/v2\/comments?post=477"}],"version-history":[{"count":2,"href":"https:\/\/help.unhcr.org\/germany\/fr\/wp-json\/wp\/v2\/pages\/477\/revisions"}],"predecessor-version":[{"id":519,"href":"https:\/\/help.unhcr.org\/germany\/fr\/wp-json\/wp\/v2\/pages\/477\/revisions\/519"}],"up":[{"embeddable":true,"href":"https:\/\/help.unhcr.org\/germany\/fr\/wp-json\/wp\/v2\/pages\/472"}],"wp:attachment":[{"href":"https:\/\/help.unhcr.org\/germany\/fr\/wp-json\/wp\/v2\/media?parent=477"}],"curies":[{"name":"wp","href":"https:\/\/api.w.org\/{rel}","templated":true}]}}