{"id":474,"date":"2018-09-06T14:57:55","date_gmt":"2018-09-06T14:57:55","guid":{"rendered":"http:\/\/help.unhcr.org\/germany\/?page_id=474"},"modified":"2026-04-20T14:03:33","modified_gmt":"2026-04-20T14:03:33","slug":"reunification-familiale","status":"publish","type":"page","link":"https:\/\/help.unhcr.org\/germany\/fr\/reunification-familiale\/","title":{"rendered":"R\u00e9unification familiale"},"content":{"rendered":"<p>La protection de la famille est un droit humain capital. Lorsque vous avez \u00e9t\u00e9 s\u00e9par\u00e9(e) de votre famille, avant ou pendant votre fuite, vous pouvez faire venir votre famille en Allemagne sous certaines conditions. Lorsque les membres de votre famille se trouvent encore hors de l&rsquo;UE, vous pouvez \u00e9ventuellement les faire venir lorsqu&rsquo;un statut de protection leur a \u00e9t\u00e9 reconnu (s&rsquo;ils sont par exemple reconnus comme r\u00e9fugi\u00e9s). Le statut de votre s\u00e9jour d\u00e9termine si vous pouvez ou non effectuer un regroupement familial. Les demandes d&rsquo;asile des parents proches ne doivent pas \u00eatre examin\u00e9es par diff\u00e9rents \u00c9tats membres de l&rsquo;Union europ\u00e9enne. Un regroupement de la famille (conjoint et enfants mineurs) est donc possible d\u00e8s la proc\u00e9dure de demande d&rsquo;asile, lorsque celle-ci r\u00e9side d&rsquo;ores et d\u00e9j\u00e0 au sein de l&rsquo;Union europ\u00e9enne ou en Suisse, au Liechtenstein, en Norv\u00e8ge ou en Islande<\/p>\n<p>&nbsp;<\/p>\n","protected":false},"excerpt":{"rendered":"<p>La protection de la famille est un droit humain capital. Lorsque vous avez \u00e9t\u00e9 s\u00e9par\u00e9(e) de votre famille, avant ou pendant votre fuite, vous pouvez faire venir votre famille en Allemagne sous certaines conditions. Lorsque les membres de votre famille se trouvent encore hors de l&rsquo;UE, vous pouvez \u00e9ventuellement les faire venir lorsqu&rsquo;un statut de [&hellip;]<\/p>\n","protected":false},"author":1,"featured_media":0,"parent":0,"menu_order":2,"comment_status":"closed","ping_status":"closed","template":"page-templates\/sectioned.php","meta":{"_acf_changed":false,"footnotes":""},"class_list":["post-474","page","type-page","status-publish","hentry"],"acf":[],"_links":{"self":[{"href":"https:\/\/help.unhcr.org\/germany\/fr\/wp-json\/wp\/v2\/pages\/474","targetHints":{"allow":["GET"]}}],"collection":[{"href":"https:\/\/help.unhcr.org\/germany\/fr\/wp-json\/wp\/v2\/pages"}],"about":[{"href":"https:\/\/help.unhcr.org\/germany\/fr\/wp-json\/wp\/v2\/types\/page"}],"author":[{"embeddable":true,"href":"https:\/\/help.unhcr.org\/germany\/fr\/wp-json\/wp\/v2\/users\/1"}],"replies":[{"embeddable":true,"href":"https:\/\/help.unhcr.org\/germany\/fr\/wp-json\/wp\/v2\/comments?post=474"}],"version-history":[{"count":6,"href":"https:\/\/help.unhcr.org\/germany\/fr\/wp-json\/wp\/v2\/pages\/474\/revisions"}],"predecessor-version":[{"id":1155,"href":"https:\/\/help.unhcr.org\/germany\/fr\/wp-json\/wp\/v2\/pages\/474\/revisions\/1155"}],"wp:attachment":[{"href":"https:\/\/help.unhcr.org\/germany\/fr\/wp-json\/wp\/v2\/media?parent=474"}],"curies":[{"name":"wp","href":"https:\/\/api.w.org\/{rel}","templated":true}]}}