{"id":472,"date":"2018-09-06T14:56:43","date_gmt":"2018-09-06T14:56:43","guid":{"rendered":"http:\/\/help.unhcr.org\/germany\/?page_id=472"},"modified":"2018-09-06T14:56:43","modified_gmt":"2018-09-06T14:56:43","slug":"enregistrement-en-allemagne","status":"publish","type":"page","link":"https:\/\/help.unhcr.org\/germany\/fr\/enregistrement-en-allemagne\/","title":{"rendered":"Enregistrement en Allemagne"},"content":{"rendered":"<p>En r\u00e8gle g\u00e9n\u00e9rale, les personnes qui se rendent en Allemagne ont besoin d&rsquo;un visa. La demande de visa doit \u00eatre effectu\u00e9e avant le voyage aupr\u00e8s d&rsquo;une repr\u00e9sentation allemande \u00e0 l&rsquo;\u00e9tranger. Le visa n&rsquo;est accord\u00e9 que pour des raisons particuli\u00e8res (lorsque vous souhaitez travailler en Allemagne par exemple), et seulement si vous remplissez certaines conditions. Il n&rsquo;est pas possible de faire une demande d&rsquo;asile dans un pays \u00e9tranger. Vous devez r\u00e9sider en Allemagne pour d\u00e9poser une demande.<\/p>\n<p>Pour les r\u00e9fugi\u00e9s, il existe des voies d&rsquo;immigration particuli\u00e8res, parmi lesquelles on compte la proc\u00e9dure de r\u00e9installation et le programme d&rsquo;admission humanitaire. Les parents proches peuvent recevoir un visa dans le cadre d&rsquo;un regroupement familial lorsque des membres de la famille vivent d&rsquo;ores et d\u00e9j\u00e0 comme r\u00e9fugi\u00e9s en Allemagne.<\/p>\n","protected":false},"excerpt":{"rendered":"<p>En r\u00e8gle g\u00e9n\u00e9rale, les personnes qui se rendent en Allemagne ont besoin d&rsquo;un visa. La demande de visa doit \u00eatre effectu\u00e9e avant le voyage aupr\u00e8s d&rsquo;une repr\u00e9sentation allemande \u00e0 l&rsquo;\u00e9tranger. Le visa n&rsquo;est accord\u00e9 que pour des raisons particuli\u00e8res (lorsque vous souhaitez travailler en Allemagne par exemple), et seulement si vous remplissez certaines conditions. Il [&hellip;]<\/p>\n","protected":false},"author":1,"featured_media":0,"parent":0,"menu_order":3,"comment_status":"closed","ping_status":"closed","template":"page-templates\/listing_page.php","meta":{"_acf_changed":false,"footnotes":""},"class_list":["post-472","page","type-page","status-publish","hentry"],"acf":[],"_links":{"self":[{"href":"https:\/\/help.unhcr.org\/germany\/fr\/wp-json\/wp\/v2\/pages\/472","targetHints":{"allow":["GET"]}}],"collection":[{"href":"https:\/\/help.unhcr.org\/germany\/fr\/wp-json\/wp\/v2\/pages"}],"about":[{"href":"https:\/\/help.unhcr.org\/germany\/fr\/wp-json\/wp\/v2\/types\/page"}],"author":[{"embeddable":true,"href":"https:\/\/help.unhcr.org\/germany\/fr\/wp-json\/wp\/v2\/users\/1"}],"replies":[{"embeddable":true,"href":"https:\/\/help.unhcr.org\/germany\/fr\/wp-json\/wp\/v2\/comments?post=472"}],"version-history":[{"count":1,"href":"https:\/\/help.unhcr.org\/germany\/fr\/wp-json\/wp\/v2\/pages\/472\/revisions"}],"predecessor-version":[{"id":473,"href":"https:\/\/help.unhcr.org\/germany\/fr\/wp-json\/wp\/v2\/pages\/472\/revisions\/473"}],"wp:attachment":[{"href":"https:\/\/help.unhcr.org\/germany\/fr\/wp-json\/wp\/v2\/media?parent=472"}],"curies":[{"name":"wp","href":"https:\/\/api.w.org\/{rel}","templated":true}]}}