{"id":469,"date":"2018-09-06T14:55:40","date_gmt":"2018-09-06T14:55:40","guid":{"rendered":"http:\/\/help.unhcr.org\/germany\/?page_id=469"},"modified":"2026-04-20T14:06:22","modified_gmt":"2026-04-20T14:06:22","slug":"enfants-et-jeunes-non-accompagnes","status":"publish","type":"page","link":"https:\/\/help.unhcr.org\/germany\/fr\/asile-en-allemagne\/enfants-et-jeunes-non-accompagnes\/","title":{"rendered":"Enfants et jeunes non accompagn\u00e9s"},"content":{"rendered":"<p>Les enfants et les jeunes de moins de 18\u00a0ans sont consid\u00e9r\u00e9s en Allemagne comme des personnes mineures, et ne peuvent pas entreprendre eux-m\u00eames de nombreuses actions juridiques de mani\u00e8re opposable L&rsquo;Office de la Jeunesse leur apporte sa protection lorsqu&rsquo;ils voyagent sans leurs parents ou autres personnes responsables. Ils seront h\u00e9berg\u00e9s dans une famille d&rsquo;accueil, chez des parents ou dans un \u00e9tablissement sp\u00e9cialis\u00e9 dans l&rsquo;accueil des mineurs.<\/p>\n<p>Le tribunal pour enfants d\u00e9signe un tuteur pour les enfants et les jeunes non accompagn\u00e9s. Cette personne repr\u00e9sente l\u00e9galement l&rsquo;enfant.\u00a0 Les enfants et les jeunes non accompagn\u00e9s ne peuvent pas d\u00e9poser seuls une demande d&rsquo;asile. Avant leur majorit\u00e9, la demande d&rsquo;asile peut uniquement \u00eatre d\u00e9pos\u00e9e par le tuteur ou par l&rsquo;Office de la Jeunesse. Le tuteur accompagne l&rsquo;enfant ou le jeune \u00e0 son audition individuelle aupr\u00e8s de l&rsquo;Office f\u00e9d\u00e9ral.<\/p>\n<p>Lorsqu&rsquo;un enfant ou un jeune non accompagn\u00e9 est reconnu comme r\u00e9fugi\u00e9, il est en droit de faire venir ses parents en Allemagne. Ceci passe par une proc\u00e9dure de regroupement familial.<\/p>\n\n\n<p><\/p>\n","protected":false},"excerpt":{"rendered":"<p>Les enfants et les jeunes de moins de 18\u00a0ans sont consid\u00e9r\u00e9s en Allemagne comme des personnes mineures, et ne peuvent pas entreprendre eux-m\u00eames de nombreuses actions juridiques de mani\u00e8re opposable L&rsquo;Office de la Jeunesse leur apporte sa protection lorsqu&rsquo;ils voyagent sans leurs parents ou autres personnes responsables. Ils seront h\u00e9berg\u00e9s dans une famille d&rsquo;accueil, chez [&hellip;]<\/p>\n","protected":false},"author":1,"featured_media":0,"parent":453,"menu_order":0,"comment_status":"closed","ping_status":"closed","template":"","meta":{"_acf_changed":false,"footnotes":""},"class_list":["post-469","page","type-page","status-publish","hentry"],"acf":[],"_links":{"self":[{"href":"https:\/\/help.unhcr.org\/germany\/fr\/wp-json\/wp\/v2\/pages\/469","targetHints":{"allow":["GET"]}}],"collection":[{"href":"https:\/\/help.unhcr.org\/germany\/fr\/wp-json\/wp\/v2\/pages"}],"about":[{"href":"https:\/\/help.unhcr.org\/germany\/fr\/wp-json\/wp\/v2\/types\/page"}],"author":[{"embeddable":true,"href":"https:\/\/help.unhcr.org\/germany\/fr\/wp-json\/wp\/v2\/users\/1"}],"replies":[{"embeddable":true,"href":"https:\/\/help.unhcr.org\/germany\/fr\/wp-json\/wp\/v2\/comments?post=469"}],"version-history":[{"count":3,"href":"https:\/\/help.unhcr.org\/germany\/fr\/wp-json\/wp\/v2\/pages\/469\/revisions"}],"predecessor-version":[{"id":1158,"href":"https:\/\/help.unhcr.org\/germany\/fr\/wp-json\/wp\/v2\/pages\/469\/revisions\/1158"}],"up":[{"embeddable":true,"href":"https:\/\/help.unhcr.org\/germany\/fr\/wp-json\/wp\/v2\/pages\/453"}],"wp:attachment":[{"href":"https:\/\/help.unhcr.org\/germany\/fr\/wp-json\/wp\/v2\/media?parent=469"}],"curies":[{"name":"wp","href":"https:\/\/api.w.org\/{rel}","templated":true}]}}