{"id":467,"date":"2018-09-06T14:54:22","date_gmt":"2018-09-06T14:54:22","guid":{"rendered":"http:\/\/help.unhcr.org\/germany\/?page_id=467"},"modified":"2019-02-27T13:19:54","modified_gmt":"2019-02-27T13:19:54","slug":"depart","status":"publish","type":"page","link":"https:\/\/help.unhcr.org\/germany\/fr\/asile-en-allemagne\/depart\/","title":{"rendered":"D\u00e9part"},"content":{"rendered":"<p>Lorsque votre demande d&rsquo;asile a d\u00e9finitivement \u00e9t\u00e9 rejet\u00e9e, vous \u00eates dans l&rsquo;obligation absolue de quitter le territoire, et vous devez quitter l&rsquo;Allemagne. Si, pour des raisons particuli\u00e8res (une maladie grave par ex.), vous n&rsquo;\u00eates provisoirement pas en mesure de partir, le service des \u00e9trangers peut vous accorder une autorisation exceptionnelle au s\u00e9jour. Cette autorisation exceptionnelle au s\u00e9jour atteste du fait que vous ne devez pas \u00eatre expuls\u00e9(e) pendant une p\u00e9riode d\u00e9finie. Pendant ladite p\u00e9riode, vous demeurez dans l&rsquo;obligation de partir mais vous ne serez pas renvoy\u00e9(e) sous la contrainte dans votre pays d&rsquo;origine.<\/p>\n<p>Au cas o\u00f9 n&rsquo;avez pas b\u00e9n\u00e9fici\u00e9 d&rsquo;une autorisation exceptionnelle au s\u00e9jour, le service des \u00e9trangers peut proc\u00e9der \u00e0 votre \u00e9loignement forc\u00e9 du territoire (expulsion), si vous n&rsquo;avez pas quitt\u00e9 celui-ci dans le d\u00e9lai imparti.<\/p>\n<p>Pour de plus amples informations sur le d\u00e9part volontaire, veuillez consulter le point \u00ab\u00a0<a href=\"https:\/\/help.unhcr.org\/germany\/fr\/retour-volontaire\/\">Retour volontaire<\/a>\u00a0\u00bb.<\/p>\n","protected":false},"excerpt":{"rendered":"<p>Lorsque votre demande d&rsquo;asile a d\u00e9finitivement \u00e9t\u00e9 rejet\u00e9e, vous \u00eates dans l&rsquo;obligation absolue de quitter le territoire, et vous devez quitter l&rsquo;Allemagne. Si, pour des raisons particuli\u00e8res (une maladie grave par ex.), vous n&rsquo;\u00eates provisoirement pas en mesure de partir, le service des \u00e9trangers peut vous accorder une autorisation exceptionnelle au s\u00e9jour. Cette autorisation exceptionnelle [&hellip;]<\/p>\n","protected":false},"author":1,"featured_media":0,"parent":453,"menu_order":3,"comment_status":"closed","ping_status":"closed","template":"","meta":{"_acf_changed":false,"footnotes":""},"class_list":["post-467","page","type-page","status-publish","hentry"],"acf":[],"_links":{"self":[{"href":"https:\/\/help.unhcr.org\/germany\/fr\/wp-json\/wp\/v2\/pages\/467","targetHints":{"allow":["GET"]}}],"collection":[{"href":"https:\/\/help.unhcr.org\/germany\/fr\/wp-json\/wp\/v2\/pages"}],"about":[{"href":"https:\/\/help.unhcr.org\/germany\/fr\/wp-json\/wp\/v2\/types\/page"}],"author":[{"embeddable":true,"href":"https:\/\/help.unhcr.org\/germany\/fr\/wp-json\/wp\/v2\/users\/1"}],"replies":[{"embeddable":true,"href":"https:\/\/help.unhcr.org\/germany\/fr\/wp-json\/wp\/v2\/comments?post=467"}],"version-history":[{"count":2,"href":"https:\/\/help.unhcr.org\/germany\/fr\/wp-json\/wp\/v2\/pages\/467\/revisions"}],"predecessor-version":[{"id":513,"href":"https:\/\/help.unhcr.org\/germany\/fr\/wp-json\/wp\/v2\/pages\/467\/revisions\/513"}],"up":[{"embeddable":true,"href":"https:\/\/help.unhcr.org\/germany\/fr\/wp-json\/wp\/v2\/pages\/453"}],"wp:attachment":[{"href":"https:\/\/help.unhcr.org\/germany\/fr\/wp-json\/wp\/v2\/media?parent=467"}],"curies":[{"name":"wp","href":"https:\/\/api.w.org\/{rel}","templated":true}]}}