{"id":460,"date":"2018-02-13T17:13:06","date_gmt":"2018-02-13T17:13:06","guid":{"rendered":"http:\/\/help.unhcr.org\/germany\/?page_id=460"},"modified":"2019-02-27T13:18:23","modified_gmt":"2019-02-27T13:18:23","slug":"procedure-dexamen-de-la-demande-dasile","status":"publish","type":"page","link":"https:\/\/help.unhcr.org\/germany\/fr\/asile-en-allemagne\/procedure-dexamen-de-la-demande-dasile\/","title":{"rendered":"Proc\u00e9dure d&rsquo;examen de la demande d&rsquo;asile"},"content":{"rendered":"<p>Chaque \u00c9tat met en place sa propre proc\u00e9dure afin de d\u00e9terminer si une personne est un r\u00e9fugi\u00e9. En Allemagne, cette proc\u00e9dure est d\u00e9finie par les droits et les obligations des demandeurs d&rsquo;asile et des autorit\u00e9s comp\u00e9tentes dans le cadre de la loi sur l&rsquo;asile. L&rsquo;Office f\u00e9d\u00e9ral de la Migration et des R\u00e9fugi\u00e9s (BAMF) est en charge de l&rsquo;examen de la demande d&rsquo;asile sur la base de cette loi.<\/p>\n","protected":false},"excerpt":{"rendered":"<p>Chaque \u00c9tat met en place sa propre proc\u00e9dure afin de d\u00e9terminer si une personne est un r\u00e9fugi\u00e9. En Allemagne, cette proc\u00e9dure est d\u00e9finie par les droits et les obligations des demandeurs d&rsquo;asile et des autorit\u00e9s comp\u00e9tentes dans le cadre de la loi sur l&rsquo;asile. L&rsquo;Office f\u00e9d\u00e9ral de la Migration et des R\u00e9fugi\u00e9s (BAMF) est en [&hellip;]<\/p>\n","protected":false},"author":1,"featured_media":0,"parent":453,"menu_order":3,"comment_status":"closed","ping_status":"closed","template":"page-templates\/sectioned.php","meta":{"_acf_changed":false,"footnotes":""},"class_list":["post-460","page","type-page","status-publish","hentry"],"acf":[],"_links":{"self":[{"href":"https:\/\/help.unhcr.org\/germany\/fr\/wp-json\/wp\/v2\/pages\/460","targetHints":{"allow":["GET"]}}],"collection":[{"href":"https:\/\/help.unhcr.org\/germany\/fr\/wp-json\/wp\/v2\/pages"}],"about":[{"href":"https:\/\/help.unhcr.org\/germany\/fr\/wp-json\/wp\/v2\/types\/page"}],"author":[{"embeddable":true,"href":"https:\/\/help.unhcr.org\/germany\/fr\/wp-json\/wp\/v2\/users\/1"}],"replies":[{"embeddable":true,"href":"https:\/\/help.unhcr.org\/germany\/fr\/wp-json\/wp\/v2\/comments?post=460"}],"version-history":[{"count":4,"href":"https:\/\/help.unhcr.org\/germany\/fr\/wp-json\/wp\/v2\/pages\/460\/revisions"}],"predecessor-version":[{"id":512,"href":"https:\/\/help.unhcr.org\/germany\/fr\/wp-json\/wp\/v2\/pages\/460\/revisions\/512"}],"up":[{"embeddable":true,"href":"https:\/\/help.unhcr.org\/germany\/fr\/wp-json\/wp\/v2\/pages\/453"}],"wp:attachment":[{"href":"https:\/\/help.unhcr.org\/germany\/fr\/wp-json\/wp\/v2\/media?parent=460"}],"curies":[{"name":"wp","href":"https:\/\/api.w.org\/{rel}","templated":true}]}}