{"id":455,"date":"2018-02-13T16:22:20","date_gmt":"2018-02-13T16:22:20","guid":{"rendered":"http:\/\/help.unhcr.org\/germany\/?page_id=455"},"modified":"2019-02-28T16:01:03","modified_gmt":"2019-02-28T16:01:03","slug":"formes-de-protection","status":"publish","type":"page","link":"https:\/\/help.unhcr.org\/germany\/fr\/asile-en-allemagne\/formes-de-protection\/","title":{"rendered":"Formes de protection"},"content":{"rendered":"<p>Les personnes qui b\u00e9n\u00e9ficient d&rsquo;une protection sont en droit de demeurer en Allemagne apr\u00e8s la cl\u00f4ture de la proc\u00e9dure d&rsquo;examen de la demande d&rsquo;asile. Il existe plusieurs motifs pour lesquels une personne peut se voir octroyer une protection. Ces formes de protection sont soumises \u00e0 des conditions diff\u00e9rentes et des droits correspondants. Lorsque vous faites une demande d&rsquo;asile en Allemagne, l&rsquo;Office f\u00e9d\u00e9ral engage une proc\u00e9dure pr\u00e9d\u00e9finie pour savoir si vous relevez d&rsquo;une forme de protection. La d\u00e9cision est motiv\u00e9e par les raisons pour lesquelles vous ne pouvez pas rentrer dans votre pays d&rsquo;origine.<\/p>\n","protected":false},"excerpt":{"rendered":"<p>Les personnes qui b\u00e9n\u00e9ficient d&rsquo;une protection sont en droit de demeurer en Allemagne apr\u00e8s la cl\u00f4ture de la proc\u00e9dure d&rsquo;examen de la demande d&rsquo;asile. Il existe plusieurs motifs pour lesquels une personne peut se voir octroyer une protection. Ces formes de protection sont soumises \u00e0 des conditions diff\u00e9rentes et des droits correspondants. Lorsque vous faites [&hellip;]<\/p>\n","protected":false},"author":1,"featured_media":0,"parent":453,"menu_order":0,"comment_status":"closed","ping_status":"closed","template":"page-templates\/sectioned.php","meta":{"_acf_changed":false,"footnotes":""},"class_list":["post-455","page","type-page","status-publish","hentry"],"acf":[],"_links":{"self":[{"href":"https:\/\/help.unhcr.org\/germany\/fr\/wp-json\/wp\/v2\/pages\/455","targetHints":{"allow":["GET"]}}],"collection":[{"href":"https:\/\/help.unhcr.org\/germany\/fr\/wp-json\/wp\/v2\/pages"}],"about":[{"href":"https:\/\/help.unhcr.org\/germany\/fr\/wp-json\/wp\/v2\/types\/page"}],"author":[{"embeddable":true,"href":"https:\/\/help.unhcr.org\/germany\/fr\/wp-json\/wp\/v2\/users\/1"}],"replies":[{"embeddable":true,"href":"https:\/\/help.unhcr.org\/germany\/fr\/wp-json\/wp\/v2\/comments?post=455"}],"version-history":[{"count":2,"href":"https:\/\/help.unhcr.org\/germany\/fr\/wp-json\/wp\/v2\/pages\/455\/revisions"}],"predecessor-version":[{"id":553,"href":"https:\/\/help.unhcr.org\/germany\/fr\/wp-json\/wp\/v2\/pages\/455\/revisions\/553"}],"up":[{"embeddable":true,"href":"https:\/\/help.unhcr.org\/germany\/fr\/wp-json\/wp\/v2\/pages\/453"}],"wp:attachment":[{"href":"https:\/\/help.unhcr.org\/germany\/fr\/wp-json\/wp\/v2\/media?parent=455"}],"curies":[{"name":"wp","href":"https:\/\/api.w.org\/{rel}","templated":true}]}}