{"id":441,"date":"2018-02-13T14:35:24","date_gmt":"2018-02-13T14:35:24","guid":{"rendered":"http:\/\/help.unhcr.org\/germany\/?page_id=441"},"modified":"2019-03-28T13:05:18","modified_gmt":"2019-03-28T13:05:18","slug":"a-propos-du-portail-daide-de-lunhcr","status":"publish","type":"page","link":"https:\/\/help.unhcr.org\/germany\/fr\/","title":{"rendered":"\u00c0 propos du portail d\u2019aide du HCR"},"content":{"rendered":"<p>Le dispositif d\u2019aide aux r\u00e9fugi\u00e9s mis en place par l\u2019Agence des Nations Unies pour les r\u00e9fugi\u00e9s (HCR) a cr\u00e9\u00e9 ce site pour et avec l\u2019aide de r\u00e9fugi\u00e9s et de demandeurs d\u2019asile en Allemagne. Vous y trouverez notamment des r\u00e9ponses aux questions suivantes :<\/p>\n<ul>\n<li><a href=\"https:\/\/help.unhcr.org\/germany\/fr\/ou-puis-je-trouver-de-laide\/\">O\u00f9 puis-je trouver de l\u2019aide ?<\/a><\/li>\n<li><a href=\"https:\/\/help.unhcr.org\/germany\/fr\/asile-en-allemagne\/procedure-dexamen-de-la-demande-dasile\/\">Comment puis-je demander l\u2019asile en Allemagne ?<\/a><\/li>\n<li><a href=\"https:\/\/help.unhcr.org\/germany\/fr\/enregistrement-en-allemagne\/reunification-familiale\/\">Comment puis-je demander un regroupement familial en Allemagne<\/a>, ou comment faire venir les membres proches de la famille depuis d\u2019autres pays de l\u2019UE ou depuis des pays tiers ?<\/li>\n<li>Quels sont mes droits et obligations en tant que demandeur d\u2019asile <a href=\"https:\/\/help.unhcr.org\/germany\/fr\/droits-et-obligations\/droits-et-obligations-au-cours-de-la-procedure-de-demande-dasile\/\">au cours de la proc\u00e9dure d\u2019asile<\/a> et <a href=\"https:\/\/help.unhcr.org\/germany\/fr\/droits-et-obligations\/droits-et-obligations-apres-la-reconnaissance\/\">apr\u00e8s la reconnaissance de mon statut de r\u00e9fugi\u00e9(e) ?<\/a><\/li>\n<li><a href=\"https:\/\/help.unhcr.org\/germany\/fr\/retour-volontaire\/\">O\u00f9 puis-je trouver des informations concernant le retour volontaire dans mon pays d\u2019origine ?<\/a><\/li>\n<\/ul>\n<p>Vous cherchez de l\u2019aide pour des proches \u00e0 l\u2019\u00e9tranger ? Cliquez sur <a href=\"https:\/\/help.unhcr.org\/\">Aper\u00e7u des pages d\u2019aide du HCR<\/a>, ou consultez directement la page d\u2019aide de la <a href=\"https:\/\/help.unhcr.org\/turkey\/\">Turquie<\/a> ou de la <a href=\"https:\/\/help.unhcr.org\/greece\/\">Gr\u00e8ce<\/a>.<\/p>\n<p>Ce site est mis \u00e0 jour en permanence.<\/p>\n","protected":false},"excerpt":{"rendered":"<p>Le dispositif d\u2019aide aux r\u00e9fugi\u00e9s mis en place par l\u2019Agence des Nations Unies pour les r\u00e9fugi\u00e9s (HCR) a cr\u00e9\u00e9 ce site pour et avec l\u2019aide de r\u00e9fugi\u00e9s et de demandeurs d\u2019asile en Allemagne. Vous y trouverez notamment des r\u00e9ponses aux questions suivantes : O\u00f9 puis-je trouver de l\u2019aide ? Comment puis-je demander l\u2019asile en Allemagne [&hellip;]<\/p>\n","protected":false},"author":1,"featured_media":0,"parent":0,"menu_order":-1,"comment_status":"closed","ping_status":"closed","template":"","meta":{"_acf_changed":false,"footnotes":""},"class_list":["post-441","page","type-page","status-publish","hentry"],"acf":[],"_links":{"self":[{"href":"https:\/\/help.unhcr.org\/germany\/fr\/wp-json\/wp\/v2\/pages\/441","targetHints":{"allow":["GET"]}}],"collection":[{"href":"https:\/\/help.unhcr.org\/germany\/fr\/wp-json\/wp\/v2\/pages"}],"about":[{"href":"https:\/\/help.unhcr.org\/germany\/fr\/wp-json\/wp\/v2\/types\/page"}],"author":[{"embeddable":true,"href":"https:\/\/help.unhcr.org\/germany\/fr\/wp-json\/wp\/v2\/users\/1"}],"replies":[{"embeddable":true,"href":"https:\/\/help.unhcr.org\/germany\/fr\/wp-json\/wp\/v2\/comments?post=441"}],"version-history":[{"count":6,"href":"https:\/\/help.unhcr.org\/germany\/fr\/wp-json\/wp\/v2\/pages\/441\/revisions"}],"predecessor-version":[{"id":666,"href":"https:\/\/help.unhcr.org\/germany\/fr\/wp-json\/wp\/v2\/pages\/441\/revisions\/666"}],"wp:attachment":[{"href":"https:\/\/help.unhcr.org\/germany\/fr\/wp-json\/wp\/v2\/media?parent=441"}],"curies":[{"name":"wp","href":"https:\/\/api.w.org\/{rel}","templated":true}]}}