{"id":1010,"date":"2024-10-22T09:23:27","date_gmt":"2024-10-22T09:23:27","guid":{"rendered":"https:\/\/help.unhcr.org\/germany\/?page_id=1010"},"modified":"2024-10-22T09:23:28","modified_gmt":"2024-10-22T09:23:28","slug":"informations-sur-le-liban","status":"publish","type":"page","link":"https:\/\/help.unhcr.org\/germany\/fr\/informations-sur-le-liban\/","title":{"rendered":"Informations sur le Liban"},"content":{"rendered":"\n<p>Vous trouverez des informations sur la proc\u00e9dure de demande de visa et sur tous les autres sujets li\u00e9s \u00e0 la situation au Liban, y compris les possibilit\u00e9s de soutien, sur le site suivant\u202f<br><a href=\"https:\/\/help.unhcr.org\/germany\/de\/.\" target=\"_blank\" rel=\"noreferrer noopener\">https:\/\/help.unhcr.org\/germany\/de\/.<\/a><\/p>\n\n\n\n<p><\/p>\n","protected":false},"excerpt":{"rendered":"<p>Vous trouverez des informations sur la proc\u00e9dure de demande de visa et sur tous les autres sujets li\u00e9s \u00e0 la situation au Liban, y compris les possibilit\u00e9s de soutien, sur le site suivant\u202fhttps:\/\/help.unhcr.org\/germany\/de\/.<\/p>\n","protected":false},"author":445,"featured_media":0,"parent":0,"menu_order":0,"comment_status":"closed","ping_status":"closed","template":"","meta":{"_acf_changed":false,"footnotes":""},"class_list":["post-1010","page","type-page","status-publish","hentry"],"acf":[],"_links":{"self":[{"href":"https:\/\/help.unhcr.org\/germany\/fr\/wp-json\/wp\/v2\/pages\/1010","targetHints":{"allow":["GET"]}}],"collection":[{"href":"https:\/\/help.unhcr.org\/germany\/fr\/wp-json\/wp\/v2\/pages"}],"about":[{"href":"https:\/\/help.unhcr.org\/germany\/fr\/wp-json\/wp\/v2\/types\/page"}],"author":[{"embeddable":true,"href":"https:\/\/help.unhcr.org\/germany\/fr\/wp-json\/wp\/v2\/users\/445"}],"replies":[{"embeddable":true,"href":"https:\/\/help.unhcr.org\/germany\/fr\/wp-json\/wp\/v2\/comments?post=1010"}],"version-history":[{"count":1,"href":"https:\/\/help.unhcr.org\/germany\/fr\/wp-json\/wp\/v2\/pages\/1010\/revisions"}],"predecessor-version":[{"id":1011,"href":"https:\/\/help.unhcr.org\/germany\/fr\/wp-json\/wp\/v2\/pages\/1010\/revisions\/1011"}],"wp:attachment":[{"href":"https:\/\/help.unhcr.org\/germany\/fr\/wp-json\/wp\/v2\/media?parent=1010"}],"curies":[{"name":"wp","href":"https:\/\/api.w.org\/{rel}","templated":true}]}}