{"id":968,"date":"2024-04-29T10:08:59","date_gmt":"2024-04-29T10:08:59","guid":{"rendered":"https:\/\/help.unhcr.org\/germany\/?page_id=968"},"modified":"2024-04-29T10:09:00","modified_gmt":"2024-04-29T10:09:00","slug":"fehlverhalten-in-zusammenhang-mit-unhcr-melden","status":"publish","type":"page","link":"https:\/\/help.unhcr.org\/germany\/de\/fehlverhalten-in-zusammenhang-mit-unhcr-melden\/","title":{"rendered":"Fehlverhalten in Zusammenhang mit UNHCR melden"},"content":{"rendered":"\n<h2 class=\"wp-block-heading\">Was ist Fehlverhalten?<\/h2>\n\n\n\n<p>Die Vereinten Nationen definieren Fehlverhalten als \u201ejedes Vers\u00e4umnis eines Mitarbeiters oder einer Mitarbeiterin, den Verpflichtungen nach der Satzung der Vereinten Nationen, der Personalordnung und Dienstvorschriften oder anderer administrativer Erteilungen nachzukommen oder Verhaltensstandards einzuhalten, die von einem internationalen Beamten oder einer internationalen Beamtin erwartet werden.\u201c Insbesondere&nbsp;Betrug,&nbsp;Korruption,&nbsp;sexuelle Ausbeutung&nbsp;und&nbsp;sexueller Missbrauch&nbsp;gelten als Fehlverhalten, sei es durch UNHCR-Personal oder MitarbeiterInnen von Partnerorganisationen.<\/p>\n\n\n\n<p>Sollten Sie von einem m\u00f6glichen Fall von Fehlverhalten in Zusammenhang mit UNHCR wissen oder Bedenken bzw. einen Verdacht diesbez\u00fcglich haben, melden Sie dies bitte direkt dem \u201eInspector General\u2019s Office\u201c am UNHCR-Hauptsitz in Genf:<\/p>\n\n\n\n<p>Email:&nbsp;inspector@unhcr.org<\/p>\n\n\n\n<p>Vertrauliches Fax: +41 22 739 7380<\/p>\n\n\n\n<p>Post: UNHCR, 94 Rue de Montbrillant, 1202 Genf, Schweiz<\/p>\n\n\n\n<p>Ihre Meldung wird vertraulich behandelt! F\u00fcr weitere Informationen (auf Englisch) siehe:&nbsp;<a href=\"https:\/\/www.unhcr.org\/inspector-generals-office.html\">https:\/\/www.unhcr.org\/inspector-generals-office.html<\/a><\/p>\n\n\n\n<h3 class=\"wp-block-heading\">Was ist Betrug?<\/h3>\n\n\n\n<p>Betrug ist jede Handlung mit dem Ziel, einen anderen absichtlich zu t\u00e4uschen, um daraus einen Vorteil zu ziehen.<\/p>\n\n\n\n<p>Alle Leistungen von UNHCR sind kostenlos.&nbsp;Vertrauen Sie keiner Person oder Organisation, die Sie darum bittet, f\u00fcr Leistungen von UNHCR oder seiner Partner zu bezahlen.&nbsp;<a href=\"https:\/\/help.unhcr.org\/austria\/de\/fehlverhalten-in-zusammenhang-mit-unhcr-melden\/\">Melden<\/a>&nbsp;Sie Personen, die Ihnen Resettlement, finanzielle oder andere Unterst\u00fctzung oder gef\u00e4lschte Dokumente im Austausch f\u00fcr Geld oder andere Gef\u00e4lligkeiten anbieten.<\/p>\n\n\n\n<h3 class=\"wp-block-heading\">Was ist Korruption?<\/h3>\n\n\n\n<p>Korruption ist jede Handlung des (direkten oder indirekten) Anbietens, Gebens, Annehmens oder Erbittens irgendwelcher Sachen von Wert, um die Handlungen einer anderen Partei missbr\u00e4uchlich zu beeinflussen.<\/p>\n\n\n\n<p>Alle Leistungen von UNHCR sind kostenlos.&nbsp;Vertrauen Sie niemandem, der sie darum bittet, f\u00fcr Leistungen von UNHCR oder seiner Partner zu bezahlen. Sollten Gef\u00e4lligkeiten jedweder Art (einschlie\u00dflich sexueller Natur) von Ihnen verlangt werden,&nbsp;<a href=\"https:\/\/help.unhcr.org\/austria\/de\/fehlverhalten-in-zusammenhang-mit-unhcr-melden\/\">melden<\/a>&nbsp;Sie dies umgehend bei UNHCR.<\/p>\n\n\n\n<h3 class=\"wp-block-heading\">Was ist sexuelle Ausbeutung?<\/h3>\n\n\n\n<p>Sexuelle Ausbeutung ist jeder tats\u00e4chliche oder versuchte Missbrauch einer vulnerablen Position, ungleicher Machtverh\u00e4ltnisse oder einer Vertrauensbeziehung f\u00fcr sexuelle Zwecke. Dies beinhaltet auch das Ziehen eines finanziellen, sozialen oder politischen Vorteils aus der sexuellen Ausbeutung von Personen unter dem Mandat von UNHCR.<\/p>\n\n\n\n<p>Sexuelle Ausbeutung ist ein inakzeptables Verhalten und verboten f\u00fcr alle MitarbeiterInnen der Vereinten Nationen und ihrer Partnerorganisationen.<\/p>\n\n\n\n<p>Bitte&nbsp;<a href=\"https:\/\/help.unhcr.org\/austria\/de\/fehlverhalten-in-zusammenhang-mit-unhcr-melden\/\">melden<\/a>&nbsp;Sie betreffende Bedenken umgehend!<\/p>\n\n\n\n<h3 class=\"wp-block-heading\">Was ist sexueller Missbrauch?<\/h3>\n\n\n\n<p>Sexueller Missbrauch ist jeder tats\u00e4chliche oder versuchte physische Eingriff sexueller Natur, sei es durch Gewalt oder aufgrund von ungleichen Machtverh\u00e4ltnissen.<\/p>\n\n\n\n<p>Sexueller Missbrauch ist ein inakzeptables Verhalten und verboten f\u00fcr alle MitarbeiterInnen der Vereinten Nationen und ihrer Partnerorganisationen.<\/p>\n\n\n\n<p>Bitte\u00a0melden\u00a0Sie betreffende Bedenken umgehend!<\/p>\n","protected":false},"excerpt":{"rendered":"<p>Was ist Fehlverhalten? Die Vereinten Nationen definieren Fehlverhalten als \u201ejedes Vers\u00e4umnis eines Mitarbeiters oder einer Mitarbeiterin, den Verpflichtungen nach der Satzung der Vereinten Nationen, der Personalordnung und Dienstvorschriften oder anderer administrativer Erteilungen nachzukommen oder Verhaltensstandards einzuhalten, die von einem internationalen Beamten oder einer internationalen Beamtin erwartet werden.\u201c Insbesondere&nbsp;Betrug,&nbsp;Korruption,&nbsp;sexuelle Ausbeutung&nbsp;und&nbsp;sexueller Missbrauch&nbsp;gelten als Fehlverhalten, sei es durch [&hellip;]<\/p>\n","protected":false},"author":445,"featured_media":0,"parent":0,"menu_order":0,"comment_status":"closed","ping_status":"closed","template":"","meta":{"_acf_changed":false,"footnotes":""},"class_list":["post-968","page","type-page","status-publish","hentry"],"acf":[],"_links":{"self":[{"href":"https:\/\/help.unhcr.org\/germany\/de\/wp-json\/wp\/v2\/pages\/968","targetHints":{"allow":["GET"]}}],"collection":[{"href":"https:\/\/help.unhcr.org\/germany\/de\/wp-json\/wp\/v2\/pages"}],"about":[{"href":"https:\/\/help.unhcr.org\/germany\/de\/wp-json\/wp\/v2\/types\/page"}],"author":[{"embeddable":true,"href":"https:\/\/help.unhcr.org\/germany\/de\/wp-json\/wp\/v2\/users\/445"}],"replies":[{"embeddable":true,"href":"https:\/\/help.unhcr.org\/germany\/de\/wp-json\/wp\/v2\/comments?post=968"}],"version-history":[{"count":1,"href":"https:\/\/help.unhcr.org\/germany\/de\/wp-json\/wp\/v2\/pages\/968\/revisions"}],"predecessor-version":[{"id":969,"href":"https:\/\/help.unhcr.org\/germany\/de\/wp-json\/wp\/v2\/pages\/968\/revisions\/969"}],"wp:attachment":[{"href":"https:\/\/help.unhcr.org\/germany\/de\/wp-json\/wp\/v2\/media?parent=968"}],"curies":[{"name":"wp","href":"https:\/\/api.w.org\/{rel}","templated":true}]}}