{"id":866,"date":"2022-03-01T17:45:52","date_gmt":"2022-03-01T17:45:52","guid":{"rendered":"https:\/\/help.unhcr.org\/germany\/?page_id=866"},"modified":"2026-02-13T14:49:58","modified_gmt":"2026-02-13T14:49:58","slug":"informationen-zur-ukraine","status":"publish","type":"page","link":"https:\/\/help.unhcr.org\/germany\/de\/informationen-zur-ukraine\/","title":{"rendered":"Informationen f\u00fcr Menschen aus der Ukraine"},"content":{"rendered":"\n<p class=\"has-background\" style=\"background-color:#faeb00\">Wichtige Hinweise<strong> <\/strong>f\u00fcr Personen aus der Ukraine, die in Deutschland ankommen, finden Sie in ukrainischer, russischer, englischer und deutscher Sprache <a href=\"https:\/\/help.unhcr.org\/germany\/wp-content\/uploads\/sites\/10\/2022\/04\/20220405_Bundespolizei_Plakat_Seien-Sie-sicher-unterwegs.pdf\">hier<\/a>.<\/p>\n\n\n\n<p>Achtung: Aktuelle Informationen und \u00c4nderungen in Bezug auf die Einreise und den Aufenthalt f\u00fcr Personen aus der Ukraine erhalten Sie auf <a href=\"https:\/\/germany4ukraine&quot;%20hyperlink%20&quot;https\/\/www.germany4ukraine.de\/hilfeportal-de\" target=\"_blank\" rel=\"noreferrer noopener\">Germany4Ukraine<\/a> sowie \u00fcber die Informationsportale der Bundesl\u00e4nder.&nbsp;<br>&nbsp;<\/p>\n\n\n\n<p>Ukrainische Staatsb\u00fcrger, die einen biometrischen Reisepass besitzen, ben\u00f6tigen kein Visum, um f\u00fcr einen kurzfristigen Aufenthalt nach Deutschland einzureisen. Die visafreie Einreise ist nur bei der Ersteinreise m\u00f6glich. Anschlie\u00dfend k\u00f6nnen sie sich bis zu 90 Tagen in Deutschland aufhalten.&nbsp; &nbsp;<\/p>\n\n\n\n<p>Wenn eine Person l\u00e4nger als 90 Tage bleiben m\u00f6chte, kann sie eine Verl\u00e4ngerung beantragen. Der Antrag ist bei der \u00f6rtlich zust\u00e4ndigen Ausl\u00e4nderbeh\u00f6rde zu stellen.&nbsp;&nbsp;<\/p>\n\n\n\n<p><strong>Unterkunft und Unterst\u00fctzung<\/strong> &nbsp;<br>Das Bundesamt f\u00fcr Migration und Fl\u00fcchtlinge empfiehlt Personen, die nicht \u00fcber ausreichende finanzielle Mittel verf\u00fcgen oder die eine Unterkunft ben\u00f6tigen, sich an die \u00f6rtliche Polizeidienststelle oder die \u00f6rtliche Ausl\u00e4nderbeh\u00f6rde zu wenden.&nbsp;&nbsp;<\/p>\n\n\n\n<p><strong>Vor\u00fcbergehender Schutz in Deutschland<\/strong> &nbsp;<br>Der Rat der Europ\u00e4ischen Union hat am 4. M\u00e4rz 2022 beschlossen, dass den folgenden Personengruppen, die am oder nach dem 24. Februar 2022 aufgrund des bewaffneten Konflikts aus der Ukraine vertrieben wurden, vor\u00fcbergehender Schutz gew\u00e4hrt werden sollte:&nbsp;&nbsp;&nbsp;<\/p>\n\n\n\n<ul class=\"wp-block-list\">\n<li>Ukrainische Staatsangeh\u00f6rige, die vor dem 24. Februar 2022 ihren Aufenthalt in der Ukraine hatten;&nbsp;&nbsp;<\/li>\n<\/ul>\n\n\n\n<ul class=\"wp-block-list\">\n<li>Staatenlose und Staatsangeh\u00f6rige anderer Drittl\u00e4nder als der Ukraine, die vor dem 24. Februar 2022 in der Ukraine internationalen Schutz oder einen gleichwertigen nationalen Schutz genossen haben;&nbsp;&nbsp;<\/li>\n<\/ul>\n\n\n\n<ul class=\"wp-block-list\">\n<li>Familienangeh\u00f6rige der ersten beiden genannten Personengruppen (d.h. Ehegatten, unverheiratete Lebenspartner, minderj\u00e4hrige ledige Kinder und enge Verwandte unter weiteren Voraussetzungen), auch wenn sie nicht ukrainische Staatsangeh\u00f6rige sind.&nbsp;&nbsp;<\/li>\n<\/ul>\n\n\n\n<p>Der Beschluss des Rates gilt auch f\u00fcr Staatenlose und Staatsangeh\u00f6rige anderer Drittl\u00e4nder als der Ukraine, die nachweisen k\u00f6nnen, dass sie sich vor dem 24. Februar 2022 auf der Grundlage eines nach ukrainischem Recht erteilten g\u00fcltigen unbefristeten <a href=\"https:\/\/www.bmi.bund.de\/DE\/service\/lexikon\/functions\/bmi-lexikon.html?cms_lv2=9391092&amp;cms_lv3=9397774#doc9397774\" target=\"_blank\" rel=\"noreferrer noopener\">Aufenthaltstitels<\/a> rechtm\u00e4\u00dfig in der Ukraine aufgehalten haben, und die nicht in der Lage sind, sicher und dauerhaft in ihr Herkunftsland oder ihre Herkunftsregion zur\u00fcckzukehren.&nbsp;&nbsp;<\/p>\n\n\n\n<p>Die EU-Mitgliedstaaten, einschlie\u00dflich Deutschlands, k\u00f6nnen beschlie\u00dfen, den Beschluss des Rates auf andere Personen anzuwenden, einschlie\u00dflich auf Staatenlose und Staatsangeh\u00f6rige anderer Drittl\u00e4nder einbezogen werden, die sich rechtm\u00e4\u00dfig in der Ukraine aufhielten und nicht sicher und dauerhaft in ihr Herkunftsland oder ihre Herkunftsregion zur\u00fcckkehren k\u00f6nnen. Das Bundesministerium des Innern pr\u00fcft derzeit, inwieweit weitere Personen in diesem Sinne in den Anwendungsbereich der Richtlinie \u00fcber den vor\u00fcbergehenden Schutz in Deutschland einbezogen werden k\u00f6nnen.&nbsp;&nbsp;<\/p>\n\n\n\n<p><strong>Asylantrag<\/strong> &nbsp;<br>Jede Person hat das Recht, in Deutschland Asyl zu beantragen. Ob ein Asylantrag anzuraten ist, muss von Fall zu Fall beurteilt werden. Bitte informieren Sie sich vor einem Asylantrag und wenden Sie sich an eine Rechtsberatungsstelle. Informationen zu Rechtsberatung finden Sie auf dieser <a href=\"https:\/\/help.unhcr.org\/germany\/de\/wo-finde-ich-hilfe\/\" target=\"_blank\" rel=\"noreferrer noopener\">Website<\/a> im Bereich \u201eWo finde ich Hilfe?\u201c und auf der Website <a href=\"https:\/\/www.asyl.net\/schutzsuchende-ukraine\" target=\"_blank\" rel=\"noreferrer noopener\">asyl.net<\/a>.&nbsp;&nbsp;<\/p>\n\n\n\n<p><strong>Nicht-ukrainische Staatsangeh\u00f6rige<\/strong> &nbsp;<br>F\u00fcr nicht-ukrainische Staatsangeh\u00f6rige, die die Ukraine aufgrund der aktuellen Umst\u00e4nde verlassen mussten, empfehlen wir, sich vor der Einreichung eines Asylantrags oder eines Antrags auf Gew\u00e4hrung von vor\u00fcbergehendem Schutz von einer unabh\u00e4ngigen Beratungsstelle oder einer spezialisierten Kanzlei rechtlich beraten zu lassen.&nbsp;&nbsp;<\/p>\n\n\n\n<p>Nicht-ukrainische Staatsangeh\u00f6rige mit fr\u00fcherem gew\u00f6hnlichen Aufenthalt in der Ukraine sollten sich, wie ukrainische Staatsangeh\u00f6rige auch, an die \u00f6rtliche Polizeistation oder die \u00f6rtliche Ausl\u00e4nderbeh\u00f6rde wenden, wenn sie nicht \u00fcber ausreichende finanzielle Mittel verf\u00fcgen oder eine Unterkunft ben\u00f6tigen.&nbsp;&nbsp;<\/p>\n\n\n\n<p><strong>Empfehlungen zur Einreise in die USA \/ Kanada \/ Australien<\/strong> &nbsp;<br>Es gibt kein Resettlement-Programm, um von Deutschland in ein Drittland zu ziehen. Resettlement-Programme gibt es nicht in L\u00e4ndern, in denen das Asylsystem Schutzsuchenden einen effektiven Schutz bietet, wie in Deutschland.&nbsp;&nbsp;&nbsp;<\/p>\n\n\n\n<p>UNHCR in Deutschland stellt daher keine sogenannten \u201eReferrals\u201c f\u00fcr Resettlement in Drittstaaten wie z.B. Australien, Kanada oder den USA aus. Die Entscheidung \u00fcber die Aufnahme und Einreise wird ausschlie\u00dflich von den zust\u00e4ndigen nationalen Beh\u00f6rden des Ziellandes getroffen.&nbsp;&nbsp;<\/p>\n\n\n\n<p>Informationen zu den M\u00f6glichkeiten zur Weiterreise nach Kanada f\u00fcr Personen, die vom Konflikt in der Ukraine betroffen sind, finden Sie auf der <a href=\"https:\/\/eur02.safelinks.protection.outlook.com\/?url=https%3A%2F%2Fwww.canada.ca%2Fen%2Fimmigration-refugees-citizenship%2Fservices%2Fimmigrate-canada%2Fukraine-measures.html&amp;data=04%7C01%7Chirt%40unhcr.org%7C4ed3c47b668848a10f4308da08fd056a%7Ce5c37981666441348a0c6543d2af80be%7C0%7C0%7C637832180048599335%7CUnknown%7CTWFpbGZsb3d8eyJWIjoiMC4wLjAwMDAiLCJQIjoiV2luMzIiLCJBTiI6Ik1haWwiLCJXVCI6Mn0%3D%7C3000&amp;sdata=ME78WRwPyGKRSbTH4qHWW691xOOLVJKFJsXWCbzNhUo%3D&amp;reserved=0\" target=\"_blank\" rel=\"noreferrer noopener\">Webseite<\/a> der kanadischen Botschaft.&nbsp;<\/p>\n\n\n\n<p><strong>Private Unterst\u00fctzung<\/strong> &nbsp;<br>Wenn Sie zur Unterst\u00fctzung von Schutzsuchenden beitragen m\u00f6chten, wenden Sie sich bitte an lokale Beh\u00f6rden, NGOs und andere Institutionen (z. B. die nationalen Rotkreuz-Organisationen) vor Ort.&nbsp;&nbsp;<\/p>\n\n\n\n<p>Da die Verantwortung f\u00fcr die Unterbringung von Asylbewerbern und Fl\u00fcchtlingen in Deutschland bei den deutschen Beh\u00f6rden liegt, sollten Wohnungsangebote mit den zust\u00e4ndigen Beh\u00f6rden abgestimmt werden. Wenn Sie eine Unterkunft in Deutschland anbieten m\u00f6chten, wenden Sie sich bitte an die \u00f6rtlichen Beh\u00f6rden in Ihrer Stadt oder Ihrem Landkreis oder registrieren Sie Ihre Unterkunft unter <a href=\"http:\/\/www.unterkunft-ukraine.de\/\" target=\"_blank\" rel=\"noreferrer noopener\">www.unterkunft-ukraine.de<\/a>.&nbsp;&nbsp;&nbsp;<\/p>\n\n\n\n<p><strong>Kontaktaufnahme mit UNHCR<\/strong>&nbsp;<br>Um Informationen \u00fcber die Situation in bestimmten L\u00e4ndern zu erhalten, die von UNHCR zusammengestellt wurden, und um die lokalen Vertretungen zu kontaktieren, besuchen Sie bitte die HELP-Website von UNHCR und <a href=\"https:\/\/help.unhcr.org\/\" target=\"_blank\" rel=\"noreferrer noopener\">w\u00e4hlen Sie<\/a> ein Land aus.&nbsp; Direkte Links zu ausgew\u00e4hlten L\u00e4ndern sind unten aufgef\u00fchrt.&nbsp;&nbsp;<\/p>\n\n\n\n<ul class=\"wp-block-list\">\n<li>In <strong>der Tschechischen Republik<\/strong>: Bitte besuchen Sie die UNHCR-<a href=\"https:\/\/help.unhcr.org\/czech\/\" target=\"_blank\" rel=\"noreferrer noopener\">HELP-Seite<\/a> und die <a href=\"https:\/\/www.mvcr.cz\/clanek\/informace-pro-obcany-ukrajiny.aspx\" target=\"_blank\" rel=\"noreferrer noopener\">Webseite der Regierung<\/a> (Hotline-Nummer +420 974 801 802).&nbsp;&nbsp;<\/li>\n<\/ul>\n\n\n\n<ul class=\"wp-block-list\">\n<li>In <strong>Ungarn:<\/strong> Bitte beachten Sie die UNHCR-<a href=\"https:\/\/help.unhcr.org\/hungary\/\" target=\"_blank\" rel=\"noreferrer noopener\">HELP-Seite<\/a> f\u00fcr Ungarn und die <a href=\"https:\/\/helsinki.hu\/en\/information-for-people-fleeing-from-ukraine\/\" target=\"_blank\" rel=\"noreferrer noopener\">Seite des Ungarischen Helsinki-Komitees<\/a>.&nbsp;&nbsp;<\/li>\n<\/ul>\n\n\n\n<ul class=\"wp-block-list\">\n<li>In <strong>Moldawien:<\/strong> Bitte beachten Sie die Seite der Asylbeh\u00f6rden und diese <a href=\"https:\/\/dopomoga.life\/\" target=\"_blank\" rel=\"noreferrer noopener\">Partnerseite<\/a> f\u00fcr verf\u00fcgbare Dienstleistungen. Sie erreichen das UNHCR unter: <a href=\"mailto:hunbu@unhcr.org\" target=\"_blank\" rel=\"noreferrer noopener\">hunbu@unhcr.org<\/a>.&nbsp;&nbsp;&nbsp;<\/li>\n<\/ul>\n\n\n\n<ul class=\"wp-block-list\">\n<li>In <strong>Polen<\/strong>: Bitte besuchen Sie die UNHCR-<a href=\"https:\/\/help.unhcr.org\/poland\/\" target=\"_blank\" rel=\"noreferrer noopener\">HELP-Seite<\/a> f\u00fcr Polen und die <a href=\"https:\/\/www.gov.pl\/web\/udsc\/ukraina-en\" target=\"_blank\" rel=\"noreferrer noopener\">Website der polnischen Regierung<\/a> f\u00fcr Ukrainer (scrollen Sie nach unten f\u00fcr weitere Sprachen und beachten Sie deren Hotline unter: +48477217575).&nbsp;&nbsp;<\/li>\n<\/ul>\n\n\n\n<ul class=\"wp-block-list\">\n<li>In <strong>Rum\u00e4nien<\/strong>: Bitte besuchen Sie die UNHCR-<a href=\"https:\/\/help.unhcr.org\/romania\/\" target=\"_blank\" rel=\"noreferrer noopener\">HELP-Seite<\/a> f\u00fcr Rum\u00e4nien und die <a href=\"https:\/\/www.cnrr.ro\/index.php\/ro\/\" target=\"_blank\" rel=\"noreferrer noopener\">Website unseres Partners<\/a>, des Nationalen Rates f\u00fcr Fl\u00fcchtlinge.&nbsp;&nbsp;<\/li>\n<\/ul>\n\n\n\n<ul class=\"wp-block-list\">\n<li>In <strong>der Slowakei:<\/strong> Bitte besuchen Sie die UNHCR-<a href=\"https:\/\/help.unhcr.org\/slovakia\/\" target=\"_blank\" rel=\"noreferrer noopener\">HELP-Seite<\/a> f\u00fcr die Slowakei und die <a href=\"https:\/\/ua.gov.sk\/en.html\" target=\"_blank\" rel=\"noreferrer noopener\">Website der slowakischen Regierung<\/a> f\u00fcr Ukrainer unter.&nbsp;&nbsp;<\/li>\n<\/ul>\n\n\n\n<ul class=\"wp-block-list\">\n<li><strong>In allen anderen L\u00e4ndern<\/strong>: Bitte besuchen Sie die UNHCR-<a href=\"https:\/\/help.unhcr.org\/\" target=\"_blank\" rel=\"noreferrer noopener\">HELP-Seite<\/a> und w\u00e4hlen Sie das entsprechende Land aus.&nbsp;<\/li>\n<\/ul>\n\n\n\n<p><strong>Anforderung zur \u00dcberpr\u00fcfung der Rentenanspr\u00fcche f\u00fcr ukrainische Fl\u00fcchtlinge<\/strong><\/p>\n\n\n\n<p>Aufgrund der j\u00fcngsten Gesetzes\u00e4nderungen in der Ukraine m\u00fcssen alle ukrainischen Rentner und Rentnerinnen \u2013 einschlie\u00dflich derjenigen, die im Ausland leben \u2013 ein \u00dcberpr\u00fcfungsverfahren durchlaufen, um weiterhin Rentenzahlungen zu erhalten. Bitte finden Sie hier die relevanten Informationen: <a href=\"https:\/\/ukraineishome.org\/uk\/pfuidentification\/\">https:\/\/ukraineishome.org\/uk\/pfuidentification\/<\/a><\/p>\n\n\n\n<p><\/p>\n","protected":false},"excerpt":{"rendered":"<p>Wichtige Hinweise f\u00fcr Personen aus der Ukraine, die in Deutschland ankommen, finden Sie in ukrainischer, russischer, englischer und deutscher Sprache hier. Achtung: Aktuelle Informationen und \u00c4nderungen in Bezug auf die Einreise und den Aufenthalt f\u00fcr Personen aus der Ukraine erhalten Sie auf Germany4Ukraine sowie \u00fcber die Informationsportale der Bundesl\u00e4nder.&nbsp;&nbsp; Ukrainische Staatsb\u00fcrger, die einen biometrischen Reisepass [&hellip;]<\/p>\n","protected":false},"author":95,"featured_media":0,"parent":0,"menu_order":2,"comment_status":"closed","ping_status":"closed","template":"","meta":{"_acf_changed":false,"footnotes":""},"class_list":["post-866","page","type-page","status-publish","hentry"],"acf":[],"_links":{"self":[{"href":"https:\/\/help.unhcr.org\/germany\/de\/wp-json\/wp\/v2\/pages\/866","targetHints":{"allow":["GET"]}}],"collection":[{"href":"https:\/\/help.unhcr.org\/germany\/de\/wp-json\/wp\/v2\/pages"}],"about":[{"href":"https:\/\/help.unhcr.org\/germany\/de\/wp-json\/wp\/v2\/types\/page"}],"author":[{"embeddable":true,"href":"https:\/\/help.unhcr.org\/germany\/de\/wp-json\/wp\/v2\/users\/95"}],"replies":[{"embeddable":true,"href":"https:\/\/help.unhcr.org\/germany\/de\/wp-json\/wp\/v2\/comments?post=866"}],"version-history":[{"count":19,"href":"https:\/\/help.unhcr.org\/germany\/de\/wp-json\/wp\/v2\/pages\/866\/revisions"}],"predecessor-version":[{"id":1149,"href":"https:\/\/help.unhcr.org\/germany\/de\/wp-json\/wp\/v2\/pages\/866\/revisions\/1149"}],"wp:attachment":[{"href":"https:\/\/help.unhcr.org\/germany\/de\/wp-json\/wp\/v2\/media?parent=866"}],"curies":[{"name":"wp","href":"https:\/\/api.w.org\/{rel}","templated":true}]}}