{"id":825,"date":"2021-08-25T09:27:30","date_gmt":"2021-08-25T09:27:30","guid":{"rendered":"http:\/\/help.unhcr.org\/germany\/?page_id=825"},"modified":"2026-01-06T14:42:05","modified_gmt":"2026-01-06T14:42:05","slug":"informationen-zu-afghanistan","status":"publish","type":"page","link":"https:\/\/help.unhcr.org\/germany\/de\/informationen-zu-afghanistan\/","title":{"rendered":"Informationen f\u00fcr Menschen aus Afghanistan"},"content":{"rendered":"\n<p>F\u00fcr die <strong>Kontaktaufnahme zu UNHCR in Afghanistan<\/strong> beachten Sie bitte die Hinweise auf unserer entsprechenden HELP-Webseite (<a href=\"https:\/\/help.unhcr.org\/afghanistan\/welcome\/\">https:\/\/help.unhcr.org\/afghanistan\/<\/a>). Die Kontakte zu UNHCR-Vertretungen in weiteren L\u00e4ndern finden Sie auf der&nbsp;allgemeinen HELP-Webseite&nbsp;von UNHCR&nbsp;(<a rel=\"noreferrer noopener\" href=\"https:\/\/help.unhcr.org\/\" target=\"_blank\">https:\/\/help.unhcr.org\/<\/a>).&nbsp;UNHCR wird im Rahmen der M\u00f6glichkeiten vor Ort weiterhin seinen humanit\u00e4ren&nbsp;Aufgaben&nbsp;nachgehen.&nbsp;&nbsp;<\/p>\n\n\n\n<p><\/p>\n\n\n\n<p><strong>Personen mit anh\u00e4ngigen Visumsverfahren<\/strong> zur Familienzusammenf\u00fchrung oder mit entsprechenden Anfragen sollten mit den Auslandsvertretungen in Kontakt bleiben, die das Verfahren f\u00fchren, oder sich an die n\u00e4chstgelegene deutsche Auslandsvertretung wenden. Auch zur Visumsbeantragung&nbsp;stellt das Ausw\u00e4rtige Amt Informationen auf&nbsp;der&nbsp;Webseite bereit&nbsp;(<a href=\"https:\/\/www.auswaertiges-amt.de\/de\/service\/afg?openAccordionId=item-2479458-1-panel\" target=\"_blank\" rel=\"noreferrer noopener\">https:\/\/www.auswaertiges-amt.de\/de\/service\/afg?openAccordionId=item-2479458-1-panel<\/a>).&nbsp;&nbsp;&nbsp;<\/p>\n","protected":false},"excerpt":{"rendered":"<p>F\u00fcr die Kontaktaufnahme zu UNHCR in Afghanistan beachten Sie bitte die Hinweise auf unserer entsprechenden HELP-Webseite (https:\/\/help.unhcr.org\/afghanistan\/). Die Kontakte zu UNHCR-Vertretungen in weiteren L\u00e4ndern finden Sie auf der&nbsp;allgemeinen HELP-Webseite&nbsp;von UNHCR&nbsp;(https:\/\/help.unhcr.org\/).&nbsp;UNHCR wird im Rahmen der M\u00f6glichkeiten vor Ort weiterhin seinen humanit\u00e4ren&nbsp;Aufgaben&nbsp;nachgehen.&nbsp;&nbsp; Personen mit anh\u00e4ngigen Visumsverfahren zur Familienzusammenf\u00fchrung oder mit entsprechenden Anfragen sollten mit den Auslandsvertretungen in [&hellip;]<\/p>\n","protected":false},"author":95,"featured_media":0,"parent":0,"menu_order":2,"comment_status":"closed","ping_status":"closed","template":"page-templates\/listing_page.php","meta":{"_acf_changed":false,"footnotes":""},"class_list":["post-825","page","type-page","status-publish","hentry"],"acf":[],"_links":{"self":[{"href":"https:\/\/help.unhcr.org\/germany\/de\/wp-json\/wp\/v2\/pages\/825","targetHints":{"allow":["GET"]}}],"collection":[{"href":"https:\/\/help.unhcr.org\/germany\/de\/wp-json\/wp\/v2\/pages"}],"about":[{"href":"https:\/\/help.unhcr.org\/germany\/de\/wp-json\/wp\/v2\/types\/page"}],"author":[{"embeddable":true,"href":"https:\/\/help.unhcr.org\/germany\/de\/wp-json\/wp\/v2\/users\/95"}],"replies":[{"embeddable":true,"href":"https:\/\/help.unhcr.org\/germany\/de\/wp-json\/wp\/v2\/comments?post=825"}],"version-history":[{"count":16,"href":"https:\/\/help.unhcr.org\/germany\/de\/wp-json\/wp\/v2\/pages\/825\/revisions"}],"predecessor-version":[{"id":1142,"href":"https:\/\/help.unhcr.org\/germany\/de\/wp-json\/wp\/v2\/pages\/825\/revisions\/1142"}],"wp:attachment":[{"href":"https:\/\/help.unhcr.org\/germany\/de\/wp-json\/wp\/v2\/media?parent=825"}],"curies":[{"name":"wp","href":"https:\/\/api.w.org\/{rel}","templated":true}]}}