{"id":579,"date":"2019-02-28T16:56:23","date_gmt":"2019-02-28T16:56:23","guid":{"rendered":"http:\/\/help.unhcr.org\/germany\/?page_id=579"},"modified":"2026-01-06T12:33:36","modified_gmt":"2026-01-06T12:33:36","slug":"familienzusammenfuhrung","status":"publish","type":"page","link":"https:\/\/help.unhcr.org\/germany\/de\/familienzusammenfuhrung\/","title":{"rendered":"Familienzusammenf\u00fchrung"},"content":{"rendered":"<p>Der Schutz der Familie ist ein wichtiges Menschenrecht. Wenn Sie vor oder w\u00e4hrend der Flucht von Ihrer Familie getrennt wurden, k\u00f6nnen Sie unter bestimmten Voraussetzungen Ihre Familie nach Deutschland nachholen. Wenn Ihre Familienmitglieder noch au\u00dferhalb der EU sind, k\u00f6nnen Sie diese unter bestimmten Vorraussetzungen nachholen. Ob Sie Ihre Familie nachholen k\u00f6nnen, h\u00e4ngt von Ihrem Aufenthaltsstatus ab.<\/p>\n<p>Die Asylantr\u00e4ge von engen Familienmitgliedern sollen nicht in unterschiedlichen europ\u00e4ischen Mitgliedstaaten gepr\u00fcft werden. Eine Zusammenf\u00fchrung mit Ihrer Familie (Ehepartner und minderj\u00e4hrige Kinder) ist daher bereits w\u00e4hrend des Asylverfahrens m\u00f6glich, wenn diese sich bereits innerhalb der Europ\u00e4ischen Union oder in der Schweiz, Liechtenstein, Norwegen oder Island aufhalten.<\/p>\n\n\n<p><\/p>\n","protected":false},"excerpt":{"rendered":"<p>Der Schutz der Familie ist ein wichtiges Menschenrecht. Wenn Sie vor oder w\u00e4hrend der Flucht von Ihrer Familie getrennt wurden, k\u00f6nnen Sie unter bestimmten Voraussetzungen Ihre Familie nach Deutschland nachholen. Wenn Ihre Familienmitglieder noch au\u00dferhalb der EU sind, k\u00f6nnen Sie diese unter bestimmten Vorraussetzungen nachholen. Ob Sie Ihre Familie nachholen k\u00f6nnen, h\u00e4ngt von Ihrem Aufenthaltsstatus [&hellip;]<\/p>\n","protected":false},"author":1,"featured_media":0,"parent":0,"menu_order":2,"comment_status":"closed","ping_status":"closed","template":"page-templates\/sectioned.php","meta":{"_acf_changed":false,"footnotes":""},"class_list":["post-579","page","type-page","status-publish","hentry"],"acf":[],"_links":{"self":[{"href":"https:\/\/help.unhcr.org\/germany\/de\/wp-json\/wp\/v2\/pages\/579","targetHints":{"allow":["GET"]}}],"collection":[{"href":"https:\/\/help.unhcr.org\/germany\/de\/wp-json\/wp\/v2\/pages"}],"about":[{"href":"https:\/\/help.unhcr.org\/germany\/de\/wp-json\/wp\/v2\/types\/page"}],"author":[{"embeddable":true,"href":"https:\/\/help.unhcr.org\/germany\/de\/wp-json\/wp\/v2\/users\/1"}],"replies":[{"embeddable":true,"href":"https:\/\/help.unhcr.org\/germany\/de\/wp-json\/wp\/v2\/comments?post=579"}],"version-history":[{"count":10,"href":"https:\/\/help.unhcr.org\/germany\/de\/wp-json\/wp\/v2\/pages\/579\/revisions"}],"predecessor-version":[{"id":1128,"href":"https:\/\/help.unhcr.org\/germany\/de\/wp-json\/wp\/v2\/pages\/579\/revisions\/1128"}],"wp:attachment":[{"href":"https:\/\/help.unhcr.org\/germany\/de\/wp-json\/wp\/v2\/media?parent=579"}],"curies":[{"name":"wp","href":"https:\/\/api.w.org\/{rel}","templated":true}]}}