{"id":554,"date":"2019-02-28T16:02:38","date_gmt":"2019-02-28T16:02:38","guid":{"rendered":"http:\/\/help.unhcr.org\/germany\/?page_id=554"},"modified":"2025-02-11T10:13:43","modified_gmt":"2025-02-11T10:13:43","slug":"schutzformen","status":"publish","type":"page","link":"https:\/\/help.unhcr.org\/germany\/de\/aysl-in-deutschland\/schutzformen\/","title":{"rendered":"Schutzformen"},"content":{"rendered":"<p>Wer Schutz erh\u00e4lt, darf sich auch nach Abschluss des Asylverfahrens in Deutschland aufhalten. Es gibt verschiedene Grundlagen, auf denen einer Person Schutz zugesprochen werden kann. Diese Schutzformen haben unterschiedliche Voraussetzungen und damit verbundene Rechte. Wenn Sie in Deutschland einen Asylantrag stellen, pr\u00fcft das Bundesamt in einer festen Reihenfolge, ob Ihnen eine der Schutzformen zusteht. Die Entscheidung basiert auf den Gr\u00fcnden, warum Sie nicht in Ihre Heimat zur\u00fcckkehren k\u00f6nnen.<\/p>\n","protected":false},"excerpt":{"rendered":"<p>Wer Schutz erh\u00e4lt, darf sich auch nach Abschluss des Asylverfahrens in Deutschland aufhalten. Es gibt verschiedene Grundlagen, auf denen einer Person Schutz zugesprochen werden kann. Diese Schutzformen haben unterschiedliche Voraussetzungen und damit verbundene Rechte. Wenn Sie in Deutschland einen Asylantrag stellen, pr\u00fcft das Bundesamt in einer festen Reihenfolge, ob Ihnen eine der Schutzformen zusteht. Die [&hellip;]<\/p>\n","protected":false},"author":1,"featured_media":0,"parent":301,"menu_order":0,"comment_status":"closed","ping_status":"closed","template":"page-templates\/sectioned.php","meta":{"_acf_changed":false,"footnotes":""},"class_list":["post-554","page","type-page","status-publish","hentry"],"acf":[],"_links":{"self":[{"href":"https:\/\/help.unhcr.org\/germany\/de\/wp-json\/wp\/v2\/pages\/554","targetHints":{"allow":["GET"]}}],"collection":[{"href":"https:\/\/help.unhcr.org\/germany\/de\/wp-json\/wp\/v2\/pages"}],"about":[{"href":"https:\/\/help.unhcr.org\/germany\/de\/wp-json\/wp\/v2\/types\/page"}],"author":[{"embeddable":true,"href":"https:\/\/help.unhcr.org\/germany\/de\/wp-json\/wp\/v2\/users\/1"}],"replies":[{"embeddable":true,"href":"https:\/\/help.unhcr.org\/germany\/de\/wp-json\/wp\/v2\/comments?post=554"}],"version-history":[{"count":4,"href":"https:\/\/help.unhcr.org\/germany\/de\/wp-json\/wp\/v2\/pages\/554\/revisions"}],"predecessor-version":[{"id":1019,"href":"https:\/\/help.unhcr.org\/germany\/de\/wp-json\/wp\/v2\/pages\/554\/revisions\/1019"}],"up":[{"embeddable":true,"href":"https:\/\/help.unhcr.org\/germany\/de\/wp-json\/wp\/v2\/pages\/301"}],"wp:attachment":[{"href":"https:\/\/help.unhcr.org\/germany\/de\/wp-json\/wp\/v2\/media?parent=554"}],"curies":[{"name":"wp","href":"https:\/\/api.w.org\/{rel}","templated":true}]}}