{"id":363,"date":"2017-11-09T15:27:12","date_gmt":"2017-11-09T15:27:12","guid":{"rendered":"http:\/\/help.unhcr.org\/germany\/?page_id=363"},"modified":"2026-01-06T12:46:04","modified_gmt":"2026-01-06T12:46:04","slug":"freiwillige-ruckkehr","status":"publish","type":"page","link":"https:\/\/help.unhcr.org\/germany\/de\/freiwillige-ruckkehr\/","title":{"rendered":"Freiwillige R\u00fcckkehr"},"content":{"rendered":"<p><span data-contrast=\"none\">Grunds\u00e4tzlich ist eine freiwillige R\u00fcckkehr jederzeit m\u00f6glich. Viele Fl\u00fcchtlinge m\u00f6chten gerne in ihre Heimat zur\u00fcckkehren, sobald sie dort keine Verfolgung mehr bef\u00fcrchten. Andere m\u00f6chten bereits in ihr Herkunftsland zur\u00fcckkehren, bevor ihr Asylverfahren beendet ist.<\/span><span data-ccp-props=\"{}\">\u00a0<\/span><\/p>\n<p><span data-contrast=\"none\">Personen, deren Asylantrag endg\u00fcltig abgelehnt wurde, sind grunds\u00e4tzlich\u00a0<\/span><a href=\"https:\/\/help.unhcr.org\/germany\/de\/aysl-in-deutschland\/ausreise\/\"><span data-contrast=\"none\">verpflichtet auszureisen<\/span><\/a><span data-contrast=\"none\">. Doch auch sie haben die M\u00f6glichkeit bis zu einem bestimmten Zeitpunkt freiwillig auszureisen. Nur wenn eine Person nicht freiwillig ausreist, kann sie unter Zwang in ihr Herkunftsland zur\u00fcckgebracht werden.<\/span><span data-ccp-props=\"{&quot;335557856&quot;:16711422}\">\u00a0<\/span><\/p>\n<p><span data-contrast=\"none\">Die Bundesrepublik Deutschland unterst\u00fctzt gemeinsam mit verschiedenen Partnern Personen, die freiwillig in ihre Heimat zur\u00fcckkehren m\u00f6chten. Wenn Sie keine finanziellen Mittel f\u00fcr eine Ausreise haben, k\u00f6nnen Sie eine Unterst\u00fctzung beantragen. Das humanit\u00e4re Hilfsprogramm REAG\/GARP \u00fcbernimmt die Bef\u00f6rderungskosten, eine Reisebeihilfe und gew\u00e4hrt Staatsangeh\u00f6rigen aus bestimmten Herkunftsl\u00e4ndern eine Starthilfe. Das Programm wird\u00a0vom Bundesamt f\u00fcr Migration und Fl\u00fcchtlinge (BAMF)\u00a0durchgef\u00fchrt. Es besteht jedoch kein Anspruch in das Programm aufgenommen zu werden.<\/span><span data-ccp-props=\"{&quot;335557856&quot;:16711422}\">\u00a0<\/span><\/p>\n<p><span data-contrast=\"none\">Weitere Informationen zu R\u00fcckkehrprogrammen finden Sie auf der\u00a0<\/span><a href=\"https:\/\/www.bamf.de\/DE\/Themen\/Rueckkehr\/FoerderprogrammREAGGARP\/reaggarp-node.html\"><span data-contrast=\"none\">Website des Bundesamtes<\/span><\/a><span data-contrast=\"none\">\u00a0und dem\u00a0<\/span><a href=\"https:\/\/www.returningfromgermany.de\/de\/\"><span data-contrast=\"none\">Informationsportal zu freiwilliger R\u00fcckkehr und Reintegration.<\/span><\/a><\/p>\n<p><span data-contrast=\"none\">Wenn Sie Hilfe bei der Planung Ihrer R\u00fcckreise ben\u00f6tigen, k\u00f6nnen Sie sich an spezielle R\u00fcckkehrberatungen wenden.\u00a0<\/span><span data-ccp-props=\"{&quot;335557856&quot;:16711422}\">\u00a0<\/span><\/p>\n<p><span data-ccp-props=\"{&quot;335557856&quot;:16711422}\">\u00a0<\/span><\/p>\n","protected":false},"excerpt":{"rendered":"<p>Grunds\u00e4tzlich ist eine freiwillige R\u00fcckkehr jederzeit m\u00f6glich. Viele Fl\u00fcchtlinge m\u00f6chten gerne in ihre Heimat zur\u00fcckkehren, sobald sie dort keine Verfolgung mehr bef\u00fcrchten. Andere m\u00f6chten bereits in ihr Herkunftsland zur\u00fcckkehren, bevor ihr Asylverfahren beendet ist.\u00a0 Personen, deren Asylantrag endg\u00fcltig abgelehnt wurde, sind grunds\u00e4tzlich\u00a0verpflichtet auszureisen. Doch auch sie haben die M\u00f6glichkeit bis zu einem bestimmten Zeitpunkt freiwillig [&hellip;]<\/p>\n","protected":false},"author":1,"featured_media":0,"parent":0,"menu_order":7,"comment_status":"closed","ping_status":"closed","template":"","meta":{"_acf_changed":false,"footnotes":""},"class_list":["post-363","page","type-page","status-publish","hentry"],"acf":[],"_links":{"self":[{"href":"https:\/\/help.unhcr.org\/germany\/de\/wp-json\/wp\/v2\/pages\/363","targetHints":{"allow":["GET"]}}],"collection":[{"href":"https:\/\/help.unhcr.org\/germany\/de\/wp-json\/wp\/v2\/pages"}],"about":[{"href":"https:\/\/help.unhcr.org\/germany\/de\/wp-json\/wp\/v2\/types\/page"}],"author":[{"embeddable":true,"href":"https:\/\/help.unhcr.org\/germany\/de\/wp-json\/wp\/v2\/users\/1"}],"replies":[{"embeddable":true,"href":"https:\/\/help.unhcr.org\/germany\/de\/wp-json\/wp\/v2\/comments?post=363"}],"version-history":[{"count":3,"href":"https:\/\/help.unhcr.org\/germany\/de\/wp-json\/wp\/v2\/pages\/363\/revisions"}],"predecessor-version":[{"id":1134,"href":"https:\/\/help.unhcr.org\/germany\/de\/wp-json\/wp\/v2\/pages\/363\/revisions\/1134"}],"wp:attachment":[{"href":"https:\/\/help.unhcr.org\/germany\/de\/wp-json\/wp\/v2\/media?parent=363"}],"curies":[{"name":"wp","href":"https:\/\/api.w.org\/{rel}","templated":true}]}}