{"id":348,"date":"2017-11-09T15:08:23","date_gmt":"2017-11-09T15:08:23","guid":{"rendered":"http:\/\/help.unhcr.org\/germany\/?page_id=348"},"modified":"2017-11-09T15:08:23","modified_gmt":"2017-11-09T15:08:23","slug":"rechte-und-pflichten","status":"publish","type":"page","link":"https:\/\/help.unhcr.org\/germany\/de\/rechte-und-pflichten\/","title":{"rendered":"Rechte und Pflichten"},"content":{"rendered":"<p>Sie haben w\u00e4hrend und nach Ihrem Asylverfahren eine Reihe von Rechten und Pflichten. Diese kn\u00fcpfen an Ihren Aufenthaltsstatus an und beeinflussen viele Bereiche des t\u00e4glichen Lebens \u2013 von der Unterbringung bis zur Arbeit. Jede Person, die sich in Deutschland aufh\u00e4lt, ist verpflichtet sich an die deutschen Gesetze und Regelungen zu halten. Das gilt unabh\u00e4ngig von der Staatsangeh\u00f6rigkeit der jeweiligen Person.<\/p>\n","protected":false},"excerpt":{"rendered":"<p>Sie haben w\u00e4hrend und nach Ihrem Asylverfahren eine Reihe von Rechten und Pflichten. Diese kn\u00fcpfen an Ihren Aufenthaltsstatus an und beeinflussen viele Bereiche des t\u00e4glichen Lebens \u2013 von der Unterbringung bis zur Arbeit. Jede Person, die sich in Deutschland aufh\u00e4lt, ist verpflichtet sich an die deutschen Gesetze und Regelungen zu halten. Das gilt unabh\u00e4ngig von [&hellip;]<\/p>\n","protected":false},"author":1,"featured_media":0,"parent":0,"menu_order":4,"comment_status":"closed","ping_status":"closed","template":"page-templates\/listing_page.php","meta":{"_acf_changed":false,"footnotes":""},"class_list":["post-348","page","type-page","status-publish","hentry"],"acf":[],"_links":{"self":[{"href":"https:\/\/help.unhcr.org\/germany\/de\/wp-json\/wp\/v2\/pages\/348","targetHints":{"allow":["GET"]}}],"collection":[{"href":"https:\/\/help.unhcr.org\/germany\/de\/wp-json\/wp\/v2\/pages"}],"about":[{"href":"https:\/\/help.unhcr.org\/germany\/de\/wp-json\/wp\/v2\/types\/page"}],"author":[{"embeddable":true,"href":"https:\/\/help.unhcr.org\/germany\/de\/wp-json\/wp\/v2\/users\/1"}],"replies":[{"embeddable":true,"href":"https:\/\/help.unhcr.org\/germany\/de\/wp-json\/wp\/v2\/comments?post=348"}],"version-history":[{"count":1,"href":"https:\/\/help.unhcr.org\/germany\/de\/wp-json\/wp\/v2\/pages\/348\/revisions"}],"predecessor-version":[{"id":349,"href":"https:\/\/help.unhcr.org\/germany\/de\/wp-json\/wp\/v2\/pages\/348\/revisions\/349"}],"wp:attachment":[{"href":"https:\/\/help.unhcr.org\/germany\/de\/wp-json\/wp\/v2\/media?parent=348"}],"curies":[{"name":"wp","href":"https:\/\/api.w.org\/{rel}","templated":true}]}}