{"id":346,"date":"2017-11-09T15:04:35","date_gmt":"2017-11-09T15:04:35","guid":{"rendered":"http:\/\/help.unhcr.org\/germany\/?page_id=346"},"modified":"2026-01-06T12:38:51","modified_gmt":"2026-01-06T12:38:51","slug":"humanitare-aufnahmeprogramme","status":"publish","type":"page","link":"https:\/\/help.unhcr.org\/germany\/de\/aufnahme-in-deutschland\/humanitare-aufnahmeprogramme\/","title":{"rendered":"Humanit\u00e4re Aufnahmeprogramme"},"content":{"rendered":"<p><span data-contrast=\"none\">Mitunter richten Staaten humanit\u00e4re Aufnahmeprogramme f\u00fcr Personen aus akuten Konfliktregionen ein. Damit erkl\u00e4ren sie sich bereit, eine bestimmte Anzahl von schutzbed\u00fcrftigen Menschen aufzunehmen. Deutschland hat in der Vergangenheit immer wieder Aufnahmeprogramme eingerichtet, so z.B.\u00a0verschiedene Aufnahmeprogramme f\u00fcr Fl\u00fcchtlinge aus Syrien.<\/span><span data-ccp-props=\"{&quot;335557856&quot;:16711422}\">\u00a0<\/span><\/p>\n<p><span data-contrast=\"none\">Derzeit sind alle humanit\u00e4ren Aufnahmeprogramme nach Deutschland auf unbestimmte Zeit ausgesetzt, <a href=\"https:\/\/www.bmi.bund.de\/DE\/themen\/migration\/asyl-fluechtlingsschutz\/resettlement\/resettlement-node.html\">siehe hier<\/a>.<\/span><\/p>\n<p><span data-contrast=\"none\">Einige Bundesl\u00e4nder\u00a0hatten in der Vergangenheit\u00a0eigene Aufnahmeprogramme f\u00fcr bestimmte Gruppen, insbesondere f\u00fcr Familienangeh\u00f6rige, die nicht zur Kernfamilie (Ehepartner und ihre minderj\u00e4hrigen Kinder) geh\u00f6ren.\u00a0Solche Aufnahmeprogramme existieren derzeit\u00a0ebenfalls\u00a0nicht mehr.\u00a0Bei Fragen zur\u00a0individuellen humanit\u00e4ren\u00a0Aufnahme\u00a0wenden Sie sich bitte an die f\u00fcr Ihren Wohnort zust\u00e4ndige Ausl\u00e4nderbeh\u00f6rde oder das Innenministerium des Bundeslandes, in dem Sie Ihren Wohnsitz haben\u00a0oder an eine Beratungsstelle<\/span><span data-ccp-props=\"{&quot;335557856&quot;:16711422}\">\u00a0<\/span><\/p>\n<p><span data-contrast=\"none\">Weiterf\u00fchrende Informationen zu den verschiedenen deutschen Aufnahmeprogrammen finden sich\u00a0auf\u00a0den\u00a0<a href=\"https:\/\/www.bmi.bund.de\/DE\/themen\/migration\/asyl-fluechtlingsschutz\/resettlement\/resettlement-node.html\">Seiten\u00a0des\u00a0<\/a><\/span><span data-contrast=\"none\">Bundesministeriums des Innern und f\u00fcr Heimat.<\/span><\/p>\n<p><span data-ccp-props=\"{&quot;335557856&quot;:16711422}\">\u00a0<\/span><\/p>\n\n\n<p><\/p>\n","protected":false},"excerpt":{"rendered":"<p>Mitunter richten Staaten humanit\u00e4re Aufnahmeprogramme f\u00fcr Personen aus akuten Konfliktregionen ein. Damit erkl\u00e4ren sie sich bereit, eine bestimmte Anzahl von schutzbed\u00fcrftigen Menschen aufzunehmen. Deutschland hat in der Vergangenheit immer wieder Aufnahmeprogramme eingerichtet, so z.B.\u00a0verschiedene Aufnahmeprogramme f\u00fcr Fl\u00fcchtlinge aus Syrien.\u00a0 Derzeit sind alle humanit\u00e4ren Aufnahmeprogramme nach Deutschland auf unbestimmte Zeit ausgesetzt, siehe hier. Einige Bundesl\u00e4nder\u00a0hatten in [&hellip;]<\/p>\n","protected":false},"author":1,"featured_media":0,"parent":336,"menu_order":2,"comment_status":"closed","ping_status":"closed","template":"","meta":{"_acf_changed":false,"footnotes":""},"class_list":["post-346","page","type-page","status-publish","hentry"],"acf":[],"_links":{"self":[{"href":"https:\/\/help.unhcr.org\/germany\/de\/wp-json\/wp\/v2\/pages\/346","targetHints":{"allow":["GET"]}}],"collection":[{"href":"https:\/\/help.unhcr.org\/germany\/de\/wp-json\/wp\/v2\/pages"}],"about":[{"href":"https:\/\/help.unhcr.org\/germany\/de\/wp-json\/wp\/v2\/types\/page"}],"author":[{"embeddable":true,"href":"https:\/\/help.unhcr.org\/germany\/de\/wp-json\/wp\/v2\/users\/1"}],"replies":[{"embeddable":true,"href":"https:\/\/help.unhcr.org\/germany\/de\/wp-json\/wp\/v2\/comments?post=346"}],"version-history":[{"count":6,"href":"https:\/\/help.unhcr.org\/germany\/de\/wp-json\/wp\/v2\/pages\/346\/revisions"}],"predecessor-version":[{"id":1131,"href":"https:\/\/help.unhcr.org\/germany\/de\/wp-json\/wp\/v2\/pages\/346\/revisions\/1131"}],"up":[{"embeddable":true,"href":"https:\/\/help.unhcr.org\/germany\/de\/wp-json\/wp\/v2\/pages\/336"}],"wp:attachment":[{"href":"https:\/\/help.unhcr.org\/germany\/de\/wp-json\/wp\/v2\/media?parent=346"}],"curies":[{"name":"wp","href":"https:\/\/api.w.org\/{rel}","templated":true}]}}