{"id":344,"date":"2017-11-09T15:01:59","date_gmt":"2017-11-09T15:01:59","guid":{"rendered":"http:\/\/help.unhcr.org\/germany\/?page_id=344"},"modified":"2026-01-06T12:35:56","modified_gmt":"2026-01-06T12:35:56","slug":"resettlement","status":"publish","type":"page","link":"https:\/\/help.unhcr.org\/germany\/de\/aufnahme-in-deutschland\/resettlement\/","title":{"rendered":"Resettlement"},"content":{"rendered":"<p><span data-contrast=\"none\">Resettlement-Programme erm\u00f6glichen Fl\u00fcchtlingen eine\u00a0<\/span><span data-contrast=\"none\">legale<\/span><span data-contrast=\"none\">\u00a0und\u00a0sichere Einreise. Es gibt\u00a0weltweit\u00a0jedoch nur wenig verf\u00fcgbare Pl\u00e4tze. Jedes Jahr m\u00f6chten sehr viel mehr Menschen\u00a0resettled\u00a0werden als Pl\u00e4tze bereitstehen. Es besteht kein Anspruch in ein\u00a0Resettlement-Programm aufgenommen zu werden. Jedes Land bestimmt selbst wie viele\u00a0Resettlement-Pl\u00e4tze es zur Verf\u00fcgung stellt,\u00a0und aus welchen L\u00e4ndern die Aufnahme erfolgt.\u00a0<\/span><span data-ccp-props=\"{&quot;335557856&quot;:16711422}\">\u00a0<\/span><\/p>\n<p><span data-contrast=\"none\">Es gibt ein festes Auswahlverfahren, wer in ein\u00a0Resettlement-Programm aufgenommen wird. UNHCR pr\u00fcft F\u00e4lle nach bestimmten Kriterien und schl\u00e4gt besonders schutzbed\u00fcrftige\u00a0Fl\u00fcchtlinge\u00a0aufnahmebereiten\u00a0Resettlement-L\u00e4ndern\u00a0vor. Die\u00a0dortigen\u00a0Beh\u00f6rden\u00a0treffen eine abschlie\u00dfende Entscheidung, wer Im Rahmen des Programms einreisen darf. Das UNHCR-B\u00fcro in Deutschland ist\u00a0<\/span><b><span data-contrast=\"none\">nicht<\/span><\/b><span data-contrast=\"none\">\u00a0zust\u00e4ndig f\u00fcr die Auswahl von geeigneten Personen f\u00fcr\u00a0Resettlement.\u00a0Es existieren keine\u00a0Resettlement-Verfahren, um aus Deutschland in einen anderen Staat wie zum Beispiel Kanada oder die USA weiterzureisen.<\/span><span data-ccp-props=\"{&quot;335557856&quot;:16711422}\">\u00a0<\/span><\/p>\n<p><span data-contrast=\"none\">Derzeit ist das deutsche\u00a0Resettlement-Programm auf unbestimmte Zeit ausgesetzt, d.h. es werden keine Fl\u00fcchtlinge in Deutschland aufgenommen.<\/span><span data-ccp-props=\"{&quot;335557856&quot;:16711422}\">\u00a0<\/span><\/p>\n<p><span data-contrast=\"none\">Weitere Informationen zu\u00a0Resettlement\u00a0finden Sie\u00a0<\/span><a href=\"http:\/\/www.unhcr.org\/dach\/de\/was-wir-tun\/resettlement-und-humanitaere-aufnahme#_ga=2.197837928.676961057.1510059414-1368746908.1508774717\"><span data-contrast=\"none\">auf unserer Website<\/span><\/a><span data-contrast=\"none\"> und auf der <a href=\"https:\/\/www.bmi.bund.de\/DE\/themen\/migration\/asyl-fluechtlingsschutz\/resettlement\/resettlement-node.html\">Website des Bundesministeriums des Innern und f\u00fcr Heimat<\/a>.<\/span><\/p>\n<p>\u00a0<\/p>\n\n\n<p><\/p>\n","protected":false},"excerpt":{"rendered":"<p>Resettlement-Programme erm\u00f6glichen Fl\u00fcchtlingen eine\u00a0legale\u00a0und\u00a0sichere Einreise. Es gibt\u00a0weltweit\u00a0jedoch nur wenig verf\u00fcgbare Pl\u00e4tze. Jedes Jahr m\u00f6chten sehr viel mehr Menschen\u00a0resettled\u00a0werden als Pl\u00e4tze bereitstehen. Es besteht kein Anspruch in ein\u00a0Resettlement-Programm aufgenommen zu werden. Jedes Land bestimmt selbst wie viele\u00a0Resettlement-Pl\u00e4tze es zur Verf\u00fcgung stellt,\u00a0und aus welchen L\u00e4ndern die Aufnahme erfolgt.\u00a0\u00a0 Es gibt ein festes Auswahlverfahren, wer in ein\u00a0Resettlement-Programm aufgenommen [&hellip;]<\/p>\n","protected":false},"author":1,"featured_media":0,"parent":336,"menu_order":1,"comment_status":"closed","ping_status":"closed","template":"","meta":{"_acf_changed":false,"footnotes":""},"class_list":["post-344","page","type-page","status-publish","hentry"],"acf":[],"_links":{"self":[{"href":"https:\/\/help.unhcr.org\/germany\/de\/wp-json\/wp\/v2\/pages\/344","targetHints":{"allow":["GET"]}}],"collection":[{"href":"https:\/\/help.unhcr.org\/germany\/de\/wp-json\/wp\/v2\/pages"}],"about":[{"href":"https:\/\/help.unhcr.org\/germany\/de\/wp-json\/wp\/v2\/types\/page"}],"author":[{"embeddable":true,"href":"https:\/\/help.unhcr.org\/germany\/de\/wp-json\/wp\/v2\/users\/1"}],"replies":[{"embeddable":true,"href":"https:\/\/help.unhcr.org\/germany\/de\/wp-json\/wp\/v2\/comments?post=344"}],"version-history":[{"count":5,"href":"https:\/\/help.unhcr.org\/germany\/de\/wp-json\/wp\/v2\/pages\/344\/revisions"}],"predecessor-version":[{"id":1130,"href":"https:\/\/help.unhcr.org\/germany\/de\/wp-json\/wp\/v2\/pages\/344\/revisions\/1130"}],"up":[{"embeddable":true,"href":"https:\/\/help.unhcr.org\/germany\/de\/wp-json\/wp\/v2\/pages\/336"}],"wp:attachment":[{"href":"https:\/\/help.unhcr.org\/germany\/de\/wp-json\/wp\/v2\/media?parent=344"}],"curies":[{"name":"wp","href":"https:\/\/api.w.org\/{rel}","templated":true}]}}