{"id":336,"date":"2017-11-09T14:53:10","date_gmt":"2017-11-09T14:53:10","guid":{"rendered":"http:\/\/help.unhcr.org\/germany\/?page_id=336"},"modified":"2026-01-06T12:34:51","modified_gmt":"2026-01-06T12:34:51","slug":"aufnahme-in-deutschland","status":"publish","type":"page","link":"https:\/\/help.unhcr.org\/germany\/de\/aufnahme-in-deutschland\/","title":{"rendered":"Aufnahme in Deutschland"},"content":{"rendered":"<p><span data-contrast=\"none\">Grunds\u00e4tzlich ben\u00f6tigt jede Person, die nach Deutschland einreisen m\u00f6chte, ein Visum. Dieses Visum muss vor der Einreise bei einer deutschen Auslandsvertretung beantragt werden. Es wird nur f\u00fcr bestimmte Zwecke erteilt \u2013 zum Beispiel, wenn Sie in Deutschland arbeiten m\u00f6chten \u2013 und nur,\u00a0wenn Sie bestimmte Voraussetzungen erf\u00fcllen. Es ist nicht m\u00f6glich im Ausland einen Asylantrag zu stellen. F\u00fcr eine Antragstellung m\u00fcssen Sie sich in Deutschland aufhalten.<\/span><span data-ccp-props=\"{&quot;335557856&quot;:16711422}\">\u00a0<\/span><\/p>\n<p><span data-contrast=\"none\">F\u00fcr Fl\u00fcchtlinge gibt es spezielle Einreisem\u00f6glichkeiten. Dazu geh\u00f6ren\u00a0Resettlement-Verfahren und humanit\u00e4re Aufnahmeprogramme. Enge Angeh\u00f6rige k\u00f6nnen ein Visum zum Familiennachzug erhalten, wenn Familienmitglieder bereits als Fl\u00fcchtlinge in Deutschland leben.<\/span><span data-ccp-props=\"{&quot;335557856&quot;:16711422}\">\u00a0<\/span><\/p>\n","protected":false},"excerpt":{"rendered":"<p>Grunds\u00e4tzlich ben\u00f6tigt jede Person, die nach Deutschland einreisen m\u00f6chte, ein Visum. Dieses Visum muss vor der Einreise bei einer deutschen Auslandsvertretung beantragt werden. Es wird nur f\u00fcr bestimmte Zwecke erteilt \u2013 zum Beispiel, wenn Sie in Deutschland arbeiten m\u00f6chten \u2013 und nur,\u00a0wenn Sie bestimmte Voraussetzungen erf\u00fcllen. Es ist nicht m\u00f6glich im Ausland einen Asylantrag zu [&hellip;]<\/p>\n","protected":false},"author":1,"featured_media":0,"parent":0,"menu_order":3,"comment_status":"closed","ping_status":"closed","template":"page-templates\/listing_page.php","meta":{"_acf_changed":false,"footnotes":""},"class_list":["post-336","page","type-page","status-publish","hentry"],"acf":[],"_links":{"self":[{"href":"https:\/\/help.unhcr.org\/germany\/de\/wp-json\/wp\/v2\/pages\/336","targetHints":{"allow":["GET"]}}],"collection":[{"href":"https:\/\/help.unhcr.org\/germany\/de\/wp-json\/wp\/v2\/pages"}],"about":[{"href":"https:\/\/help.unhcr.org\/germany\/de\/wp-json\/wp\/v2\/types\/page"}],"author":[{"embeddable":true,"href":"https:\/\/help.unhcr.org\/germany\/de\/wp-json\/wp\/v2\/users\/1"}],"replies":[{"embeddable":true,"href":"https:\/\/help.unhcr.org\/germany\/de\/wp-json\/wp\/v2\/comments?post=336"}],"version-history":[{"count":3,"href":"https:\/\/help.unhcr.org\/germany\/de\/wp-json\/wp\/v2\/pages\/336\/revisions"}],"predecessor-version":[{"id":1129,"href":"https:\/\/help.unhcr.org\/germany\/de\/wp-json\/wp\/v2\/pages\/336\/revisions\/1129"}],"wp:attachment":[{"href":"https:\/\/help.unhcr.org\/germany\/de\/wp-json\/wp\/v2\/media?parent=336"}],"curies":[{"name":"wp","href":"https:\/\/api.w.org\/{rel}","templated":true}]}}