{"id":332,"date":"2017-11-09T14:41:44","date_gmt":"2017-11-09T14:41:44","guid":{"rendered":"http:\/\/help.unhcr.org\/germany\/?page_id=332"},"modified":"2025-02-11T10:25:55","modified_gmt":"2025-02-11T10:25:55","slug":"ausreise","status":"publish","type":"page","link":"https:\/\/help.unhcr.org\/germany\/de\/aysl-in-deutschland\/ausreise\/","title":{"rendered":"Ausreise"},"content":{"rendered":"<p>Wenn Ihr Asylantrag endg\u00fcltig abgelehnt wurde, sind Sie grunds\u00e4tzlich zur Ausreise verpflichtet und m\u00fcssen Deutschland damit verlassen. Sollten Sie aus besonderen Gr\u00fcnden, zum Beispiel wegen einer schweren Krankheit, vor\u00fcbergehend nicht ausreisen k\u00f6nnen, kann Ihnen die Ausl\u00e4nderbeh\u00f6rde eine Duldung ausstellen. Diese Duldung bescheinigt, dass Sie f\u00fcr einen bestimmten Zeitraum nicht abgeschoben werden d\u00fcrfen. Sie bleiben in dieser Zeit zwar weiterhin zur Ausreise verpflichtet, werden aber nicht unter Zwang in Ihr Herkunftsland zur\u00fcckgebracht.<\/p>\n<p>Wird Ihnen keine Duldung ausgestellt, kann die Ausl\u00e4nderbeh\u00f6rde die Ausreise zwangsweise durchsetzen (Abschiebung), wenn Sie innerhalb der Ihnen gesetzten Frist nicht ausreisen.<\/p>\n<p>Weitere Informationen zur freiwilligen Ausreise finden Sie unter dem Punkt \u201e<a href=\"https:\/\/help.unhcr.org\/germany\/de\/freiwillige-ruckkehr\/\">Freiwillige R\u00fcckkehr<\/a>\u201c.<\/p>\n","protected":false},"excerpt":{"rendered":"<p>Wenn Ihr Asylantrag endg\u00fcltig abgelehnt wurde, sind Sie grunds\u00e4tzlich zur Ausreise verpflichtet und m\u00fcssen Deutschland damit verlassen. Sollten Sie aus besonderen Gr\u00fcnden, zum Beispiel wegen einer schweren Krankheit, vor\u00fcbergehend nicht ausreisen k\u00f6nnen, kann Ihnen die Ausl\u00e4nderbeh\u00f6rde eine Duldung ausstellen. Diese Duldung bescheinigt, dass Sie f\u00fcr einen bestimmten Zeitraum nicht abgeschoben werden d\u00fcrfen. Sie bleiben in [&hellip;]<\/p>\n","protected":false},"author":1,"featured_media":0,"parent":301,"menu_order":3,"comment_status":"closed","ping_status":"closed","template":"","meta":{"_acf_changed":false,"footnotes":""},"class_list":["post-332","page","type-page","status-publish","hentry"],"acf":[],"_links":{"self":[{"href":"https:\/\/help.unhcr.org\/germany\/de\/wp-json\/wp\/v2\/pages\/332","targetHints":{"allow":["GET"]}}],"collection":[{"href":"https:\/\/help.unhcr.org\/germany\/de\/wp-json\/wp\/v2\/pages"}],"about":[{"href":"https:\/\/help.unhcr.org\/germany\/de\/wp-json\/wp\/v2\/types\/page"}],"author":[{"embeddable":true,"href":"https:\/\/help.unhcr.org\/germany\/de\/wp-json\/wp\/v2\/users\/1"}],"replies":[{"embeddable":true,"href":"https:\/\/help.unhcr.org\/germany\/de\/wp-json\/wp\/v2\/comments?post=332"}],"version-history":[{"count":3,"href":"https:\/\/help.unhcr.org\/germany\/de\/wp-json\/wp\/v2\/pages\/332\/revisions"}],"predecessor-version":[{"id":1026,"href":"https:\/\/help.unhcr.org\/germany\/de\/wp-json\/wp\/v2\/pages\/332\/revisions\/1026"}],"up":[{"embeddable":true,"href":"https:\/\/help.unhcr.org\/germany\/de\/wp-json\/wp\/v2\/pages\/301"}],"wp:attachment":[{"href":"https:\/\/help.unhcr.org\/germany\/de\/wp-json\/wp\/v2\/media?parent=332"}],"curies":[{"name":"wp","href":"https:\/\/api.w.org\/{rel}","templated":true}]}}