{"id":316,"date":"2017-11-09T14:15:04","date_gmt":"2017-11-09T14:15:04","guid":{"rendered":"http:\/\/help.unhcr.org\/germany\/?page_id=316"},"modified":"2025-02-11T10:42:37","modified_gmt":"2025-02-11T10:42:37","slug":"316-2","status":"publish","type":"page","link":"https:\/\/help.unhcr.org\/germany\/de\/aysl-in-deutschland\/316-2\/","title":{"rendered":"Asylverfahren"},"content":{"rendered":"<p>Jeder Staat etabliert ein eigenes Verfahren, um festzustellen, ob eine Person ein Fl\u00fcchtling ist. In Deutschland ist das Verfahren mit den Rechten und Pflichten von Asylsuchenden und der zust\u00e4ndigen Beh\u00f6rde im Asylgesetz geregelt. F\u00fcr die Pr\u00fcfung der Asylantr\u00e4ge nach diesem Gesetz ist das Bundesamt f\u00fcr Migration und Fl\u00fcchtlinge (BAMF) verantwortlich.<\/p>\n","protected":false},"excerpt":{"rendered":"<p>Jeder Staat etabliert ein eigenes Verfahren, um festzustellen, ob eine Person ein Fl\u00fcchtling ist. In Deutschland ist das Verfahren mit den Rechten und Pflichten von Asylsuchenden und der zust\u00e4ndigen Beh\u00f6rde im Asylgesetz geregelt. F\u00fcr die Pr\u00fcfung der Asylantr\u00e4ge nach diesem Gesetz ist das Bundesamt f\u00fcr Migration und Fl\u00fcchtlinge (BAMF) verantwortlich.<\/p>\n","protected":false},"author":1,"featured_media":0,"parent":301,"menu_order":3,"comment_status":"closed","ping_status":"closed","template":"page-templates\/sectioned.php","meta":{"_acf_changed":false,"footnotes":""},"class_list":["post-316","page","type-page","status-publish","hentry"],"acf":[],"_links":{"self":[{"href":"https:\/\/help.unhcr.org\/germany\/de\/wp-json\/wp\/v2\/pages\/316","targetHints":{"allow":["GET"]}}],"collection":[{"href":"https:\/\/help.unhcr.org\/germany\/de\/wp-json\/wp\/v2\/pages"}],"about":[{"href":"https:\/\/help.unhcr.org\/germany\/de\/wp-json\/wp\/v2\/types\/page"}],"author":[{"embeddable":true,"href":"https:\/\/help.unhcr.org\/germany\/de\/wp-json\/wp\/v2\/users\/1"}],"replies":[{"embeddable":true,"href":"https:\/\/help.unhcr.org\/germany\/de\/wp-json\/wp\/v2\/comments?post=316"}],"version-history":[{"count":14,"href":"https:\/\/help.unhcr.org\/germany\/de\/wp-json\/wp\/v2\/pages\/316\/revisions"}],"predecessor-version":[{"id":1025,"href":"https:\/\/help.unhcr.org\/germany\/de\/wp-json\/wp\/v2\/pages\/316\/revisions\/1025"}],"up":[{"embeddable":true,"href":"https:\/\/help.unhcr.org\/germany\/de\/wp-json\/wp\/v2\/pages\/301"}],"wp:attachment":[{"href":"https:\/\/help.unhcr.org\/germany\/de\/wp-json\/wp\/v2\/media?parent=316"}],"curies":[{"name":"wp","href":"https:\/\/api.w.org\/{rel}","templated":true}]}}