{"id":282,"date":"2017-04-04T14:58:00","date_gmt":"2017-04-04T14:58:00","guid":{"rendered":"http:\/\/help.unhcr.org\/germany\/about-help-in-germany-2\/"},"modified":"2026-01-06T14:21:39","modified_gmt":"2026-01-06T14:21:39","slug":"about-help-in-germany","status":"publish","type":"page","link":"https:\/\/help.unhcr.org\/germany\/de\/","title":{"rendered":"\u00dcber das UNHCR-Hilfeportal"},"content":{"rendered":"\n<p class=\"has-background\" style=\"background-color:#faeb00\">Informationen f\u00fcr Menschen aus der Ukraine finden Sie auf <a href=\"https:\/\/help.unhcr.org\/germany\/de\/informationen-zur-ukraine\/\">dieser Seite<\/a>.<\/p>\n\n\n\n<p class=\"has-background\" style=\"background-color:#faeb00\">Informationen f\u00fcr Menschen aus Syrien finden Sie auf <a href=\"https:\/\/help.unhcr.org\/germany\/de\/2025\/04\/10\/informationen-zu-syrien\/\">dieser Seite<\/a>.<\/p>\n\n\n\n<p class=\"has-background\" style=\"background-color:#faeb00\">Informationen f\u00fcr Menschen aus Afghanistan finden Sie auf <a href=\"https:\/\/help.unhcr.org\/germany\/de\/informationen-zu-afghanistan\/\">dieser Seite<\/a>.<\/p>\n\n\n\n<p>Das Fl\u00fcchtlingshilfswerk der Vereinten Nationen UNHCR hat diese Seite f\u00fcr und mit der Hilfe von Fl\u00fcchtlingen und Asylsuchenden in Deutschland erstellt. Sie finden hier relevante Informationen f\u00fcr Asylsuchende und Fl\u00fcchtlinge, einschlie\u00dflich Antworten auf die folgenden Fragen:<\/p>\n\n\n\n<ul class=\"wp-block-list\">\n<li><a href=\"https:\/\/help.unhcr.org\/germany\/de\/wo-finde-ich-hilfe\/\">Wo finde ich Hilfe?<\/a><\/li>\n\n\n\n<li><a href=\"https:\/\/help.unhcr.org\/germany\/de\/aysl-in-deutschland\/316-2\/\">Wie kann ich in Deutschland Asyl beantragen?<\/a><\/li>\n\n\n\n<li><a href=\"https:\/\/help.unhcr.org\/germany\/de\/familienzusammenfuhrung\/\">Wie kann ich in Deutschland eine Familienzusammenf\u00fchrung beantragen<\/a>, also den Nachzug von engen Familienmitgliedern aus anderen L\u00e4ndern der EU oder aus Drittstaaten?<\/li>\n\n\n\n<li>Welche Rechte und Pflichten habe ich als Asylsuchender <a href=\"https:\/\/help.unhcr.org\/germany\/de\/rechte-und-pflichten\/rechte-und-pflichten-wahrend-des-asylverfahrens\/\">w\u00e4hrend des Asylprozesses<\/a> und<a href=\"https:\/\/help.unhcr.org\/germany\/de\/rechte-und-pflichten\/rechte-und-pflichten-nach-der-anerkennung\/\"> nach der Anerkennung als Fl\u00fcchtling?<\/a><\/li>\n\n\n\n<li><a href=\"https:\/\/help.unhcr.org\/germany\/de\/freiwillige-ruckkehr\/\">Wo erhalte ich Informationen zur freiwilligen R\u00fcckkehr in mein Heimatland?<\/a><\/li>\n<\/ul>\n\n\n\n<p>Sie suchen Hilfe f\u00fcr Verwandte im Ausland? Bitte klicken Sie auf die <a href=\"https:\/\/help.unhcr.org\/\">\u00dcbersichtsseite der UNHCR-Hilfeseiten<\/a>, oder besuchen Sie direkt etwa die Help-Seite der <a href=\"https:\/\/help.unhcr.org\/turkey\/\">T\u00fcrkei <\/a>oder <a href=\"https:\/\/help.unhcr.org\/greece\/\">Griechenlands<\/a>.<\/p>\n\n\n\n<p>Diese Seite wird laufend aktualisiert.<\/p>\n","protected":false},"excerpt":{"rendered":"<p>Informationen f\u00fcr Menschen aus der Ukraine finden Sie auf dieser Seite. Informationen f\u00fcr Menschen aus Syrien finden Sie auf dieser Seite. Informationen f\u00fcr Menschen aus Afghanistan finden Sie auf dieser Seite. Das Fl\u00fcchtlingshilfswerk der Vereinten Nationen UNHCR hat diese Seite f\u00fcr und mit der Hilfe von Fl\u00fcchtlingen und Asylsuchenden in Deutschland erstellt. Sie finden hier [&hellip;]<\/p>\n","protected":false},"author":1,"featured_media":0,"parent":0,"menu_order":-1,"comment_status":"closed","ping_status":"closed","template":"","meta":{"_acf_changed":false,"footnotes":""},"class_list":["post-282","page","type-page","status-publish","hentry"],"acf":[],"_links":{"self":[{"href":"https:\/\/help.unhcr.org\/germany\/de\/wp-json\/wp\/v2\/pages\/282","targetHints":{"allow":["GET"]}}],"collection":[{"href":"https:\/\/help.unhcr.org\/germany\/de\/wp-json\/wp\/v2\/pages"}],"about":[{"href":"https:\/\/help.unhcr.org\/germany\/de\/wp-json\/wp\/v2\/types\/page"}],"author":[{"embeddable":true,"href":"https:\/\/help.unhcr.org\/germany\/de\/wp-json\/wp\/v2\/users\/1"}],"replies":[{"embeddable":true,"href":"https:\/\/help.unhcr.org\/germany\/de\/wp-json\/wp\/v2\/comments?post=282"}],"version-history":[{"count":20,"href":"https:\/\/help.unhcr.org\/germany\/de\/wp-json\/wp\/v2\/pages\/282\/revisions"}],"predecessor-version":[{"id":1140,"href":"https:\/\/help.unhcr.org\/germany\/de\/wp-json\/wp\/v2\/pages\/282\/revisions\/1140"}],"wp:attachment":[{"href":"https:\/\/help.unhcr.org\/germany\/de\/wp-json\/wp\/v2\/media?parent=282"}],"curies":[{"name":"wp","href":"https:\/\/api.w.org\/{rel}","templated":true}]}}