{"id":7,"date":"2022-04-12T08:44:35","date_gmt":"2022-04-12T08:44:35","guid":{"rendered":"https:\/\/help.unhcr.org\/france\/?page_id=7"},"modified":"2023-10-16T09:45:51","modified_gmt":"2023-10-16T09:45:51","slug":"bienvenue","status":"publish","type":"page","link":"https:\/\/help.unhcr.org\/france\/","title":{"rendered":"Bienvenue"},"content":{"rendered":"\n<p class=\"has-text-align-center has-text-color has-background\" style=\"color:#faeb00;background-color:#0072bc\"><strong><a href=\"https:\/\/help.unhcr.org\/france\/informations-pour-les-personnes-qui-arrivent-dukraine\/\" data-type=\"URL\" data-id=\"https:\/\/help.unhcr.org\/france\/informations-pour-les-personnes-qui-arrivent-dukraine\/\" target=\"_blank\" rel=\"noreferrer noopener\">Informations pour les personnes qui arrivent d\u2019Ukraine<\/a><\/strong><\/p>\n\n\n\n<p><strong>Le HCR, l\u2019Agence des Nations unies pour les r\u00e9fugi\u00e9s<\/strong>, a cr\u00e9\u00e9 ce site web pour les personnes relevant de son mandat&nbsp;<strong>(r\u00e9fugi\u00e9s, demandeurs d\u2019asile et apatrides)<\/strong>&nbsp;en France, les membres de leur famille et les personnes qui les assistent. Vous trouverez sur ce site des informations et des liens utiles, notamment des r\u00e9ponses aux questions suivantes :<\/p>\n\n\n\n<p>\u27a1\ufe0f <a href=\"https:\/\/help.unhcr.org\/france\/demander-lasile-en-france\/\" data-type=\"URL\" data-id=\"https:\/\/help.unhcr.org\/france\/demander-lasile-en-france\/\">Comment demander une protection internationale en France<\/a>&nbsp;? <em>(Demander l\u2019asile en France)<\/em><\/p>\n\n\n\n<p>\u27a1\ufe0f <a href=\"https:\/\/help.unhcr.org\/france\/droits-et-obligations\/\" data-type=\"URL\" data-id=\"https:\/\/help.unhcr.org\/france\/droits-et-obligations\/\">Quels sont mes droits et obligations en tant que demandeur d\u2019asile&nbsp;au cours de la proc\u00e9dure d\u2019asile&nbsp;et&nbsp;apr\u00e8s la reconnaissance de mon statut de r\u00e9fugi\u00e9 ?<\/a> <em>(Droits et obligations des demandeurs d\u2019asile &#8211; Droits et obligations apr\u00e8s la reconnaissance du statut)<\/em><\/p>\n\n\n\n<p>\u27a1\ufe0f <a href=\"https:\/\/help.unhcr.org\/france\/la-reinstallation\/\" data-type=\"URL\" data-id=\"https:\/\/help.unhcr.org\/france\/la-reinstallation\/\">Qu\u2019est-ce que la r\u00e9installation<\/a>&nbsp;?<\/p>\n\n\n\n<p>\u27a1\ufe0f <a href=\"https:\/\/help.unhcr.org\/france\/la-reunification-et-le-regroupement-familial-e\/\" data-type=\"URL\" data-id=\"https:\/\/help.unhcr.org\/france\/la-reunification-et-le-regroupement-familial-e\/\">Comment puis-je demander la r\u00e9unification familiale en France, ou comment faire venir les membres proches de la famille depuis d\u2019autres pays de l\u2019UE ou depuis des pays tiers<\/a> ?<\/p>\n\n\n\n<p>\u27a1\ufe0f <a href=\"https:\/\/help.unhcr.org\/france\/demander-le-statut-dapatride\/\" data-type=\"URL\" data-id=\"https:\/\/help.unhcr.org\/france\/demander-le-statut-dapatride\/\">Comment demander le statut d\u2019apatride<\/a> ? <em>(Demander le statut d\u2019apatride)<\/em><\/p>\n\n\n\n<p>\u27a1\ufe0f <a href=\"https:\/\/help.unhcr.org\/france\/a-propos-du-hcr-en-france\/\" data-type=\"URL\" data-id=\"https:\/\/help.unhcr.org\/france\/a-propos-du-hcr-en-france\/\">Quel est le r\u00f4le du HCR en France<\/a>&nbsp;? <em>(A propos du HCR en France)<\/em><\/p>\n\n\n\n<p>\u27a1\ufe0f <a href=\"https:\/\/help.unhcr.org\/france\/signaler-un-cas-dexploitation-et-dabus\/\" data-type=\"URL\" data-id=\"https:\/\/help.unhcr.org\/france\/signaler-un-cas-dexploitation-et-dabus\/\">Qui dois-je contacter pour signaler un cas d\u2019exploitation et d\u2019abus<\/a>&nbsp;? <em>(Signaler un cas d\u2019exploitation et d\u2019abus)<\/em><\/p>\n\n\n\n<p class=\"has-black-color has-text-color has-background\" style=\"background-color:#faeb00\">Veuillez noter que les informations pr\u00e9sent\u00e9es sur cette page ne concernent que les personnes qui se trouvent actuellement en France. Si vous cherchez des informations ou de l\u2019aide pour des parents ou des amis qui ne sont pas en France, veuillez consulter la page d\u2019aide du pays concern\u00e9 sur la <a rel=\"noreferrer noopener\" href=\"https:\/\/help.unhcr.org\/\" target=\"_blank\">page d&rsquo;accueil de l&rsquo;aide du HCR<\/a>.<\/p>\n\n\n\n<p>Cette page, y compris ses diff\u00e9rentes sections, sera r\u00e9guli\u00e8rement mise \u00e0 jour.<\/p>\n","protected":false},"excerpt":{"rendered":"<p>Informations pour les personnes qui arrivent d\u2019Ukraine Le HCR, l\u2019Agence des Nations unies pour les r\u00e9fugi\u00e9s, a cr\u00e9\u00e9 ce site web pour les personnes relevant de son mandat&nbsp;(r\u00e9fugi\u00e9s, demandeurs d\u2019asile et apatrides)&nbsp;en France, les membres de leur famille et les personnes qui les assistent. Vous trouverez sur ce site des informations et des liens utiles, [&hellip;]<\/p>\n","protected":false},"author":72,"featured_media":0,"parent":0,"menu_order":0,"comment_status":"closed","ping_status":"closed","template":"","meta":{"_acf_changed":false,"footnotes":""},"class_list":["post-7","page","type-page","status-publish","hentry"],"acf":[],"_links":{"self":[{"href":"https:\/\/help.unhcr.org\/france\/wp-json\/wp\/v2\/pages\/7","targetHints":{"allow":["GET"]}}],"collection":[{"href":"https:\/\/help.unhcr.org\/france\/wp-json\/wp\/v2\/pages"}],"about":[{"href":"https:\/\/help.unhcr.org\/france\/wp-json\/wp\/v2\/types\/page"}],"author":[{"embeddable":true,"href":"https:\/\/help.unhcr.org\/france\/wp-json\/wp\/v2\/users\/72"}],"replies":[{"embeddable":true,"href":"https:\/\/help.unhcr.org\/france\/wp-json\/wp\/v2\/comments?post=7"}],"version-history":[{"count":14,"href":"https:\/\/help.unhcr.org\/france\/wp-json\/wp\/v2\/pages\/7\/revisions"}],"predecessor-version":[{"id":1007,"href":"https:\/\/help.unhcr.org\/france\/wp-json\/wp\/v2\/pages\/7\/revisions\/1007"}],"wp:attachment":[{"href":"https:\/\/help.unhcr.org\/france\/wp-json\/wp\/v2\/media?parent=7"}],"curies":[{"name":"wp","href":"https:\/\/api.w.org\/{rel}","templated":true}]}}