{"id":113,"date":"2022-04-12T11:13:01","date_gmt":"2022-04-12T11:13:01","guid":{"rendered":"https:\/\/help.unhcr.org\/france\/?page_id=113"},"modified":"2023-10-23T11:59:33","modified_gmt":"2023-10-23T11:59:33","slug":"a-propos-du-hcr-en-france","status":"publish","type":"page","link":"https:\/\/help.unhcr.org\/france\/a-propos-du-hcr-en-france\/","title":{"rendered":"\u00c0 propos du HCR en France"},"content":{"rendered":"\n<h3 class=\"wp-block-heading\">Quel est le r\u00f4le du HCR en France&nbsp;?<\/h3>\n\n\n\n<p>En France, les autorit\u00e9s ont la responsabilit\u00e9 de traiter les demandes de protection internationale et de d\u00e9cider si une personne a besoin de protection et peut recevoir un permis de s\u00e9jour en France.<\/p>\n\n\n\n<p>Par cons\u00e9quent,&nbsp;<strong>le HCR en France :<\/strong><\/p>\n\n\n\n<ul class=\"wp-block-list\">\n<li>ne re\u00e7oit pas ni ne traite de demandes de protection internationale<\/li>\n\n\n\n<li>ne re\u00e7oit pas ni ne traite de demandes de r\u00e9installation (en France ou dans d\u2019autres pays)<\/li>\n\n\n\n<li>ne traite pas les demandes de retour volontaire,<\/li>\n\n\n\n<li>ne fournit pas de logement, ni d\u2019aide sociale ou financi\u00e8re,<\/li>\n\n\n\n<li>ne d\u00e9livre pas de documents de r\u00e9fugi\u00e9s (y compris des documents civils ou de voyage).<\/li>\n<\/ul>\n\n\n\n<p>Sur les autres pages de cette page d\u2019aide, vous pouvez trouver l\u2019autorit\u00e9\/organisation comp\u00e9tente qui peut vous aider \u00e0 r\u00e9pondre aux demandes ci-dessus.<\/p>\n\n\n\n<h3 class=\"wp-block-heading\">Les principales activit\u00e9s du HCR en France sont les suivantes :<\/h3>\n\n\n\n<p><strong>Conseiller des institutions et des ONGs sur la protection des r\u00e9fugi\u00e9s :<\/strong><\/p>\n\n\n\n<ul class=\"wp-block-list\">\n<li>Conseiller les institutions de protection internationale et les acteurs concern\u00e9s (avocats, travailleurs sociaux, ONG, etc.) sur le droit des r\u00e9fugi\u00e9s et les processus l\u00e9gislatifs li\u00e9s \u00e0 la protection internationale et \u00e0 l\u2019apatridie \u2013 pour veiller \u00e0 ce qu\u2019ils soient conformes aux normes juridiques internationales ;<\/li>\n\n\n\n<li>Travailler avec les institutions nationales et la soci\u00e9t\u00e9 civile \u00e0 renforcer leurs capacit\u00e9s en mati\u00e8re d\u2019asile ;<\/li>\n\n\n\n<li>Assurer le suivi de l\u2019acc\u00e8s aux droits et des conditions d\u2019accueil des demandeurs d\u2019asile&nbsp;;<\/li>\n\n\n\n<li>Sensibiliser les parties prenantes, les institutions nationales et la soci\u00e9t\u00e9 civile aux droits et obligations des r\u00e9fugi\u00e9s ;<\/li>\n\n\n\n<li>Dans des cas exceptionnels, intervenir dans des proc\u00e9dures juridictionnelles qui font jurisprudence pour la protection internationale des r\u00e9fugi\u00e9s&nbsp;;<\/li>\n\n\n\n<li>Conseiller les autorit\u00e9s et les ONG sur les moyens d\u2019aider les r\u00e9fugi\u00e9s qui ont obtenu une protection internationale \u00e0 s\u2019int\u00e9grer en France.<\/li>\n<\/ul>\n\n\n\n<p><strong>Trouver des solutions pour les r\u00e9fugi\u00e9s au niveau mondial<\/strong><\/p>\n\n\n\n<ul class=\"wp-block-list\">\n<li>Plaider pour des mesures globales afin que les personnes concern\u00e9es puissent b\u00e9n\u00e9ficier de mani\u00e8re effective des droits garantis par les cadres internationaux, r\u00e9gionaux et nationaux ;<\/li>\n\n\n\n<li>D\u00e9velopper un programme de couloir universitaire appel\u00e9 UNIV\u2019R, afin de permettre \u00e0 des r\u00e9fugi\u00e9s r\u00e9sidant dans un premier pays d\u2019asile de poursuivre leurs \u00e9tudes en master en France (les opportunit\u00e9s de couloir universitaire sont recens\u00e9es ici: <a href=\"https:\/\/services.unhcr.org\/opportunities\/\">https:\/\/services.unhcr.org\/opportunities\/<\/a>).<\/li>\n<\/ul>\n\n\n\n<p><strong>Informer et encourager la participation des r\u00e9fugi\u00e9s<\/strong>&nbsp;:<\/p>\n\n\n\n<ul class=\"wp-block-list\">\n<li>Informer les r\u00e9fugi\u00e9s, les demandeurs de protection internationale et les apatrides de leurs droits et obligations ;<\/li>\n\n\n\n<li>Encourager des initiatives et des projets pour la participation des r\u00e9fugi\u00e9s aux d\u00e9cisions qui les concernent.<\/li>\n<\/ul>\n\n\n\n<p><strong>Partenariats avec le secteur priv\u00e9 :<\/strong><\/p>\n\n\n\n<ul class=\"wp-block-list\">\n<li>D\u00e9velopper des partenariats avec le secteur priv\u00e9 pour l\u2019inclusion et l\u2019insertion professionnelles des r\u00e9fugi\u00e9s en France.<\/li>\n\n\n\n<li>S\u2019engager aupr\u00e8s des entreprises, des fondations et des philanthropes int\u00e9ress\u00e9s \u00e0 contribuer \u00e0 des solutions innovantes pour relever les d\u00e9fis auxquels sont confront\u00e9s les r\u00e9fugi\u00e9s au niveau mondial.<\/li>\n<\/ul>\n\n\n\n<p><strong>Sensibilisation et mobilisation du public&nbsp;:<\/strong><\/p>\n\n\n\n<ul class=\"wp-block-list\">\n<li>Organiser des \u00e9v\u00e9nements et des initiatives avec des partenaires vari\u00e9s, culturels, politiques, sportifs et d\u2019autres organisations du secteur priv\u00e9 pour cr\u00e9er un environnement favorable pour l\u2019accueil et l\u2019int\u00e9gration des r\u00e9fugi\u00e9s.<\/li>\n\n\n\n<li>Partager la bonne information sur la situation des d\u00e9placements forc\u00e9s au niveau mondial et les solutions pour les r\u00e9fugi\u00e9s, en communiquant des donn\u00e9es fiables et v\u00e9rifi\u00e9es et des histoires inspirantes sur les r\u00e9fugi\u00e9s via son site web\u00a0<a rel=\"noreferrer noopener\" href=\"https:\/\/www.unhcr.org\/fr\/\" target=\"_blank\">unhcr.org\u00a0<\/a>et via les m\u00e9dias sociaux (@UNHCRFrance) :\u00a0<a href=\"https:\/\/www.facebook.com\/UNHCRfrance\">Facebook<\/a>, <a href=\"https:\/\/twitter.com\/UNHCRfrance\">Twitter <\/a>, <a href=\"https:\/\/www.instagram.com\/unhcrfrance\/\">Instagram<\/a> et <a href=\"https:\/\/www.tiktok.com\/@unhcrfrance\">TikTok<\/a>.<\/li>\n\n\n\n<li>Partager la bonne information et interagir avec les m\u00e9dias.<\/li>\n\n\n\n<li>Sensibiliser le public jeune et permettre des rencontres avec les r\u00e9fugi\u00e9s dans le cadre du programme \u00ab&nbsp;Inter\u2019Act&nbsp;\u00bb dans les coll\u00e8ges et avec les lyc\u00e9ens.<\/li>\n<\/ul>\n\n\n\n<p>Pour plus d\u2019informations sur nos activit\u00e9s, veuillez consulter notre site web \u00e0 l\u2019adresse suivante : <a href=\"https:\/\/www.unhcr.org\/fr\/\">https:\/\/www.unhcr.org\/fr-fr\/<\/a><\/p>\n","protected":false},"excerpt":{"rendered":"<p>Quel est le r\u00f4le du HCR en France&nbsp;? En France, les autorit\u00e9s ont la responsabilit\u00e9 de traiter les demandes de protection internationale et de d\u00e9cider si une personne a besoin de protection et peut recevoir un permis de s\u00e9jour en France. Par cons\u00e9quent,&nbsp;le HCR en France : Sur les autres pages de cette page d\u2019aide, [&hellip;]<\/p>\n","protected":false},"author":72,"featured_media":0,"parent":0,"menu_order":0,"comment_status":"closed","ping_status":"closed","template":"","meta":{"_acf_changed":false,"footnotes":""},"class_list":["post-113","page","type-page","status-publish","hentry"],"acf":[],"_links":{"self":[{"href":"https:\/\/help.unhcr.org\/france\/wp-json\/wp\/v2\/pages\/113","targetHints":{"allow":["GET"]}}],"collection":[{"href":"https:\/\/help.unhcr.org\/france\/wp-json\/wp\/v2\/pages"}],"about":[{"href":"https:\/\/help.unhcr.org\/france\/wp-json\/wp\/v2\/types\/page"}],"author":[{"embeddable":true,"href":"https:\/\/help.unhcr.org\/france\/wp-json\/wp\/v2\/users\/72"}],"replies":[{"embeddable":true,"href":"https:\/\/help.unhcr.org\/france\/wp-json\/wp\/v2\/comments?post=113"}],"version-history":[{"count":8,"href":"https:\/\/help.unhcr.org\/france\/wp-json\/wp\/v2\/pages\/113\/revisions"}],"predecessor-version":[{"id":1010,"href":"https:\/\/help.unhcr.org\/france\/wp-json\/wp\/v2\/pages\/113\/revisions\/1010"}],"wp:attachment":[{"href":"https:\/\/help.unhcr.org\/france\/wp-json\/wp\/v2\/media?parent=113"}],"curies":[{"name":"wp","href":"https:\/\/api.w.org\/{rel}","templated":true}]}}