{"id":110,"date":"2022-04-12T11:09:17","date_gmt":"2022-04-12T11:09:17","guid":{"rendered":"https:\/\/help.unhcr.org\/france\/?page_id=110"},"modified":"2023-03-16T09:18:51","modified_gmt":"2023-03-16T09:18:51","slug":"demander-le-statut-dapatride","status":"publish","type":"page","link":"https:\/\/help.unhcr.org\/france\/demander-le-statut-dapatride\/","title":{"rendered":"Demander le statut d\u2019apatride"},"content":{"rendered":"\n<p>L\u2019apatridie en France fait l\u2019objet d\u2019une proc\u00e9dure particuli\u00e8re devant <a href=\"https:\/\/www.ofpra.gouv.fr\/\" target=\"_blank\" rel=\"noreferrer noopener\">l\u2019Office fran\u00e7ais de protection des r\u00e9fugi\u00e9s et apatride<\/a> (OFPRA).\u00a0<\/p>\n\n\n\n<p>Si vous souhaitez <a href=\"https:\/\/www.ofpra.gouv.fr\/demander-le-statut-dapatride\" target=\"_blank\" rel=\"noreferrer noopener\">demander le statut d\u2019apatride<\/a> vous devez vous adresser \u00e0 l\u2019OFPRA par courrier pour solliciter le formulaire de demande d&rsquo;apatridie. Cette demande doit \u00eatre r\u00e9dig\u00e9e en fran\u00e7ais, comporter les nom(s), pr\u00e9nom(s), et adresse du demandeur, ainsi que les motifs pr\u00e9cis de sa demande.&nbsp;<\/p>\n\n\n\n<p>Si vous \u00eates reconnu apatrides, vous avez droit \u00e0 une carte de s\u00e9jour pluriannuelle d\u2019une dur\u00e9e maximale de 4 ans, renouvelable, et a un titre de voyage.<\/p>\n\n\n\n<p>Si vous \u00eates reconnu apatride, vous trouverez plus d\u2019informations dans le <a href=\"https:\/\/www.ofpra.gouv.fr\/libraries\/pdf.js\/web\/viewer.html?file=\/sites\/default\/files\/2022-12\/Livret%20d%27accueil%20apatridie%20%281%29.pdf\" target=\"_blank\" rel=\"noreferrer noopener\">Livret d\u2019accueil pour les personnes reconnues apatrides<\/a><\/p>\n","protected":false},"excerpt":{"rendered":"<p>L\u2019apatridie en France fait l\u2019objet d\u2019une proc\u00e9dure particuli\u00e8re devant l\u2019Office fran\u00e7ais de protection des r\u00e9fugi\u00e9s et apatride (OFPRA).\u00a0 Si vous souhaitez demander le statut d\u2019apatride vous devez vous adresser \u00e0 l\u2019OFPRA par courrier pour solliciter le formulaire de demande d&rsquo;apatridie. Cette demande doit \u00eatre r\u00e9dig\u00e9e en fran\u00e7ais, comporter les nom(s), pr\u00e9nom(s), et adresse du demandeur, [&hellip;]<\/p>\n","protected":false},"author":72,"featured_media":0,"parent":0,"menu_order":0,"comment_status":"closed","ping_status":"closed","template":"","meta":{"_acf_changed":false,"footnotes":""},"class_list":["post-110","page","type-page","status-publish","hentry"],"acf":[],"_links":{"self":[{"href":"https:\/\/help.unhcr.org\/france\/wp-json\/wp\/v2\/pages\/110","targetHints":{"allow":["GET"]}}],"collection":[{"href":"https:\/\/help.unhcr.org\/france\/wp-json\/wp\/v2\/pages"}],"about":[{"href":"https:\/\/help.unhcr.org\/france\/wp-json\/wp\/v2\/types\/page"}],"author":[{"embeddable":true,"href":"https:\/\/help.unhcr.org\/france\/wp-json\/wp\/v2\/users\/72"}],"replies":[{"embeddable":true,"href":"https:\/\/help.unhcr.org\/france\/wp-json\/wp\/v2\/comments?post=110"}],"version-history":[{"count":8,"href":"https:\/\/help.unhcr.org\/france\/wp-json\/wp\/v2\/pages\/110\/revisions"}],"predecessor-version":[{"id":798,"href":"https:\/\/help.unhcr.org\/france\/wp-json\/wp\/v2\/pages\/110\/revisions\/798"}],"wp:attachment":[{"href":"https:\/\/help.unhcr.org\/france\/wp-json\/wp\/v2\/media?parent=110"}],"curies":[{"name":"wp","href":"https:\/\/api.w.org\/{rel}","templated":true}]}}