{"id":105,"date":"2022-04-12T11:06:35","date_gmt":"2022-04-12T11:06:35","guid":{"rendered":"https:\/\/help.unhcr.org\/france\/?page_id=105"},"modified":"2022-04-12T11:06:36","modified_gmt":"2022-04-12T11:06:36","slug":"le-regroupement-familial","status":"publish","type":"page","link":"https:\/\/help.unhcr.org\/france\/la-reunification-et-le-regroupement-familial-e\/le-regroupement-familial\/","title":{"rendered":"Le regroupement familial"},"content":{"rendered":"\n<p>Si votre mariage a eu lieu apr\u00e8s votre demande d\u2019asile ou si vos enfants sont issus d\u2019une union apr\u00e8s la demande de protection, vous pouvez demander le regroupement familial qui est une proc\u00e9dure permettant \u00e0 un ressortissant \u00e9tranger r\u00e9guli\u00e8rement install\u00e9 en France, d\u2019\u00eatre rejoint par les membres de sa famille (conjoint et enfants mineurs). La demande se fait aupr\u00e8s de <a href=\"https:\/\/www.ofii.fr\/simulateurs\/regroupement-familial\/\" target=\"_blank\" rel=\"noreferrer noopener\">l\u2019OFII<\/a>.<\/p>\n\n\n\n<p>Le regroupement familial est soumis \u00e0 certaines conditions&nbsp;:<\/p>\n\n\n\n<ul class=\"wp-block-list\"><li>le demandeur doit avoir une r\u00e9sidence r\u00e9guli\u00e8re de 18 mois en France et des conditions d\u2019accueil stables et suffisantes (seuil minimum de ressources propres et logement ad\u00e9quat) ;<\/li><li>son conjoint doit \u00eatre \u00e2g\u00e9 de 18 ans au moins \u00e0 la date du d\u00e9p\u00f4t de la demande.<\/li><li>les enfants mineurs doivent \u00eatre \u00e2g\u00e9s de moins de 18 ans et doivent avoir une filiation \u00e9tablie avec le demandeur ou son conjoint.<\/li><\/ul>\n\n\n\n<p>Vous trouverez plus d\u2019information sur cette proc\u00e9dure <a href=\"https:\/\/www.ofii.fr\/procedure\/regroupement-familial\/\" target=\"_blank\" rel=\"noreferrer noopener\">ici.<\/a><\/p>\n","protected":false},"excerpt":{"rendered":"<p>Si votre mariage a eu lieu apr\u00e8s votre demande d\u2019asile ou si vos enfants sont issus d\u2019une union apr\u00e8s la demande de protection, vous pouvez demander le regroupement familial qui est une proc\u00e9dure permettant \u00e0 un ressortissant \u00e9tranger r\u00e9guli\u00e8rement install\u00e9 en France, d\u2019\u00eatre rejoint par les membres de sa famille (conjoint et enfants mineurs). La [&hellip;]<\/p>\n","protected":false},"author":72,"featured_media":0,"parent":100,"menu_order":0,"comment_status":"closed","ping_status":"closed","template":"","meta":{"_acf_changed":false,"footnotes":""},"class_list":["post-105","page","type-page","status-publish","hentry"],"acf":[],"_links":{"self":[{"href":"https:\/\/help.unhcr.org\/france\/wp-json\/wp\/v2\/pages\/105","targetHints":{"allow":["GET"]}}],"collection":[{"href":"https:\/\/help.unhcr.org\/france\/wp-json\/wp\/v2\/pages"}],"about":[{"href":"https:\/\/help.unhcr.org\/france\/wp-json\/wp\/v2\/types\/page"}],"author":[{"embeddable":true,"href":"https:\/\/help.unhcr.org\/france\/wp-json\/wp\/v2\/users\/72"}],"replies":[{"embeddable":true,"href":"https:\/\/help.unhcr.org\/france\/wp-json\/wp\/v2\/comments?post=105"}],"version-history":[{"count":1,"href":"https:\/\/help.unhcr.org\/france\/wp-json\/wp\/v2\/pages\/105\/revisions"}],"predecessor-version":[{"id":106,"href":"https:\/\/help.unhcr.org\/france\/wp-json\/wp\/v2\/pages\/105\/revisions\/106"}],"up":[{"embeddable":true,"href":"https:\/\/help.unhcr.org\/france\/wp-json\/wp\/v2\/pages\/100"}],"wp:attachment":[{"href":"https:\/\/help.unhcr.org\/france\/wp-json\/wp\/v2\/media?parent=105"}],"curies":[{"name":"wp","href":"https:\/\/api.w.org\/{rel}","templated":true}]}}