{"id":102,"date":"2022-04-12T11:05:13","date_gmt":"2022-04-12T11:05:13","guid":{"rendered":"https:\/\/help.unhcr.org\/france\/?page_id=102"},"modified":"2023-07-19T15:07:11","modified_gmt":"2023-07-19T15:07:11","slug":"la-reunification-familiale","status":"publish","type":"page","link":"https:\/\/help.unhcr.org\/france\/la-reunification-et-le-regroupement-familial-e\/la-reunification-familiale\/","title":{"rendered":"La r\u00e9unification familiale"},"content":{"rendered":"\n<p>Seules les autorit\u00e9s consulaires fran\u00e7aises dans le pays dans lequel la famille a d\u00e9pos\u00e9 sa demande de visa peuvent <strong>donner une r\u00e9ponse positive ou n\u00e9gative \u00e0 la demande.&nbsp;<\/strong><\/p>\n\n\n\n<p>Si vous avez obtenu une protection internationale en France, vous pouvez demander \u00e0 faire venir en France :<\/p>\n\n\n\n<ul class=\"wp-block-list\">\n<li>Votre conjoint\/concubin\/partenaire.&nbsp;Il doit \u00eatre \u00e2g\u00e9 d\u2019au moins 18 ans, et l&rsquo;union ou le concubinage&nbsp;doit \u00eatre ant\u00e9rieur&nbsp;\u00e0 la date d\u2019introduction de votre demande de protection ;<\/li>\n\n\n\n<li>vos enfants \u00e2g\u00e9s de moins de 19 ans au moment du d\u00e9p\u00f4t de la demande de visa ;<\/li>\n\n\n\n<li>vos enfants de moins de 18 ans, et ceux de votre conjoint, issus d\u2019unions ant\u00e9rieurs, dont la filiation n&rsquo;est \u00e9tablie qu&rsquo;\u00e0 votre \u00e9gard ou \u00e0 celui de votre conjoint, ou dont l&rsquo;autre parent est d\u00e9c\u00e9d\u00e9 ou d\u00e9chu de ses droits parentaux&nbsp;;<\/li>\n\n\n\n<li>vos enfants mineurs de 18 ans, et ceux de votre conjoint, qui sont confi\u00e9s, selon le cas, \u00e0 vous ou votre conjoint, au titre de l&rsquo;exercice de l&rsquo;autorit\u00e9 parentale, en vertu d&rsquo;une d\u00e9cision d&rsquo;une juridiction \u00e9trang\u00e8re.<\/li>\n\n\n\n<li>Si vous \u00eates mineur et non mari\u00e9, vos ascendants au premier degr\u00e9 accompagn\u00e9s par vos collat\u00e9raux non mari\u00e9s dont ils ont la charge effective.<\/li>\n<\/ul>\n\n\n\n<p>Vos membres de famille concern\u00e9s devront <strong>faire directement leur demande de visa aupr\u00e8s des autorit\u00e9s consulaires fran\u00e7aises dans le pays dans lequel ils r\u00e9sident<\/strong>. Les modalit\u00e9s d\u2019obtention de rendez-vous pour le d\u00e9p\u00f4t de visa par pays peuvent \u00eatre consult\u00e9es sur <a rel=\"noreferrer noopener\" href=\"https:\/\/france-visas.gouv.fr\/web\/france-visas\/lieu-de-residence?caller=depotVisas\" target=\"_blank\">cette page<\/a>. Pour plus d\u2019information, vous pouvez consulter <a rel=\"noreferrer noopener\" href=\"https:\/\/www.immigration.interieur.gouv.fr\/Immigration\/L-immigration-familiale\/Le-sejour-de-la-famille-des-refugies-des-proteges-subsidiaires-et-des-apatrides\" target=\"_blank\">les d\u00e9pliants<\/a> disponibles en plusieurs langues.<\/p>\n\n\n\n<p><\/p>\n\n\n\n<h4 class=\"wp-block-heading has-text-align-left has-black-color has-white-background-color has-text-color has-background has-medium-font-size\" style=\"font-style:normal;font-weight:600;text-transform:none\"><strong>Mieux comprendre la proc\u00e9dure de r\u00e9unification familiale en France<\/strong> :<\/h4>\n\n\n\n<p><\/p>\n\n\n\n<figure class=\"wp-block-embed is-type-video is-provider-youtube wp-block-embed-youtube wp-embed-aspect-16-9 wp-has-aspect-ratio\"><div class=\"wp-block-embed__wrapper\">\n<iframe loading=\"lazy\" title=\"Mieux comprendre la proc\u00e9dure de r\u00e9unification familiale en France\" width=\"640\" height=\"360\" src=\"https:\/\/www.youtube.com\/embed\/9t0O-oEsUwQ?start=10&#038;feature=oembed\" frameborder=\"0\" allow=\"accelerometer; autoplay; clipboard-write; encrypted-media; gyroscope; picture-in-picture; web-share\" referrerpolicy=\"strict-origin-when-cross-origin\" allowfullscreen><\/iframe>\n<\/div><\/figure>\n","protected":false},"excerpt":{"rendered":"<p>Seules les autorit\u00e9s consulaires fran\u00e7aises dans le pays dans lequel la famille a d\u00e9pos\u00e9 sa demande de visa peuvent donner une r\u00e9ponse positive ou n\u00e9gative \u00e0 la demande.&nbsp; Si vous avez obtenu une protection internationale en France, vous pouvez demander \u00e0 faire venir en France : Vos membres de famille concern\u00e9s devront faire directement leur [&hellip;]<\/p>\n","protected":false},"author":72,"featured_media":0,"parent":100,"menu_order":0,"comment_status":"closed","ping_status":"closed","template":"page-templates\/listing_page.php","meta":{"_acf_changed":false,"footnotes":""},"class_list":["post-102","page","type-page","status-publish","hentry"],"acf":[],"_links":{"self":[{"href":"https:\/\/help.unhcr.org\/france\/wp-json\/wp\/v2\/pages\/102","targetHints":{"allow":["GET"]}}],"collection":[{"href":"https:\/\/help.unhcr.org\/france\/wp-json\/wp\/v2\/pages"}],"about":[{"href":"https:\/\/help.unhcr.org\/france\/wp-json\/wp\/v2\/types\/page"}],"author":[{"embeddable":true,"href":"https:\/\/help.unhcr.org\/france\/wp-json\/wp\/v2\/users\/72"}],"replies":[{"embeddable":true,"href":"https:\/\/help.unhcr.org\/france\/wp-json\/wp\/v2\/comments?post=102"}],"version-history":[{"count":9,"href":"https:\/\/help.unhcr.org\/france\/wp-json\/wp\/v2\/pages\/102\/revisions"}],"predecessor-version":[{"id":936,"href":"https:\/\/help.unhcr.org\/france\/wp-json\/wp\/v2\/pages\/102\/revisions\/936"}],"up":[{"embeddable":true,"href":"https:\/\/help.unhcr.org\/france\/wp-json\/wp\/v2\/pages\/100"}],"wp:attachment":[{"href":"https:\/\/help.unhcr.org\/france\/wp-json\/wp\/v2\/media?parent=102"}],"curies":[{"name":"wp","href":"https:\/\/api.w.org\/{rel}","templated":true}]}}