{"id":426,"date":"2022-04-12T11:13:01","date_gmt":"2022-04-12T11:13:01","guid":{"rendered":"https:\/\/help.unhcr.org\/france\/a-propos-du-hcr-en-france\/"},"modified":"2023-03-10T15:10:08","modified_gmt":"2023-03-10T15:10:08","slug":"a-propos-du-hcr-en-france","status":"publish","type":"page","link":"https:\/\/help.unhcr.org\/france\/es\/a-propos-du-hcr-en-france\/","title":{"rendered":"Acerca de ACNUR en Francia"},"content":{"rendered":"\n<h3 class=\"wp-block-heading\">\u00bfCu\u00e1l es el rol de ACNUR en Francia?<\/h3>\n\n\n\n<p>En Francia, las autoridades son las responsables de procesar las solicitudes de asilo (reconocimiento de la condici\u00f3n de refugiado) y decidir si una persona necesita protecci\u00f3n y puede recibir un permiso de residencia en Francia.<\/p>\n\n\n\n<p>Por lo tanto, ACNUR en Francia:<\/p>\n\n\n\n<ul class=\"wp-block-list\"><li>no recibe ni tramita solicitudes de asilo<\/li><li>no recibe ni procesa solicitudes de reasentamiento (en Francia o en otros pa\u00edses)<\/li><li>no tramita solicitudes de retorno voluntario,<\/li><li>no proporciona vivienda, asistencia social o financiera,<\/li><li>no emite documentos de refugiado (incluidos documentos civiles o de viaje).<\/li><\/ul>\n\n\n\n<h3 class=\"wp-block-heading\">Las principales actividades del ACNUR en Francia son:<\/h3>\n\n\n\n<p><strong><strong>Asesorar a instituciones y ONG en materia de protecci\u00f3n de refugiados<\/strong>:<\/strong><\/p>\n\n\n\n<ul class=\"wp-block-list\"><li>Asesorar a las instituciones de protecci\u00f3n internacional y los actores relevantes (abogados, trabajadores sociales, ONG, etc.) sobre el derecho de los refugiados y los procesos legislativos relacionados con la protecci\u00f3n internacional y la apatridia, para garantizar que cumplan con los est\u00e1ndares legales internacionales;<\/li><li>Trabajar con las instituciones nacionales y la sociedad civil para desarrollar su capacidad en materia de asilo;<\/li><li>Supervisar el acceso a los derechos y las condiciones de recepci\u00f3n de los solicitantes de asilo;<\/li><li>Sensibilizar a las partes interesadas, las instituciones nacionales y la sociedad civil sobre los derechos y obligaciones de los refugiados;<\/li><li>En casos excepcionales, intervenir en procesos judiciales que sientan precedentes para la protecci\u00f3n internacional de los refugiados;<\/li><li>Asesorar a las autoridades y ONG sobre formas de ayudar a los refugiados a los que se les ha concedido protecci\u00f3n internacional a integrarse en Francia.<\/li><\/ul>\n\n\n\n<p><strong><strong>Encontrar soluciones para los refugiados en todo el mundo<\/strong><\/strong><\/p>\n\n\n\n<ul class=\"wp-block-list\"><li>Abogar por medidas integrales para que las personas interesadas puedan beneficiarse efectivamente de los derechos garantizados por los marcos internacionales, regionales y nacionales;<\/li><li>Desarrollar un programa de corredores universitarios llamado UNIV&#8217;R, para permitir que los refugiados que residen en un pa\u00eds de primer asilo contin\u00faen sus estudios de maestr\u00eda en Francia (las oportunidades de corredores universitarios se enumeran aqu\u00ed: <a href=\"https:\/\/services.unhcr.org\/opportunities\/\" target=\"_blank\" rel=\"noreferrer noopener\">https:\/\/services.unhcr.org\/opportunities\/<\/a>).<\/li><\/ul>\n\n\n\n<p><strong><strong>Informar y fomentar la participaci\u00f3n de los refugiados:<\/strong><\/strong><\/p>\n\n\n\n<ul class=\"wp-block-list\"><li>Informar a las personas refugiadas, solicitantes de protecci\u00f3n internacional y ap\u00e1tridas de sus derechos y obligaciones;<\/li><li>Fomentar iniciativas y proyectos para la participaci\u00f3n de los refugiados en las decisiones que les afectan.<\/li><\/ul>\n\n\n\n<p><strong>Alianzas con el sector privado:<\/strong><\/p>\n\n\n\n<ul class=\"wp-block-list\"><li>Desarrollar alianzas con el sector privado para la inclusi\u00f3n profesional y la integraci\u00f3n de los refugiados en Francia.<\/li><li>Invol\u00facrese con empresas, fundaciones y fil\u00e1ntropos interesados \u200b\u200ben contribuir con soluciones innovadoras para abordar los desaf\u00edos que enfrentan los refugiados a nivel mundial.<\/li><\/ul>\n\n\n\n<p>Para obtener m\u00e1s informaci\u00f3n sobre nuestras actividades, visite nuestro sitio web en la siguiente direcci\u00f3n: <a href=\"https:\/\/www.unhcr.org\/fr-fr\/\" target=\"_blank\" rel=\"noreferrer noopener\">https:\/\/www.unhcr.org\/fr-fr\/<\/a><\/p>\n","protected":false},"excerpt":{"rendered":"<p>\u00bfCu\u00e1l es el rol de ACNUR en Francia? En Francia, las autoridades son las responsables de procesar las solicitudes de asilo (reconocimiento de la condici\u00f3n de refugiado) y decidir si una persona necesita protecci\u00f3n y puede recibir un permiso de residencia en Francia. Por lo tanto, ACNUR en Francia: no recibe ni tramita solicitudes de [&hellip;]<\/p>\n","protected":false},"author":72,"featured_media":0,"parent":0,"menu_order":0,"comment_status":"closed","ping_status":"closed","template":"","meta":{"_acf_changed":false,"footnotes":""},"class_list":["post-426","page","type-page","status-publish","hentry"],"acf":[],"_links":{"self":[{"href":"https:\/\/help.unhcr.org\/france\/es\/wp-json\/wp\/v2\/pages\/426","targetHints":{"allow":["GET"]}}],"collection":[{"href":"https:\/\/help.unhcr.org\/france\/es\/wp-json\/wp\/v2\/pages"}],"about":[{"href":"https:\/\/help.unhcr.org\/france\/es\/wp-json\/wp\/v2\/types\/page"}],"author":[{"embeddable":true,"href":"https:\/\/help.unhcr.org\/france\/es\/wp-json\/wp\/v2\/users\/72"}],"replies":[{"embeddable":true,"href":"https:\/\/help.unhcr.org\/france\/es\/wp-json\/wp\/v2\/comments?post=426"}],"version-history":[{"count":2,"href":"https:\/\/help.unhcr.org\/france\/es\/wp-json\/wp\/v2\/pages\/426\/revisions"}],"predecessor-version":[{"id":753,"href":"https:\/\/help.unhcr.org\/france\/es\/wp-json\/wp\/v2\/pages\/426\/revisions\/753"}],"wp:attachment":[{"href":"https:\/\/help.unhcr.org\/france\/es\/wp-json\/wp\/v2\/media?parent=426"}],"curies":[{"name":"wp","href":"https:\/\/api.w.org\/{rel}","templated":true}]}}