{"id":424,"date":"2022-04-12T11:06:35","date_gmt":"2022-04-12T11:06:35","guid":{"rendered":"https:\/\/help.unhcr.org\/france\/la-reunification-et-le-regroupement-familial-e\/le-regroupement-familial\/"},"modified":"2023-03-10T15:08:28","modified_gmt":"2023-03-10T15:08:28","slug":"le-regroupement-familial","status":"publish","type":"page","link":"https:\/\/help.unhcr.org\/france\/es\/la-reunification-et-le-regroupement-familial-e\/le-regroupement-familial\/","title":{"rendered":"La reagrupaci\u00f3n familiar"},"content":{"rendered":"\n<p>Si su matrimonio tuvo lugar despu\u00e9s de su solicitud de asilo o si sus hijos son el resultado de una uni\u00f3n despu\u00e9s de la solicitud de protecci\u00f3n, puede solicitar la reunificaci\u00f3n familiar, que es un procedimiento que permite que un extranjero establecido regularmente en Francia se re\u00fana con los miembros de su familia (c\u00f3nyuge e hijos\/as menores de edad). La solicitud se hace a la <a href=\"https:\/\/www.ofii.fr\/procedure\/demande-dasile\/\" target=\"_blank\" rel=\"noreferrer noopener\">Oficina Francesa de Inmigraci\u00f3n e Integraci\u00f3n (OFII)<\/a>.<\/p>\n\n\n\n<p>La reagrupaci\u00f3n familiar est\u00e1 sujeta a determinadas condiciones:<\/p>\n\n\n\n<ul class=\"wp-block-list\"><li>el solicitante debe tener una residencia legal de 18 meses en Francia y condiciones de acogida estables y suficientes (umbral m\u00ednimo de recursos propios y vivienda adecuada);<\/li><li>su c\u00f3nyuge debe tener al menos 18 a\u00f1os en la fecha de presentaci\u00f3n de la solicitud.<\/li><li>los hijos menores deben ser menores de 18 a\u00f1os y deben tener una filiaci\u00f3n establecida con el solicitante o su c\u00f3nyuge.<\/li><\/ul>\n\n\n\n<p>Puede encontrar m\u00e1s informaci\u00f3n sobre este procedimiento <a href=\"https:\/\/www.ofii.fr\/procedure\/regroupement-familial\/\" target=\"_blank\" rel=\"noreferrer noopener\">aqu\u00ed<\/a> (p\u00e1gina en franc\u00e9s).<\/p>\n","protected":false},"excerpt":{"rendered":"<p>Si su matrimonio tuvo lugar despu\u00e9s de su solicitud de asilo o si sus hijos son el resultado de una uni\u00f3n despu\u00e9s de la solicitud de protecci\u00f3n, puede solicitar la reunificaci\u00f3n familiar, que es un procedimiento que permite que un extranjero establecido regularmente en Francia se re\u00fana con los miembros de su familia (c\u00f3nyuge e [&hellip;]<\/p>\n","protected":false},"author":72,"featured_media":0,"parent":418,"menu_order":0,"comment_status":"closed","ping_status":"closed","template":"","meta":{"_acf_changed":false,"footnotes":""},"class_list":["post-424","page","type-page","status-publish","hentry"],"acf":[],"_links":{"self":[{"href":"https:\/\/help.unhcr.org\/france\/es\/wp-json\/wp\/v2\/pages\/424","targetHints":{"allow":["GET"]}}],"collection":[{"href":"https:\/\/help.unhcr.org\/france\/es\/wp-json\/wp\/v2\/pages"}],"about":[{"href":"https:\/\/help.unhcr.org\/france\/es\/wp-json\/wp\/v2\/types\/page"}],"author":[{"embeddable":true,"href":"https:\/\/help.unhcr.org\/france\/es\/wp-json\/wp\/v2\/users\/72"}],"replies":[{"embeddable":true,"href":"https:\/\/help.unhcr.org\/france\/es\/wp-json\/wp\/v2\/comments?post=424"}],"version-history":[{"count":2,"href":"https:\/\/help.unhcr.org\/france\/es\/wp-json\/wp\/v2\/pages\/424\/revisions"}],"predecessor-version":[{"id":751,"href":"https:\/\/help.unhcr.org\/france\/es\/wp-json\/wp\/v2\/pages\/424\/revisions\/751"}],"up":[{"embeddable":true,"href":"https:\/\/help.unhcr.org\/france\/es\/wp-json\/wp\/v2\/pages\/418"}],"wp:attachment":[{"href":"https:\/\/help.unhcr.org\/france\/es\/wp-json\/wp\/v2\/media?parent=424"}],"curies":[{"name":"wp","href":"https:\/\/api.w.org\/{rel}","templated":true}]}}