{"id":421,"date":"2022-04-12T11:05:13","date_gmt":"2022-04-12T11:05:13","guid":{"rendered":"https:\/\/help.unhcr.org\/france\/la-reunification-et-le-regroupement-familial-e\/la-reunification-familiale\/"},"modified":"2023-03-10T15:09:42","modified_gmt":"2023-03-10T15:09:42","slug":"la-reunification-familiale","status":"publish","type":"page","link":"https:\/\/help.unhcr.org\/france\/es\/la-reunification-et-le-regroupement-familial-e\/la-reunification-familiale\/","title":{"rendered":"La reunificaci\u00f3n familiar"},"content":{"rendered":"\n<p>S\u00f3lo las autoridades consulares de Francia en el pa\u00eds en el que la familia present\u00f3 su solicitud de visa pueden dar una respuesta positiva o negativa a la solicitud.<br>Si ha obtenido protecci\u00f3n internacional en Francia, puede solicitar traer a Francia:<\/p>\n\n\n\n<p>\u2022 Su c\u00f3nyuge\/pareja. Debe tener por lo menos 18 a\u00f1os de edad, y la uni\u00f3n o convivencia debe ser anterior a la fecha de presentaci\u00f3n de su solicitud de protecci\u00f3n;<br>\u2022 sus hijos menores de 19 a\u00f1os al momento de presentar la solicitud de visa;<br>\u2022 sus hijos menores de 18 a\u00f1os, y los de su c\u00f3nyuge, de uniones anteriores, cuya filiaci\u00f3n s\u00f3lo se establezca respecto de usted o la de su c\u00f3nyuge, o cuyo otro progenitor haya fallecido o privado de la patria potestad;<br>\u2022 sus hijos menores de 18 a\u00f1os, y los de su c\u00f3nyuge, que est\u00e9n encomendados, en su caso, a usted o a su c\u00f3nyuge, en ejercicio de la patria potestad, en virtud de una decisi\u00f3n de una jurisdicci\u00f3n extranjera;<br>\u2022 Si usted es menor de edad y soltero, sus ascendientes en primer grado acompa\u00f1ados de sus colaterales solteros de quienes sean efectivamente responsables.<\/p>\n\n\n\n<p>Los miembros de su familia en cuesti\u00f3n deben solicitar una visa directamente a las autoridades consulares francesas en el pa\u00eds en el que residen. Los procedimientos para obtener una cita para la solicitud de visa por pa\u00eds se pueden consultar en esta p\u00e1gina. Para m\u00e1s informaci\u00f3n, puede consultar los folletos disponibles en franc\u00e9s e ingl\u00e9s.<\/p>\n\n\n\n<p>S\u00f3lo las autoridades consulares de Francia en el pa\u00eds en el que la familia present\u00f3 su solicitud de visa pueden dar una respuesta positiva o negativa a la solicitud.<\/p>\n\n\n\n<p>Si ha obtenido protecci\u00f3n internacional en Francia, puede solicitar traer a Francia:<\/p>\n\n\n\n<ul class=\"wp-block-list\"><li>Su c\u00f3nyuge. Debe tener por lo menos 18 a\u00f1os de edad, y la uni\u00f3n o convivencia debe ser anterior a la fecha de presentaci\u00f3n de su solicitud de protecci\u00f3n;<\/li><li>sus hijos menores de 19 a\u00f1os al momento de presentar la solicitud de visa;<\/li><li>sus hijos menores de 18 a\u00f1os, y los de su c\u00f3nyuge, de uniones anteriores, cuya filiaci\u00f3n s\u00f3lo se establezca respecto de usted o la de su c\u00f3nyuge, o cuyo otro progenitor haya fallecido o privado de la patria potestad;<\/li><li>sus hijos menores de 18 a\u00f1os, y los de su c\u00f3nyuge, que est\u00e9n encomendados, en su caso, a usted o a su c\u00f3nyuge, en ejercicio de la patria potestad, en virtud de una decisi\u00f3n de una jurisdicci\u00f3n extranjera;<\/li><li>Si usted es menor de edad y soltero, sus ascendientes en primer grado acompa\u00f1ados de sus colaterales solteros de quienes sean efectivamente responsables.<\/li><\/ul>\n\n\n\n<p>Los miembros de su familia en cuesti\u00f3n deben solicitar una visa directamente a las autoridades consulares francesas en el pa\u00eds en el que residen. Los procedimientos para obtener una cita para la solicitud de visa por pa\u00eds se pueden consultar en esta <a href=\"https:\/\/france-visas.gouv.fr\/web\/france-visas\/lieu-de-residence?p_auth=iCsFD0XX&amp;p_p_id=CountrySelector_WAR_fvfoportalinfportlet&amp;p_p_lifecycle=1&amp;p_p_state=normal&amp;p_p_mode=view&amp;p_p_col_id=column-1&amp;p_p_col_pos=1&amp;p_p_col_count=2&amp;_CountrySelector_WAR_fvfoportalinfportlet_javax.portlet.action=select-continent\" target=\"_blank\" rel=\"noreferrer noopener\">p\u00e1gina<\/a>. Para m\u00e1s informaci\u00f3n, puede consultar los <a href=\"https:\/\/www.immigration.interieur.gouv.fr\/Immigration\/L-immigration-familiale\/Le-sejour-de-la-famille-des-refugies-des-proteges-subsidiaires-et-des-apatrides\" target=\"_blank\" rel=\"noreferrer noopener\">folletos<\/a> disponibles en franc\u00e9s e ingl\u00e9s.<\/p>\n","protected":false},"excerpt":{"rendered":"<p>S\u00f3lo las autoridades consulares de Francia en el pa\u00eds en el que la familia present\u00f3 su solicitud de visa pueden dar una respuesta positiva o negativa a la solicitud.Si ha obtenido protecci\u00f3n internacional en Francia, puede solicitar traer a Francia: \u2022 Su c\u00f3nyuge\/pareja. Debe tener por lo menos 18 a\u00f1os de edad, y la uni\u00f3n [&hellip;]<\/p>\n","protected":false},"author":72,"featured_media":0,"parent":418,"menu_order":0,"comment_status":"closed","ping_status":"closed","template":"page-templates\/listing_page.php","meta":{"_acf_changed":false,"footnotes":""},"class_list":["post-421","page","type-page","status-publish","hentry"],"acf":[],"_links":{"self":[{"href":"https:\/\/help.unhcr.org\/france\/es\/wp-json\/wp\/v2\/pages\/421","targetHints":{"allow":["GET"]}}],"collection":[{"href":"https:\/\/help.unhcr.org\/france\/es\/wp-json\/wp\/v2\/pages"}],"about":[{"href":"https:\/\/help.unhcr.org\/france\/es\/wp-json\/wp\/v2\/types\/page"}],"author":[{"embeddable":true,"href":"https:\/\/help.unhcr.org\/france\/es\/wp-json\/wp\/v2\/users\/72"}],"replies":[{"embeddable":true,"href":"https:\/\/help.unhcr.org\/france\/es\/wp-json\/wp\/v2\/comments?post=421"}],"version-history":[{"count":2,"href":"https:\/\/help.unhcr.org\/france\/es\/wp-json\/wp\/v2\/pages\/421\/revisions"}],"predecessor-version":[{"id":752,"href":"https:\/\/help.unhcr.org\/france\/es\/wp-json\/wp\/v2\/pages\/421\/revisions\/752"}],"up":[{"embeddable":true,"href":"https:\/\/help.unhcr.org\/france\/es\/wp-json\/wp\/v2\/pages\/418"}],"wp:attachment":[{"href":"https:\/\/help.unhcr.org\/france\/es\/wp-json\/wp\/v2\/media?parent=421"}],"curies":[{"name":"wp","href":"https:\/\/api.w.org\/{rel}","templated":true}]}}