{"id":418,"date":"2022-04-12T11:03:41","date_gmt":"2022-04-12T11:03:41","guid":{"rendered":"https:\/\/help.unhcr.org\/france\/la-reunification-et-le-regroupement-familial-e\/"},"modified":"2022-07-08T09:41:44","modified_gmt":"2022-07-08T09:41:44","slug":"la-reunification-et-le-regroupement-familial-e","status":"publish","type":"page","link":"https:\/\/help.unhcr.org\/france\/es\/la-reunification-et-le-regroupement-familial-e\/","title":{"rendered":"\u00bfC\u00f3mo puedo solicitar la reunificaci\u00f3n familiar en Francia o traer a Francia familiares cercanos que se encuentran en otros pa\u00edses de la Uni\u00f3n Europea o en terceros pa\u00edses?"},"content":{"rendered":"\n<p>La oficina de ACNUR en Francia no es competente en t\u00e9rminos de reunificaci\u00f3n familiar. ACNUR tampoco est\u00e1 en condiciones de ayudar financieramente a las personas que desean solicitar la reunificaci\u00f3n o la reagrupaci\u00f3n familiar.<\/p>\n\n\n\n<p>Para obtener informaci\u00f3n sobre el procedimiento a seguir en Francia y los actores competentes a contactar, consulte las p\u00e1ginas correspondientes a continuaci\u00f3n.<\/p>\n","protected":false},"excerpt":{"rendered":"<p>La oficina de ACNUR en Francia no es competente en t\u00e9rminos de reunificaci\u00f3n familiar. ACNUR tampoco est\u00e1 en condiciones de ayudar financieramente a las personas que desean solicitar la reunificaci\u00f3n o la reagrupaci\u00f3n familiar. Para obtener informaci\u00f3n sobre el procedimiento a seguir en Francia y los actores competentes a contactar, consulte las p\u00e1ginas correspondientes a [&hellip;]<\/p>\n","protected":false},"author":72,"featured_media":0,"parent":0,"menu_order":0,"comment_status":"closed","ping_status":"closed","template":"page-templates\/listing_page.php","meta":{"_acf_changed":false,"footnotes":""},"class_list":["post-418","page","type-page","status-publish","hentry"],"acf":[],"_links":{"self":[{"href":"https:\/\/help.unhcr.org\/france\/es\/wp-json\/wp\/v2\/pages\/418","targetHints":{"allow":["GET"]}}],"collection":[{"href":"https:\/\/help.unhcr.org\/france\/es\/wp-json\/wp\/v2\/pages"}],"about":[{"href":"https:\/\/help.unhcr.org\/france\/es\/wp-json\/wp\/v2\/types\/page"}],"author":[{"embeddable":true,"href":"https:\/\/help.unhcr.org\/france\/es\/wp-json\/wp\/v2\/users\/72"}],"replies":[{"embeddable":true,"href":"https:\/\/help.unhcr.org\/france\/es\/wp-json\/wp\/v2\/comments?post=418"}],"version-history":[{"count":1,"href":"https:\/\/help.unhcr.org\/france\/es\/wp-json\/wp\/v2\/pages\/418\/revisions"}],"predecessor-version":[{"id":419,"href":"https:\/\/help.unhcr.org\/france\/es\/wp-json\/wp\/v2\/pages\/418\/revisions\/419"}],"wp:attachment":[{"href":"https:\/\/help.unhcr.org\/france\/es\/wp-json\/wp\/v2\/media?parent=418"}],"curies":[{"name":"wp","href":"https:\/\/api.w.org\/{rel}","templated":true}]}}