{"id":406,"date":"2022-04-12T08:44:35","date_gmt":"2022-04-12T08:44:35","guid":{"rendered":"https:\/\/help.unhcr.org\/france\/bienvenue\/"},"modified":"2023-03-10T15:05:11","modified_gmt":"2023-03-10T15:05:11","slug":"bienvenue","status":"publish","type":"page","link":"https:\/\/help.unhcr.org\/france\/es\/","title":{"rendered":"Bienvenido\u2219a"},"content":{"rendered":"\n<p><strong>ACNUR, la Agencia de las Naciones Unidas para los Refugiados, <\/strong>ha creado este sitio web para las personas de inter\u00e9s<strong> (refugiados, solicitantes de asilo y ap\u00e1tridas) <\/strong>en Francia y sus familiares. En este sitio encontrar\u00e1 informaci\u00f3n y enlaces \u00fatiles, incluidas las respuestas a las siguientes preguntas :<\/p>\n\n\n\n<p>\u27a1\ufe0f <a href=\"https:\/\/help.unhcr.org\/france\/es\/demander-lasile-en-france\/\" data-type=\"URL\" target=\"_blank\" rel=\"noreferrer noopener\">Solicitar asilo en Francia<\/a><\/p>\n\n\n\n<p><strong>\u27a1\ufe0f <\/strong><a href=\"https:\/\/help.unhcr.org\/france\/es\/droits-et-obligations\/\" data-type=\"URL\" target=\"_blank\" rel=\"noreferrer noopener\">\u00bfCu\u00e1les son mis derechos y obligaciones como solicitante de asilo durante el procedimiento de asilo y despu\u00e9s del reconocimiento de mi estatuto de refugiado?<\/a><\/p>\n\n\n\n<p>\u27a1\ufe0f <a href=\"https:\/\/help.unhcr.org\/france\/es\/la-reunification-et-le-regroupement-familial-e\/\" data-type=\"URL\" target=\"_blank\" rel=\"noreferrer noopener\">\u00bfC\u00f3mo puedo solicitar la reunificaci\u00f3n familiar en Francia o traer a Francia familiares cercanos que se encuentran en otros pa\u00edses de la Uni\u00f3n Europea o en terceros pa\u00edses?<\/a><\/p>\n\n\n\n<p>\u27a1\ufe0f <a href=\"https:\/\/help.unhcr.org\/france\/es\/a-propos-du-hcr-en-france\/\" data-type=\"URL\" target=\"_blank\" rel=\"noreferrer noopener\">Acerca de ACNUR en Francia &#8211; \u00bfCu\u00e1l es el rol de ACNUR en Francia ?<\/a><\/p>\n\n\n\n<p><\/p>\n\n\n\n<p class=\"has-black-color has-text-color has-background\" style=\"background-color:#faeb00\">Tenga en cuenta que la informaci\u00f3n presentada en esta p\u00e1gina es relevante, en su mayor\u00eda, para las personas que se encuentran actualmente en Francia. Si est\u00e1 buscando informaci\u00f3n o asistencia para familiares o amigos que no se encuentran en Francia, consulte la p\u00e1gina de ayuda del pa\u00eds correspondiente en la <a href=\"https:\/\/help.unhcr.org\/es\/\" target=\"_blank\" rel=\"noreferrer noopener\">p\u00e1gina de inicio de ayuda del ACNUR<\/a>.<\/p>\n\n\n\n<p>Esta p\u00e1gina, y sus distintas secciones, se actualizar\u00e1 peri\u00f3dicamente.<\/p>\n","protected":false},"excerpt":{"rendered":"<p>ACNUR, la Agencia de las Naciones Unidas para los Refugiados, ha creado este sitio web para las personas de inter\u00e9s (refugiados, solicitantes de asilo y ap\u00e1tridas) en Francia y sus familiares. En este sitio encontrar\u00e1 informaci\u00f3n y enlaces \u00fatiles, incluidas las respuestas a las siguientes preguntas : \u27a1\ufe0f Solicitar asilo en Francia \u27a1\ufe0f \u00bfCu\u00e1les son [&hellip;]<\/p>\n","protected":false},"author":72,"featured_media":0,"parent":0,"menu_order":0,"comment_status":"closed","ping_status":"closed","template":"","meta":{"_acf_changed":false,"footnotes":""},"class_list":["post-406","page","type-page","status-publish","hentry"],"acf":[],"_links":{"self":[{"href":"https:\/\/help.unhcr.org\/france\/es\/wp-json\/wp\/v2\/pages\/406","targetHints":{"allow":["GET"]}}],"collection":[{"href":"https:\/\/help.unhcr.org\/france\/es\/wp-json\/wp\/v2\/pages"}],"about":[{"href":"https:\/\/help.unhcr.org\/france\/es\/wp-json\/wp\/v2\/types\/page"}],"author":[{"embeddable":true,"href":"https:\/\/help.unhcr.org\/france\/es\/wp-json\/wp\/v2\/users\/72"}],"replies":[{"embeddable":true,"href":"https:\/\/help.unhcr.org\/france\/es\/wp-json\/wp\/v2\/comments?post=406"}],"version-history":[{"count":4,"href":"https:\/\/help.unhcr.org\/france\/es\/wp-json\/wp\/v2\/pages\/406\/revisions"}],"predecessor-version":[{"id":750,"href":"https:\/\/help.unhcr.org\/france\/es\/wp-json\/wp\/v2\/pages\/406\/revisions\/750"}],"wp:attachment":[{"href":"https:\/\/help.unhcr.org\/france\/es\/wp-json\/wp\/v2\/media?parent=406"}],"curies":[{"name":"wp","href":"https:\/\/api.w.org\/{rel}","templated":true}]}}