{"id":297,"date":"2022-04-12T11:16:07","date_gmt":"2022-04-12T11:16:07","guid":{"rendered":"https:\/\/help.unhcr.org\/france\/signaler-un-cas-dexploitation-et-dabus\/"},"modified":"2024-10-01T10:07:43","modified_gmt":"2024-10-01T10:07:43","slug":"signaler-un-cas-dexploitation-et-dabus","status":"publish","type":"page","link":"https:\/\/help.unhcr.org\/france\/en\/signaler-un-cas-dexploitation-et-dabus\/","title":{"rendered":"Report a case of exploitation and abuse"},"content":{"rendered":"\n<p>Please find below<strong> prevention tools on human exploitation and trafficking<\/strong>, including useful tips and contacts, for asylum seekers and beneficiaries of international protection. These documents are available in several foreign languages.<\/p>\n\n\n\n<p class=\"has-text-align-center has-medium-font-size\"><br><strong>For access to all documents, posters and leaflets, in all languages, <a href=\"https:\/\/www.dropbox.com\/scl\/fo\/hhtj27vz1vct780l6fimj\/AEICX9WYIW7-zspJ8r_txWs?rlkey=5xdpsnyq6uq8gz3mwp1g3ys33&amp;st=y03wg3lq&amp;dl=0\">click here<\/a>.<\/strong><\/p>\n\n\n\n<div class=\"wp-block-columns is-layout-flex wp-container-core-columns-is-layout-9d6595d7 wp-block-columns-is-layout-flex\">\n<div class=\"wp-block-column is-vertically-aligned-center has-background is-layout-flow wp-block-column-is-layout-flow\" style=\"background-color:#f6f6f6f5\">\n<p class=\"has-medium-font-size\"><strong> Protect yourself and your family from exploitation and trafficking (Anglais)<\/strong><\/p>\n\n\n\n<ul class=\"wp-block-list\">\n<li><a href=\"https:\/\/help.unhcr.org\/france\/wp-content\/uploads\/sites\/87\/2024\/07\/Depliant-Adulte-ENG-Protect-yourself-and-your-family-from-exploitation-and-trafficking.pdf\" target=\"_blank\" rel=\"noreferrer noopener\">Adults leaflet (English) \u2013 Protect yourself and your family from exploitation and trafficking<\/a><\/li>\n\n\n\n<li><a href=\"https:\/\/help.unhcr.org\/france\/wp-content\/uploads\/sites\/87\/2023\/05\/Depliant-Adulte-Anglais.pdf\" target=\"_blank\" rel=\"noreferrer noopener\">Children leaflet (English) \u2013 Are you under the age of 18 and feel unsafe<\/a><\/li>\n<\/ul>\n\n\n\n<p class=\"has-medium-font-size\"> <strong>Prot\u00e9gez-vous et votre famille contre l\u2019exploitation et la traite (French)<\/strong><\/p>\n\n\n\n<ul class=\"wp-block-list\">\n<li><a href=\"https:\/\/help.unhcr.org\/france\/wp-content\/uploads\/sites\/87\/2024\/07\/Depliant-Adulte-Francais-Protegez-vous-et-votre-famille-contre-lexploitation-et-la-traite.pdf\" target=\"_blank\" rel=\"noreferrer noopener\">Adults leaflet (French) \u2013 Prot\u00e9gez-vous et votre famille contre l\u2019exploitation et la traite des \u00eatres humains&nbsp;<\/a><\/li>\n\n\n\n<li><a href=\"https:\/\/help.unhcr.org\/france\/wp-content\/uploads\/sites\/87\/2024\/07\/Depliant-Enfant-Francais-Tu-as-moins-de-18-ans-et-tu-te-sens-en-danger.pdf\" target=\"_blank\" rel=\"noreferrer noopener\">Children leaflet French) \u2013 Tu as moins de 18 ans et tu te sens en danger<\/a><\/li>\n<\/ul>\n\n\n\n<p class=\"has-medium-font-size\"> <strong>(Arabic) \u0625\u062d\u0645 \u0646\u0641\u0633\u0643 \u0648\u0639\u0627\u0626\u0644\u062a\u0643 \u0645\u0646 \u0627\u0644\u0627\u0633\u062a\u063a\u0644\u0627\u0644 \u0648\u0627\u0644\u0625\u062a\u062c\u0627\u0631 \u0628\u0627\u0644\u0628\u0634\u0631<\/strong><\/p>\n\n\n\n<ul class=\"wp-block-list\">\n<li><a href=\"https:\/\/help.unhcr.org\/france\/wp-content\/uploads\/sites\/87\/2024\/07\/Depliant-Adulte-Arabe-\u0625\u062d\u0645-\u0646\u0641\u0633\u0643-\u0648\u0639\u0627\u0626\u0644\u062a\u0643-\u0645\u0646-\u0627\u0644\u0627\u0633\u062a\u063a\u0644\u0627\u0644-\u0648\u0627\u0644\u0625\u062a\u062c\u0627\u0631-\u0628\u0627\u0644\u0628\u0634\u0631.pdf\" target=\"_blank\" rel=\"noreferrer noopener\">Adults leaflet (Arabic) \u2013 \u0625\u062d\u0645 \u0646\u0641\u0633\u0643 \u0648\u0639\u0627\u0626\u0644\u062a\u0643 \u0645\u0646 \u0627\u0644\u0627\u0633\u062a\u063a\u0644\u0627\u0644 \u0648\u0627\u0644\u0625\u062a\u062c\u0627\u0631 \u0628\u0627\u0644\u0628\u0634\u0631<\/a><\/li>\n\n\n\n<li><a href=\"https:\/\/help.unhcr.org\/france\/wp-content\/uploads\/sites\/87\/2024\/07\/Depliant-Enfant-Arabe-\u0648\u062a\u0634\u0639\u0631-\u0623\u0646\u0643-\u0641-\u064a-\u062e\u0637\u0631\u061f-\u0639\u0645\u0631\u0643-\u0623\u0642\u0644-\u0645\u0646-18-\u0633\u0646\u0629-.pdf\" target=\"_blank\" rel=\"noreferrer noopener\">Children leaflet (Arabic) \u2013 \u0648\u062a\u0634\u0639\u0631 \u0623\u0646\u0643 \u0641 \u064a \u062e\u0637\u0631\u061f \u0639\u0645\u0631\u0643 \u0623\u0642\u0644 \u0645\u0646 18 \u0633\u0646\u0629<\/a><\/li>\n<\/ul>\n\n\n\n<p class=\"has-medium-font-size\"> <strong>(Pachto) \u062e\u067e\u0644 \u0681\u0627\u0646 \u0627\u0648 \u062e\u067e\u0644\u0647 \u06a9\u0648\u0631\u0646\u06cd \u0645\u0648 \u0644\u0647 \u0646\u0627\u0648\u0693\u06d0\u0627\u0633\u062a\u0641\u0627\u062f\u06d0 \u0627\u0648 \u0642\u0627\u0686\u0627\u0642 \u0685\u062e\u0647 \u0648\u0698\u063a\u0648\u0631\u0626<\/strong><\/p>\n\n\n\n<ul class=\"wp-block-list\">\n<li><a href=\"https:\/\/help.unhcr.org\/france\/wp-content\/uploads\/sites\/87\/2024\/07\/Depliant-Adulte-Pashto-\u062e\u067e\u0644-\u0681\u0627\u0646-\u0627\u0648-\u062e\u067e\u0644\u0647-\u06a9\u0648\u0631\u0646\u06cd-\u0645\u0648-\u0644\u0647-\u0646\u0627\u0648\u0693\u06d0\u0627\u0633\u062a\u0641\u0627\u062f\u06d0-\u0627\u0648-\u0642\u0627\u0686\u0627\u0642-\u0685\u062e\u0647-\u0648\u0698\u063a\u0648\u0631\u0626.pdf\" target=\"_blank\" rel=\"noreferrer noopener\">Adults leaflet (Pachto) \u2013 \u062e\u067e\u0644 \u0681\u0627\u0646 \u0627\u0648 \u062e\u067e\u0644\u0647 \u06a9\u0648\u0631\u0646\u06cd \u0645\u0648 \u0644\u0647 \u0646\u0627\u0648\u0693\u06d0\u0627\u0633\u062a\u0641\u0627\u062f\u06d0 \u0627\u0648 \u0642\u0627\u0686\u0627\u0642 \u0685\u062e\u0647 \u0648\u0698\u063a\u0648\u0631\u0626&nbsp;<\/a><\/li>\n\n\n\n<li><a href=\"https:\/\/help.unhcr.org\/france\/wp-content\/uploads\/sites\/87\/2024\/07\/Depliant-Enfant-Pachto-\u062a\u0627\u0633\u0648-\u062f-18-\u06a9\u0644\u0646-\u0685\u062e\u0647-\u06a9\u0645-\u06cc\u0627\u0633\u062a\u0627\u0648-\u062a\u0627\u0633\u0648-\u0681\u0627\u0646-\u067e\u0647-\u062e\u0637\u0631-\u06a9\u06d0-\u0627\u062d\u0633\u0627\u0633\u0648\u0626\u061f.pdf\" target=\"_blank\" rel=\"noreferrer noopener\">Children leaflet (Pachto) \u2013 \u062a\u0627\u0633\u0648 \u062f 18 \u06a9\u0644\u0646 \u0685\u062e\u0647 \u06a9\u0645 \u06cc\u0627\u0633\u062a\u0627\u0648 \u062a\u0627\u0633\u0648 \u0681\u0627\u0646 \u067e\u0647 \u062e\u0637\u0631 \u06a9\u06d0 \u0627\u062d\u0633\u0627\u0633\u0648\u0626\u061f&nbsp;<\/a><\/li>\n<\/ul>\n\n\n\n<p class=\"has-medium-font-size\"><strong> (Dari) \u0627\u0633\u062a\u0641\u0627\u062f\u0647 \u062c\u0648\u06cc \u0648 \u0642\u0627\u0686\u0627\u0642 \u0627\u0646\u0633\u0627\u0646\u064a \u0645\u062d\u0627\u0641\u0638\u062a \u06a9\u0646\u06cc\u062f\u0627\u0632 \u062e\u0648\u062f \u0648 \u0627\u0632 \u062e\u0627\u0646\u0648\u0627\u062f\u0647 \u062a\u0627\u0646 \u062f\u0631 \u0645\u0642\u0627\u0628\u0644 \u0647\u0631 \u0646\u0648\u0639<\/strong><\/p>\n\n\n\n<ul class=\"wp-block-list\">\n<li><a href=\"https:\/\/help.unhcr.org\/france\/wp-content\/uploads\/sites\/87\/2024\/07\/Depliant-Adulte-Dari-\u0627\u0633\u062a\u0641\u0627\u062f\u0647-\u062c\u0648\u06cc-\u0648-\u0642\u0627\u0686\u0627\u0642-\u0627\u0646\u0633\u0627\u0646\u064a-\u0645\u062d\u0627\u0641\u0638\u062a-\u06a9\u0646\u06cc\u062f\u0627\u0632-\u062e\u0648\u062f-\u0648-\u0627\u0632-\u062e\u0627\u0646\u0648\u0627\u062f\u0647-\u062a\u0627\u0646-\u062f\u0631-\u0645\u0642\u0627\u0628\u0644-\u0647\u0631-\u0646\u0648\u0639.pdf\" target=\"_blank\" rel=\"noreferrer noopener\">Adults leaflet (Dari) \u2013 \u0627\u0633\u062a\u0641\u0627\u062f\u0647 \u062c\u0648\u06cc \u0648 \u0642\u0627\u0686\u0627\u0642 \u0627\u0646\u0633\u0627\u0646\u064a \u0645\u062d\u0627\u0641\u0638\u062a \u06a9\u0646\u06cc\u062f\u0627\u0632 \u062e\u0648\u062f \u0648 \u0627\u0632 \u062e\u0627\u0646\u0648\u0627\u062f\u0647 \u062a\u0627\u0646 \u062f\u0631 \u0645\u0642\u0627\u0628\u0644 \u0647\u0631 \u0646\u0648\u0639<\/a><\/li>\n\n\n\n<li><a href=\"https:\/\/help.unhcr.org\/france\/wp-content\/uploads\/sites\/87\/2024\/07\/Depliant-Enfant-Dari-\u062a\u0648-\u0632\u06cc\u0631-18-\u0633\u0627\u0644-\u0647\u0633-\u062a-\u0627\u062d\u0633\u0627\u0633-\u062e\u0637\u0631-\u0645\u06cc-\u06a9-\u0646-\u061f.pdf\" target=\"_blank\" rel=\"noreferrer noopener\">Children leaflet (Dari) \u2013 \u062a\u0648 \u0632\u06cc\u0631 18 \u0633\u0627\u0644 \u0647\u0633 \u062a \u0627\u062d\u0633\u0627\u0633 \u062e\u0637\u0631 \u0645\u06cc \u06a9 \u0646 \u061f<\/a><\/li>\n<\/ul>\n\n\n\n<p class=\"has-medium-font-size\"> <strong>\u09a8\u09bf \u099c\u09c7 \u0995\u09c7 \u098f\u09ac\u0982 \u09a8\u09bf \u099c\u09c7 \u09b0 \u09aa\u09b0\u09bf \u09ac\u09be \u09b0\u09c7 \u09b0 \u09b8\u09a6\u09b8\u09cd\u09af \u09a6\u09c7 \u09b0 \u09b6\u09cb \u09b7\u09a3 \u098f\u09ac\u0982 \u09aa\u09be \u099a\u09be \u09b0\u09c7 \u09b0 \u09b9\u09be \u09a4 \u09a5\u09c7 \u0995\u09c7 \u09b0\u0995\u09cd\u09b7\u09be \u0995\u09b0\u09c1\u09a8\u0964 (Bengali)<\/strong><\/p>\n\n\n\n<ul class=\"wp-block-list\">\n<li><a href=\"https:\/\/help.unhcr.org\/france\/wp-content\/uploads\/sites\/87\/2024\/07\/Depliant-Adulte-Bengali-\u09a8\u09bf-\u099c\u09c7-\u0995\u09c7-\u098f\u09ac\u0982-\u09a8\u09bf-\u099c\u09c7-\u09b0-\u09aa\u09b0\u09bf-\u09ac\u09be-\u09b0\u09c7-\u09b0-\u09b8\u09a6\u09b8\u09cd\u09af-\u09a6\u09c7-\u09b0-\u09b6\u09cb-\u09b7\u09a3-\u098f\u09ac\u0982-\u09aa\u09be-\u099a\u09be-\u09b0\u09c7-\u09b0-\u09b9\u09be-\u09a4-\u09a5\u09c7-\u0995\u09c7-\u09b0\u0995\u09cd\u09b7\u09be-\u0995\u09b0\u09c1\u09a8\u0964-.pdf\" target=\"_blank\" rel=\"noreferrer noopener\">Adults leaflet (Bengali) \u2013 \u09a8\u09bf \u099c\u09c7 \u0995\u09c7 \u098f\u09ac\u0982 \u09a8\u09bf \u099c\u09c7 \u09b0 \u09aa\u09b0\u09bf \u09ac\u09be \u09b0\u09c7 \u09b0 \u09b8\u09a6\u09b8\u09cd\u09af \u09a6\u09c7 \u09b0 \u09b6\u09cb \u09b7\u09a3 \u098f\u09ac\u0982 \u09aa\u09be \u099a\u09be \u09b0\u09c7 \u09b0 \u09b9\u09be \u09a4 \u09a5\u09c7 \u0995\u09c7 \u09b0\u0995\u09cd\u09b7\u09be \u0995\u09b0\u09c1\u09a8\u0964<\/a><\/li>\n\n\n\n<li><a href=\"https:\/\/help.unhcr.org\/france\/wp-content\/uploads\/sites\/87\/2024\/07\/Depliant-Enfant-Bengali-\u09a4-\u09cb\u09ae\u09be\u09b0-\u09ac\u09af\u09bc\u09b8-\u09e7\u09ee-\u09ac\u099b\u09b0\u09c7\u09b0-\u0995\u09ae-\u098f\u09ac\u0982-\u09a4\u09c1\u09ae\u09bf-\u09ae\u09a8\u09c7-\u0995\u09b0\u099b\u09cb-\u09af\u09c7-\u09a4\u09c1\u09ae\u09bf-\u09ac\u09bf\u09aa\u09a6\u0997\u09cd\u09b0\u09b8\u09cd\u09a4.pdf\" target=\"_blank\" rel=\"noreferrer noopener\">Children leaflet (Bengali) \u2013 \u09a4 \u09cb\u09ae\u09be\u09b0 \u09ac\u09af\u09bc\u09b8 \u09e7\u09ee \u09ac\u099b\u09b0\u09c7\u09b0 \u0995\u09ae \u098f\u09ac\u0982 \u09a4\u09c1\u09ae\u09bf \u09ae\u09a8\u09c7 \u0995\u09b0\u099b\u09cb \u09af\u09c7 \u09a4\u09c1\u09ae\u09bf \u09ac\u09bf\u09aa\u09a6\u0997\u09cd\u09b0\u09b8\u09cd\u09a4<\/a><\/li>\n<\/ul>\n\n\n\n<p class=\"has-medium-font-size\"> <strong>\u0b9a\u0bc1\u0bb0\u0ba3\u0bcd\u0b9f\u0bb2\u0bcd \u0bae\u0bb1\u0bcd\u0bb1\u0bc1\u0bae\u0bcd \u0b95\u0b9f\u0ba4\u0bcd\u0ba4\u0bb2\u0bc1\u0b95\u0bcd\u0b95\u0bc1 \u0b8e\u0ba4\u0bbf \u0bb0\u0bbe \u0b95 \u0b89\u0b99\u0bcd\u0b95\u0bb3\u0bc8 \u0baf\u0bc1\u0bae\u0bcd \u0b89\u0b99\u0bcd\u0b95\u0bb3\u0bcd \u0b95\u0bc1\u0b9f\u0bc1\u0bae\u0bcd\u0baa\u0ba4\u0bcd\u0ba4\u0bc8 \u0baf\u0bc1\u0bae\u0bcd \u0baa\u0bbe \u0ba4\u0bc1\u0b95\u0bbe \u0b95\u0bcd\u0b95\u0bc1\u0b99\u0bcd\u0b95\u0bb3\u0bcd (Tamil)<\/strong><\/p>\n\n\n\n<ul class=\"wp-block-list\">\n<li><a href=\"https:\/\/help.unhcr.org\/france\/wp-content\/uploads\/sites\/87\/2024\/07\/Depliant-Tamoul.pdf\" target=\"_blank\" rel=\"noreferrer noopener\">Adults leaflet (Tamil) \u2013 \u0b9a\u0bc1\u0bb0\u0ba3\u0bcd\u0b9f\u0bb2\u0bcd \u0bae\u0bb1\u0bcd\u0bb1\u0bc1\u0bae\u0bcd \u0b95\u0b9f\u0ba4\u0bcd\u0ba4\u0bb2\u0bc1\u0b95\u0bcd\u0b95\u0bc1 \u0b8e\u0ba4\u0bbf \u0bb0\u0bbe \u0b95 \u0b89\u0b99\u0bcd\u0b95\u0bb3\u0bc8 \u0baf\u0bc1\u0bae\u0bcd \u0b89\u0b99\u0bcd\u0b95\u0bb3\u0bcd \u0b95\u0bc1\u0b9f\u0bc1\u0bae\u0bcd\u0baa\u0ba4\u0bcd\u0ba4\u0bc8 \u0baf\u0bc1\u0bae\u0bcd \u0baa\u0bbe<\/a><\/li>\n\n\n\n<li><a href=\"https:\/\/help.unhcr.org\/france\/wp-content\/uploads\/sites\/87\/2024\/07\/Depliant-Enfant-Tamoul-\u0ba8\u0bc0\u0b99\u0bcd\u0b95\u0bb3\u0bcd-18-\u0bb5\u0baf\u0ba4\u0bbf\u0bb1\u0bcd\u0b95\u0bc1\u0b9f-\u0bcd\u0baa\u0b9f-\u0bcd\u0b9f\u0bb5\u0bb0\u0bbe-\u0bae\u0bb1\u0bcd\u0bb1\u0bc1\u0bae\u0bcd-\u0b86\u0baa\u0ba4\u0bcd\u0ba4\u0bbf\u0bb2\u0bcd-\u0b87\u0bb0\u0bc1\u0baa\u0bcd\u0baa\u0ba4\u0bbe\u0b95-\u0b89\u0ba3\u0bb0-\u0bcd\u0b95\u0bbf\u0bb1\u0bc0\u0bb0-\u0bcd\u0b95\u0bb3\u0bcd_0.pdf\" target=\"_blank\" rel=\"noreferrer noopener\">Children leaflet (Tamil) \u2013 \u0ba8\u0bc0\u0b99\u0bcd\u0b95\u0bb3\u0bcd 18 \u0bb5\u0baf\u0ba4\u0bbf\u0bb1\u0bcd\u0b95\u0bc1\u0b9f \u0bcd\u0baa\u0b9f \u0bcd\u0b9f\u0bb5\u0bb0\u0bbe \u0bae\u0bb1\u0bcd\u0bb1\u0bc1\u0bae\u0bcd \u0b86\u0baa\u0ba4\u0bcd\u0ba4\u0bbf\u0bb2\u0bcd \u0b87\u0bb0\u0bc1\u0baa\u0bcd\u0baa\u0ba4\u0bbe\u0b95 \u0b89\u0ba3\u0bb0 \u0bcd\u0b95\u0bbf\u0bb1\u0bc0\u0bb0 \u0bcd\u0b95\u0bb3\u0bcd<\/a><\/li>\n<\/ul>\n\n\n\n<p class=\"has-medium-font-size\"> <strong>Mbroni veten dhe familjen tuaj nga shfryt\u00ebzimi dhe nga trafikimi i qenieve njer\u00ebzore (Albanian)<\/strong><\/p>\n\n\n\n<ul class=\"wp-block-list\">\n<li><a href=\"https:\/\/help.unhcr.org\/france\/wp-content\/uploads\/sites\/87\/2024\/07\/Depliant-Adulte-Albanais-Mbroni-veten-dhe-familjen-tuaj-nga-shfrytezimi-dhe-nga-trafikimi-i-qenieve-njerezore-.pdf\" target=\"_blank\" rel=\"noreferrer noopener\">Adults leaflet (Albanian) \u2013 Mbroni veten dhe familjen tuaj nga shfryt\u00ebzimi dhe nga trafikimi i qenieve njer\u00ebzore<\/a><\/li>\n\n\n\n<li><a href=\"https:\/\/help.unhcr.org\/france\/wp-content\/uploads\/sites\/87\/2024\/07\/Depliant-Enfant-Albanais-Ti-je-nen-moshen-18-vjec-dhe-ndihesh-ne-rrezik.pdf\" target=\"_blank\" rel=\"noreferrer noopener\">Children leaflet (Albanian) \u2013 Ti je n\u00ebn mosh\u00ebn 18 vje\u00e7 dhe ndihesh n\u00eb rrezik<\/a><\/li>\n<\/ul>\n\n\n\n<p class=\"has-medium-font-size\"> <strong>Proteja\u021bi-v\u0103 pe dumneavoastr\u0103 \u0219i familia dumneavoastr\u0103 \u00eempotriva exploat\u0103rii \u0219i a traficului de persoane (Romanian)<\/strong><\/p>\n\n\n\n<ul class=\"wp-block-list\">\n<li><a href=\"https:\/\/help.unhcr.org\/france\/wp-content\/uploads\/sites\/87\/2024\/07\/Depliant-Adulte-Roumain-Protejati-va-pe-dumneavoastra-si-familia-dumneavoastra-impotriva-exploatarii-si-a-traficului-de-persoane.pdf\" target=\"_blank\" rel=\"noreferrer noopener\">Adults leaflet (Romanian) \u2013 Proteja\u021bi-v\u0103 pe dumneavoastr\u0103 \u0219i familia dumneavoastr\u0103 \u00eempotriva exploat\u0103rii \u0219i a traficului<\/a><\/li>\n\n\n\n<li><a href=\"https:\/\/help.unhcr.org\/france\/wp-content\/uploads\/sites\/87\/2024\/07\/Depliant-Enfant-Roumain-Ai-mai-putin-de-18-ans-si-te-simti-in-pericol.pdf\" target=\"_blank\" rel=\"noreferrer noopener\">Children leaflet (Romanian) \u2013 Ai mai pu\u021bin de 18 ans \u0219i te sim\u021bi \u00een pericol<\/a><\/li>\n<\/ul>\n\n\n\n<p class=\"has-medium-font-size\"><strong>\u0417\u0430\u0445\u0438\u0441\u0442\u0442\u044c \u0441\u0435\u0431\u0435 \u0442\u0430 \u0441\u0432\u043e\u044e \u0440\u043e\u0434\u0438\u043d\u0443 \u0432\u0434 \u0437\u0430\u0433\u0440\u043e\u0437 \u0435\u043a\u0441\u043f\u043b\u0443\u0430\u0442\u0430\u0446\u0457 \u0439 \u0442\u043e\u0440\u0433\u0432\u043b \u043b\u044e\u0434\u044c\u043c\u0438 (Ukrainian)<\/strong><\/p>\n\n\n\n<ul class=\"wp-block-list\">\n<li><a href=\"https:\/\/help.unhcr.org\/france\/wp-content\/uploads\/sites\/87\/2023\/02\/Depliant-Adulte-Ukrainien.pdf\" target=\"_blank\" rel=\"noreferrer noopener\">Adults leaflet (Ukrainian) \u2013 \u0417\u0430\u0445\u0438\u0441\u0442\u0442\u044c \u0441\u0435\u0431\u0435 \u0442\u0430 \u0441\u0432\u043e\u044e \u0440\u043e\u0434\u0438\u043d\u0443 \u0432\u0434 \u0437\u0430\u0433\u0440\u043e\u0437 \u0435\u043a\u0441\u043f\u043b\u0443\u0430\u0442\u0430\u0446\u0457 \u0439 \u0442\u043e\u0440\u0433\u0432\u043b \u043b\u044e\u0434\u044c\u043c\u0438<\/a><\/li>\n\n\n\n<li><a href=\"https:\/\/help.unhcr.org\/france\/wp-content\/uploads\/sites\/87\/2024\/10\/Depliant-enfants-UK.pdf\" target=\"_blank\" rel=\"noreferrer noopener\">Children leaflet (Ukrainian) \u2013 \u0442\u043e\u0431\u0456 \u043c\u0435\u043d\u0448\u0435 18 \u0440\u043e\u043a\u0456\u0432 \u0456 \u0442\u0438 \u0432\u0456\u0434\u0447\u0443\u0432\u0430\u0454\u0448, \u0449\u043e \u0442\u0438 \u0432 \u043d\u0435\u0431\u0435\u0437\u043f\u0435\u0446\u0456?<\/a><\/li>\n<\/ul>\n\n\n\n<p class=\"has-medium-font-size\"><strong>\u0417\u0430\u0449\u0438\u0442\u0438\u0442\u0435 \u0441\u0435\u0431\u044f \u0438 \u0441\u0432\u043e\u044e \u0441\u0435\u043c\u044c\u044e \u043e\u0442 \u0443\u0433\u0440\u043e\u0437 \u044d\u043a\u0441\u043f\u043b\u0443\u0430\u0442\u0430\u0446\u0438\u0438 \u0438 \u0442\u043e\u0440\u0433\u043e\u0432\u043b\u0438 \u043b\u044e\u0434\u044c\u043c\u0438 (Russian)<\/strong><\/p>\n\n\n\n<ul class=\"wp-block-list\">\n<li><a href=\"https:\/\/help.unhcr.org\/france\/wp-content\/uploads\/sites\/87\/2023\/02\/Depliant-Adulte-Russe.pdf\" target=\"_blank\" rel=\"noreferrer noopener\">Adults leaflet (Russian) \u2013 \u0417\u0430\u0449\u0438\u0442\u0438\u0442\u0435 \u0441\u0435\u0431\u044f \u0438 \u0441\u0432\u043e\u044e \u0441\u0435\u043c\u044c\u044e \u043e\u0442 \u0443\u0433\u0440\u043e\u0437 \u044d\u043a\u0441\u043f\u043b\u0443\u0430\u0442\u0430\u0446\u0438\u0438 \u0438 \u0442\u043e\u0440\u0433\u043e\u0432\u043b\u0438 \u043b\u044e\u0434\u044c\u043c\u0438\u00a0<\/a><\/li>\n\n\n\n<li><a href=\"https:\/\/help.unhcr.org\/france\/wp-content\/uploads\/sites\/87\/2024\/10\/Depliant-enfants-RU.pdf\" target=\"_blank\" rel=\"noreferrer noopener\">Children leaflet (Russian) \u2013 \u0422\u0435\u0431\u0435 \u0435\u0449\u0435 \u043d\u0435\u0442 18, \u0438 \u0442\u044b \u0447\u0443\u0432\u0441\u0442\u0432\u0443\u0435\u0448\u044c, \u0447\u0442\u043e \u0442\u044b \u0432 \u043e\u043f\u0430\u0441\u043d\u043e\u0441\u0442\u0438?<\/a><\/li>\n<\/ul>\n<\/div>\n<\/div>\n","protected":false},"excerpt":{"rendered":"<p>Please find below prevention tools on human exploitation and trafficking, including useful tips and contacts, for asylum seekers and beneficiaries of international protection. These documents are available in several foreign languages. For access to all documents, posters and leaflets, in all languages, click here. Protect yourself and your family from exploitation and trafficking (Anglais) Prot\u00e9gez-vous [&hellip;]<\/p>\n","protected":false},"author":72,"featured_media":0,"parent":0,"menu_order":0,"comment_status":"closed","ping_status":"closed","template":"page-templates\/sectioned.php","meta":{"_acf_changed":false,"footnotes":""},"class_list":["post-297","page","type-page","status-publish","hentry"],"acf":[],"_links":{"self":[{"href":"https:\/\/help.unhcr.org\/france\/en\/wp-json\/wp\/v2\/pages\/297","targetHints":{"allow":["GET"]}}],"collection":[{"href":"https:\/\/help.unhcr.org\/france\/en\/wp-json\/wp\/v2\/pages"}],"about":[{"href":"https:\/\/help.unhcr.org\/france\/en\/wp-json\/wp\/v2\/types\/page"}],"author":[{"embeddable":true,"href":"https:\/\/help.unhcr.org\/france\/en\/wp-json\/wp\/v2\/users\/72"}],"replies":[{"embeddable":true,"href":"https:\/\/help.unhcr.org\/france\/en\/wp-json\/wp\/v2\/comments?post=297"}],"version-history":[{"count":25,"href":"https:\/\/help.unhcr.org\/france\/en\/wp-json\/wp\/v2\/pages\/297\/revisions"}],"predecessor-version":[{"id":1232,"href":"https:\/\/help.unhcr.org\/france\/en\/wp-json\/wp\/v2\/pages\/297\/revisions\/1232"}],"wp:attachment":[{"href":"https:\/\/help.unhcr.org\/france\/en\/wp-json\/wp\/v2\/media?parent=297"}],"curies":[{"name":"wp","href":"https:\/\/api.w.org\/{rel}","templated":true}]}}