{"id":951,"date":"2022-12-12T12:41:42","date_gmt":"2022-12-12T12:41:42","guid":{"rendered":"https:\/\/help.unhcr.org\/finland\/how-to-report-misconduct\/"},"modified":"2025-02-20T15:20:41","modified_gmt":"2025-02-20T15:20:41","slug":"how-to-report-misconduct","status":"publish","type":"page","link":"https:\/\/help.unhcr.org\/finland\/tr\/how-to-report-misconduct\/","title":{"rendered":"Doland\u0131r\u0131c\u0131l\u0131k ve suiistimal nas\u0131l bildirilir?"},"content":{"rendered":"\n<p class=\"has-text-align-center has-background\" style=\"background-color:#fdf799\"> <strong>L\u00fctfen unutmay\u0131n: T\u00fcm UNHCR hizmetleri ve faaliyetleri her zaman \u00fccretsizdir.<\/strong> Hi\u00e7bir durumda UNHCR veya ortaklar\u0131ndan herhangi biri taraf\u0131ndan sa\u011flanan hizmetlerin herhangi biri i\u00e7in \u00f6deme yapman\u0131z istenmeyecektir. L\u00fctfen hileli davran\u0131\u015flara kar\u015f\u0131 dikkatli olun ve size \u00f6deme yapman\u0131z halinde kay\u0131t, yeniden yerle\u015fim vb. konularda yard\u0131mc\u0131 olabileceklerini s\u00f6yleyen hi\u00e7 kimseye inanmay\u0131n. <\/p>\n","protected":false},"excerpt":{"rendered":"<p>L\u00fctfen unutmay\u0131n: T\u00fcm UNHCR hizmetleri ve faaliyetleri her zaman \u00fccretsizdir. Hi\u00e7bir durumda UNHCR veya ortaklar\u0131ndan herhangi biri taraf\u0131ndan sa\u011flanan hizmetlerin herhangi biri i\u00e7in \u00f6deme yapman\u0131z istenmeyecektir. L\u00fctfen hileli davran\u0131\u015flara kar\u015f\u0131 dikkatli olun ve size \u00f6deme yapman\u0131z halinde kay\u0131t, yeniden yerle\u015fim vb. konularda yard\u0131mc\u0131 olabileceklerini s\u00f6yleyen hi\u00e7 kimseye inanmay\u0131n.<\/p>\n","protected":false},"author":310,"featured_media":0,"parent":0,"menu_order":0,"comment_status":"closed","ping_status":"closed","template":"faq_page.php","meta":{"_acf_changed":false,"footnotes":""},"class_list":["post-951","page","type-page","status-publish","hentry"],"acf":[],"_links":{"self":[{"href":"https:\/\/help.unhcr.org\/finland\/tr\/wp-json\/wp\/v2\/pages\/951","targetHints":{"allow":["GET"]}}],"collection":[{"href":"https:\/\/help.unhcr.org\/finland\/tr\/wp-json\/wp\/v2\/pages"}],"about":[{"href":"https:\/\/help.unhcr.org\/finland\/tr\/wp-json\/wp\/v2\/types\/page"}],"author":[{"embeddable":true,"href":"https:\/\/help.unhcr.org\/finland\/tr\/wp-json\/wp\/v2\/users\/310"}],"replies":[{"embeddable":true,"href":"https:\/\/help.unhcr.org\/finland\/tr\/wp-json\/wp\/v2\/comments?post=951"}],"version-history":[{"count":3,"href":"https:\/\/help.unhcr.org\/finland\/tr\/wp-json\/wp\/v2\/pages\/951\/revisions"}],"predecessor-version":[{"id":1196,"href":"https:\/\/help.unhcr.org\/finland\/tr\/wp-json\/wp\/v2\/pages\/951\/revisions\/1196"}],"wp:attachment":[{"href":"https:\/\/help.unhcr.org\/finland\/tr\/wp-json\/wp\/v2\/media?parent=951"}],"curies":[{"name":"wp","href":"https:\/\/api.w.org\/{rel}","templated":true}]}}