{"id":948,"date":"2022-12-12T12:37:46","date_gmt":"2022-12-12T12:37:46","guid":{"rendered":"https:\/\/help.unhcr.org\/finland\/about-unhcr-in-finland\/"},"modified":"2025-02-13T13:33:38","modified_gmt":"2025-02-13T13:33:38","slug":"about-unhcr-in-finland","status":"publish","type":"page","link":"https:\/\/help.unhcr.org\/finland\/tr\/about-unhcr-in-finland\/","title":{"rendered":"Finlandiya&#8217;daki UNHCR Hakk\u0131nda"},"content":{"rendered":"\n<p class=\"has-text-align-center has-background\" style=\"background-color:#fdf799\"><strong>UNHCR ve ortaklar\u0131m\u0131z taraf\u0131ndan sa\u011flanan t\u00fcm bilgi ve hizmetler, ge\u00e7ici koruma<br>faydalan\u0131c\u0131lar\u0131, s\u0131\u011f\u0131nmac\u0131lar, m\u00fclteciler, ikincil koruma faydalan\u0131c\u0131lar\u0131 ve vatans\u0131z ki\u015filer i\u00e7in <span style=\"text-decoration: underline\">\u00dcCRETS\u0130ZD\u0130R.<\/span><\/strong><\/p>\n\n\n\n<p>BM M\u00fclteci \u00d6rg\u00fct\u00fc olan UNHCR, \u00e7at\u0131\u015fma ve zul\u00fcm nedeniyle evlerinden ka\u00e7mak zorunda kalan insanlar\u0131 koruyor. Hayat kurtar\u0131yoruz, haklar\u0131 koruyoruz ve daha iyi gelecekler in\u015fa etmeye yard\u0131mc\u0131 oluyoruz.<\/p>\n\n\n\n<p>Finlandiya&#8217;da UNHCR, ulusal makamlar\u0131n g\u00f6revlerini uluslararas\u0131 ve Avrupa standartlar\u0131 do\u011frultusunda yerine getirmesinde destek vermektedir. UNHCR, Finlandiya&#8217;daki s\u0131\u011f\u0131nma prosed\u00fcr\u00fcn\u00fcn bir par\u00e7as\u0131 de\u011fildir. Finlandiya&#8217;daki iltica prosed\u00fcr\u00fc Finlandiya G\u00f6\u00e7menlik Dairesinin sorumlulu\u011fundad\u0131r.<\/p>\n\n\n\n<p>Finlandiya&#8217;daki UNHCR, Stockholm (\u0130sve\u00e7) merkezli <a href=\"https:\/\/www.unhcr.org\/neu\/\">UNHCR &#8216;nin \u0130skandinav ve Balt\u0131k \u00dclkeleri Temsilcili\u011finin<\/a> bir par\u00e7as\u0131d\u0131r.<\/p>\n\n\n\n<h2 class=\"wp-block-heading\">Bize ula\u015f\u0131n<\/h2>\n\n\n\n<p>Arad\u0131\u011f\u0131n\u0131z bilgiyi bu &#8216;YARDIM&#8217; web sitesinde bulamad\u0131ysan\u0131z, l\u00fctfen bizimle telefon veya e-posta yoluyla ileti\u015fime ge\u00e7mekten \u00e7ekinmeyin:<\/p>\n\n\n\n<p>   Telefon: ? <strong>+46 10 10 12 800<\/strong> (Pazartesi \u2013 Cuma, 10.00-12.00 Stockholm saati)<\/p>\n\n\n\n<p>   E-posta: ? <a href=\"mailto:swestprotection@unhcr.org\">swestprotection@unhcr.org<\/a><\/p>\n\n\n\n<p class=\"has-text-align-center has-black-color has-text-color has-background\" style=\"background-color:#cce3f2\"><strong>\u0130ngilizce veya \u0130sve\u00e7\u00e7e bilmiyorsan\u0131z<\/strong><\/p>\n\n\n\n<p>Aramalar\u0131 yaln\u0131zca \u0130ngilizce veya \u0130sve\u00e7\u00e7e yan\u0131tlayabilsek de, <strong>tercih etti\u011finiz dilde<\/strong> bize durumunuzu a\u00e7\u0131klayan bir e-posta g\u00f6nderebilirsiniz, biz de size yan\u0131t veririz. Yan\u0131t\u0131m\u0131z \u00e7o\u011fu durumda \u0130ngilizce olacakt\u0131r, ancak anlamakta g\u00fc\u00e7l\u00fck \u00e7ekiyorsan\u0131z Google \u00c7eviri&#8217;yi kullanman\u0131z\u0131 veya yan\u0131t\u0131m\u0131z\u0131 a\u00e7\u0131klamam\u0131z\u0131 isteyen ba\u015fka bir e-posta g\u00f6ndermenizi \u00f6neririz.\u200b<\/p>\n","protected":false},"excerpt":{"rendered":"<p>UNHCR ve ortaklar\u0131m\u0131z taraf\u0131ndan sa\u011flanan t\u00fcm bilgi ve hizmetler, ge\u00e7ici korumafaydalan\u0131c\u0131lar\u0131, s\u0131\u011f\u0131nmac\u0131lar, m\u00fclteciler, ikincil koruma faydalan\u0131c\u0131lar\u0131 ve vatans\u0131z ki\u015filer i\u00e7in \u00dcCRETS\u0130ZD\u0130R. BM M\u00fclteci \u00d6rg\u00fct\u00fc olan UNHCR, \u00e7at\u0131\u015fma ve zul\u00fcm nedeniyle evlerinden ka\u00e7mak zorunda kalan insanlar\u0131 koruyor. Hayat kurtar\u0131yoruz, haklar\u0131 koruyoruz ve daha iyi gelecekler in\u015fa etmeye yard\u0131mc\u0131 oluyoruz. Finlandiya&#8217;da UNHCR, ulusal makamlar\u0131n g\u00f6revlerini uluslararas\u0131 ve [&hellip;]<\/p>\n","protected":false},"author":310,"featured_media":0,"parent":0,"menu_order":0,"comment_status":"closed","ping_status":"closed","template":"","meta":{"_acf_changed":false,"footnotes":""},"class_list":["post-948","page","type-page","status-publish","hentry"],"acf":[],"_links":{"self":[{"href":"https:\/\/help.unhcr.org\/finland\/tr\/wp-json\/wp\/v2\/pages\/948","targetHints":{"allow":["GET"]}}],"collection":[{"href":"https:\/\/help.unhcr.org\/finland\/tr\/wp-json\/wp\/v2\/pages"}],"about":[{"href":"https:\/\/help.unhcr.org\/finland\/tr\/wp-json\/wp\/v2\/types\/page"}],"author":[{"embeddable":true,"href":"https:\/\/help.unhcr.org\/finland\/tr\/wp-json\/wp\/v2\/users\/310"}],"replies":[{"embeddable":true,"href":"https:\/\/help.unhcr.org\/finland\/tr\/wp-json\/wp\/v2\/comments?post=948"}],"version-history":[{"count":2,"href":"https:\/\/help.unhcr.org\/finland\/tr\/wp-json\/wp\/v2\/pages\/948\/revisions"}],"predecessor-version":[{"id":1155,"href":"https:\/\/help.unhcr.org\/finland\/tr\/wp-json\/wp\/v2\/pages\/948\/revisions\/1155"}],"wp:attachment":[{"href":"https:\/\/help.unhcr.org\/finland\/tr\/wp-json\/wp\/v2\/media?parent=948"}],"curies":[{"name":"wp","href":"https:\/\/api.w.org\/{rel}","templated":true}]}}